{"id":966,"date":"2020-02-21T10:59:31","date_gmt":"2020-02-21T09:59:31","guid":{"rendered":"https:\/\/itabe.es\/?page_id=966"},"modified":"2025-08-14T08:55:58","modified_gmt":"2025-08-14T06:55:58","slug":"formacio-alimentaria","status":"publish","type":"page","link":"https:\/\/itabe.es\/ca\/serveis\/seguretat-alimentaria\/formacio-alimentaria\/","title":{"rendered":"Formaci\u00f3 aliment\u00e0ria"},"content":{"rendered":"<div class=\"wpb-content-wrapper\">[vc_row fullwidth=&#8221;true&#8221; fullwidth_content=&#8221;false&#8221;][vc_column][mk_fancy_title color=&#8221;#939393&#8243; size=&#8221;40&#8243; font_weight=&#8221;200&#8243; txt_transform=&#8221;uppercase&#8221; margin_bottom=&#8221;5&#8243; font_family=&#8221;none&#8221; align=&#8221;center&#8221;]FORMACI\u00d3 ALIMENT\u00c0RIA[\/mk_fancy_title][mk_divider style=&#8221;thin_solid&#8221; divider_width=&#8221;custom_width&#8221; custom_width=&#8221;86&#8243; thickness=&#8221;5&#8243; margin_top=&#8221;0&#8243;][vc_column_text css=&#8221;.vc_custom_1583147429232{margin-bottom: 0px !important;}&#8221;]Totes les empreses del sector alimentari han de garantir que els seus treballadors rebin una formaci\u00f3 apropiada en mat\u00e8ria de seguretat i higiene aliment\u00e0ria.[\/vc_column_text][\/vc_column][\/vc_row][vc_row fullwidth=&#8221;true&#8221; fullwidth_content=&#8221;false&#8221;][vc_column width=&#8221;1\/2&#8243;][vc_column_text css=&#8221;.vc_custom_1583147443760{margin-bottom: 0px !important;}&#8221;]\n<h2>FORMACI\u00d3 ALIMENT\u00c0RIA A BARCELONA<\/h2>\n[\/vc_column_text][vc_accordions container_bg_color=&#8221;#ffffff&#8221;][vc_accordion_tab icon=&#8221;mk-moon-spell-check&#8221; title=&#8221;Formaci\u00f3 en Seguretat Aliment\u00e0ria&#8221;][vc_column_text css=&#8221;.vc_custom_1583147474358{margin-bottom: 0px !important;}&#8221;]\n<h3>Formaci\u00f3n en Seguridad Alimentaria Barcelona<\/h3>\n<p>Formaci\u00f3 en Seguretat Aliment\u00e0ria Barcelona ITABE posa a la disposici\u00f3 dels nostres clients del sector alimentari una formaci\u00f3 bonificable i a mesura.<\/p>\n<p>Els cursos van destinats tant a detallistes, ind\u00fastria i secto HORECO, oferint una \u00e0mplia oferta formativa en seguretat aliment\u00e0ria, personalitzada i de qualitat.<\/p>\n<p>Disposem de formacions amb un temari ja tancat, per\u00f2 tamb\u00e9 realitzem cursos amb els continguts sol\u00b7licitats pels clients.[\/vc_column_text][\/vc_accordion_tab][vc_accordion_tab icon=&#8221;mk-icon-dollar&#8221; title=&#8221;Formaci\u00f3 Bonificada per a empreses&#8221;][vc_column_text css=&#8221;.vc_custom_1583398901990{margin-bottom: 0px !important;}&#8221;]\n<h3>Formaci\u00f3 Bonificada per a empreses<\/h3>\n<p>ITABE, com a Entitat autoritzada per a la Formaci\u00f3 Bonificada, imparteix cursos dins d&#8217;aquesta oferta.<\/p>\n<p>Si ho desitja podem encarregar \u2013nos de la gesti\u00f3 i tramitaci\u00f3 de tota la documentaci\u00f3 amb la <strong>(FUNDAE) perqu\u00e8 pugui beneficiar-se d&#8217;aquesta bonificaci<\/strong>\u00f3[\/vc_column_text][\/vc_accordion_tab][vc_accordion_tab icon=&#8221;mk-icon-comments&#8221; title=&#8221;Formacions disponibles&#8221;][vc_column_text css=&#8221;.vc_custom_1583147858892{margin-bottom: 0px !important;}&#8221;]\n<h3>Cursos D&#8217;Alimentaci\u00f3 A Barcelona<\/h3>\n[\/vc_column_text][mk_custom_list]\n<ul>\n<li>Control d&#8217;al\u00b7lerg\u00f2gens<\/li>\n<li>Manipulador d&#8217;aliments (Presencial i online: acc\u00e9s des del Campus Online)<\/li>\n<li>Bones pr\u00e0ctiques de producci\u00f3n<\/li>\n<li>Implementaci\u00f3 de APPCC<\/li>\n<li>T\u00e8cnica d&#8217;auditories aliment\u00e0ries<\/li>\n<li>Tallers per a la formaci\u00f3 de formadors<\/li>\n<li>Tallers per a l&#8217;aplicaci\u00f3 de sistemes de gesti\u00f3 alimentari (FSSC, 22000, IFS, BRC)<\/li>\n<li>Food Defense<\/li>\n<li><em>Listeria monocytogenes<\/em>, prevenci\u00f3 y control<\/li>\n<\/ul>\n[\/mk_custom_list][\/vc_accordion_tab][vc_accordion_tab icon=&#8221;mk-icon-qq&#8221; title=&#8221;Producci\u00f3 d&#8217;Aliments destinats a producci\u00f3 animal&#8221;][vc_column_text css=&#8221;.vc_custom_1583147984748{margin-bottom: 0px !important;}&#8221;]\n<h3>Producci\u00f3 D&#8217;Aliments Destinats A Producci\u00f3 Animal<\/h3>\n<p>Serveis de consultoria i\/o formaci\u00f3 segons la norma FAMI-QS per a empreses dedicades a l&#8217;elaboraci\u00f3 de pinsos.[\/vc_column_text][\/vc_accordion_tab][\/vc_accordions][\/vc_column][vc_column width=&#8221;1\/2&#8243;][vc_single_image image=&#8221;804&#8243; img_size=&#8221;full&#8221;][\/vc_column][\/vc_row][vc_row fullwidth=&#8221;true&#8221; fullwidth_content=&#8221;false&#8221;][vc_column][vc_empty_space][vc_separator border_width=&#8221;2&#8243;][\/vc_column][\/vc_row][vc_row][vc_column][vc_column_text]\n[\/vc_column_text][\/vc_column][\/vc_row][vc_row fullwidth=&#8221;true&#8221; fullwidth_content=&#8221;false&#8221; css=&#8221;.vc_custom_1561981108392{background-color: #990100 !important;}&#8221;][vc_column][mk_padding_divider size=&#8221;30&#8243;][vc_row_inner][vc_column_inner width=&#8221;2\/3&#8243;][mk_padding_divider size=&#8221;10&#8243;][mk_fancy_title tag_name=&#8221;h5&#8243; color=&#8221;#ffffff&#8221; size=&#8221;26&#8243; font_weight=&#8221;400&#8243; txt_transform=&#8221;none&#8221; font_family=&#8221;Open+Sans&#8221; font_type=&#8221;google&#8221; align=&#8221;center&#8221;]Necessites assessorament? Contacta amb nosaltres[\/mk_fancy_title][\/vc_column_inner][vc_column_inner width=&#8221;1\/3&#8243;][mk_button dimension=&#8221;flat&#8221; size=&#8221;large&#8221; url=&#8221;\/ca\/contacte\/&#8221; margin_right=&#8221;0&#8243; bg_color=&#8221;#ffffff&#8221; btn_hover_bg=&#8221;#ffffff&#8221; text_color=&#8221;dark&#8221; btn_hover_txt_color=&#8221;#0a0a0a&#8221;]CONTACTE[\/mk_button][\/vc_column_inner][\/vc_row_inner][\/vc_column][\/vc_row]\n<\/div>","protected":false},"excerpt":{"rendered":"<p>[vc_row fullwidth=&#8221;true&#8221; fullwidth_content=&#8221;false&#8221;][vc_column][mk_fancy_title color=&#8221;#939393&#8243; size=&#8221;40&#8243; font_weight=&#8221;200&#8243; txt_transform=&#8221;uppercase&#8221; margin_bottom=&#8221;5&#8243; font_family=&#8221;none&#8221; align=&#8221;center&#8221;]FORMACI\u00d3 ALIMENT\u00c0RIA[\/mk_fancy_title][mk_divider style=&#8221;thin_solid&#8221; divider_width=&#8221;custom_width&#8221; custom_width=&#8221;86&#8243; thickness=&#8221;5&#8243; margin_top=&#8221;0&#8243;][vc_column_text css=&#8221;.vc_custom_1583147429232{margin-bottom: 0px !important;}&#8221;]Totes les empreses del sector alimentari han de garantir que els seus treballadors rebin una formaci\u00f3 apropiada en mat\u00e8ria de seguretat i higiene aliment\u00e0ria.[\/vc_column_text][\/vc_column][\/vc_row][vc_row fullwidth=&#8221;true&#8221; fullwidth_content=&#8221;false&#8221;][vc_column width=&#8221;1\/2&#8243;][vc_column_text css=&#8221;.vc_custom_1583147443760{margin-bottom: 0px !important;}&#8221;] FORMACI\u00d3 ALIMENT\u00c0RIA A BARCELONA [\/vc_column_text][vc_accordions container_bg_color=&#8221;#ffffff&#8221;][vc_accordion_tab icon=&#8221;mk-moon-spell-check&#8221; [&hellip;]<\/p>\n","protected":false},"author":1,"featured_media":0,"parent":961,"menu_order":0,"comment_status":"closed","ping_status":"closed","template":"","meta":{"footnotes":""},"class_list":["post-966","page","type-page","status-publish","hentry"],"yoast_head":"<!-- This site is optimized with the Yoast SEO plugin v27.4 - https:\/\/yoast.com\/product\/yoast-seo-wordpress\/ -->\n<title>Formaci\u00f3 aliment\u00e0ria a barcelona - Itabe Laboratorio<\/title>\n<meta name=\"description\" content=\"Formaci\u00f3 Aliment\u00e0ria a Barcelona. Cursos: Al\u00b7lerg\u00f2gens, Manipulador d&#039;aliments, Bones pr\u00e0ctiques de producci\u00f3, Implementaci\u00f3 APPCC.\" \/>\n<meta name=\"robots\" content=\"index, follow, max-snippet:-1, max-image-preview:large, max-video-preview:-1\" \/>\n<link rel=\"canonical\" href=\"https:\/\/itabe.es\/ca\/serveis\/seguretat-alimentaria\/formacio-alimentaria\/\" \/>\n<meta property=\"og:locale\" content=\"ca_ES\" \/>\n<meta property=\"og:type\" content=\"article\" \/>\n<meta property=\"og:title\" content=\"Formaci\u00f3 aliment\u00e0ria a barcelona - Itabe Laboratorio\" \/>\n<meta property=\"og:description\" content=\"Formaci\u00f3 Aliment\u00e0ria a Barcelona. Cursos: Al\u00b7lerg\u00f2gens, Manipulador d&#039;aliments, Bones pr\u00e0ctiques de producci\u00f3, Implementaci\u00f3 APPCC.\" \/>\n<meta property=\"og:url\" content=\"https:\/\/itabe.es\/ca\/serveis\/seguretat-alimentaria\/formacio-alimentaria\/\" \/>\n<meta property=\"og:site_name\" content=\"Itabe Laboratorio\" \/>\n<meta property=\"article:modified_time\" content=\"2025-08-14T06:55:58+00:00\" \/>\n<meta name=\"twitter:card\" content=\"summary_large_image\" \/>\n<meta name=\"twitter:label1\" content=\"Temps estimat de lectura\" \/>\n\t<meta name=\"twitter:data1\" content=\"2 minuts\" \/>\n<script type=\"application\/ld+json\" class=\"yoast-schema-graph\">{\"@context\":\"https:\\\/\\\/schema.org\",\"@graph\":[{\"@type\":\"WebPage\",\"@id\":\"https:\\\/\\\/itabe.es\\\/ca\\\/serveis\\\/seguretat-alimentaria\\\/formacio-alimentaria\\\/\",\"url\":\"https:\\\/\\\/itabe.es\\\/ca\\\/serveis\\\/seguretat-alimentaria\\\/formacio-alimentaria\\\/\",\"name\":\"Formaci\u00f3 aliment\u00e0ria a barcelona - Itabe Laboratorio\",\"isPartOf\":{\"@id\":\"https:\\\/\\\/itabe.es\\\/#website\"},\"datePublished\":\"2020-02-21T09:59:31+00:00\",\"dateModified\":\"2025-08-14T06:55:58+00:00\",\"description\":\"Formaci\u00f3 Aliment\u00e0ria a Barcelona. Cursos: Al\u00b7lerg\u00f2gens, Manipulador d'aliments, Bones pr\u00e0ctiques de producci\u00f3, Implementaci\u00f3 APPCC.\",\"breadcrumb\":{\"@id\":\"https:\\\/\\\/itabe.es\\\/ca\\\/serveis\\\/seguretat-alimentaria\\\/formacio-alimentaria\\\/#breadcrumb\"},\"inLanguage\":\"ca\",\"potentialAction\":[{\"@type\":\"ReadAction\",\"target\":[\"https:\\\/\\\/itabe.es\\\/ca\\\/serveis\\\/seguretat-alimentaria\\\/formacio-alimentaria\\\/\"]}]},{\"@type\":\"BreadcrumbList\",\"@id\":\"https:\\\/\\\/itabe.es\\\/ca\\\/serveis\\\/seguretat-alimentaria\\\/formacio-alimentaria\\\/#breadcrumb\",\"itemListElement\":[{\"@type\":\"ListItem\",\"position\":1,\"name\":\"Portada\",\"item\":\"https:\\\/\\\/itabe.es\\\/ca\\\/\"},{\"@type\":\"ListItem\",\"position\":2,\"name\":\"Serveis\",\"item\":\"https:\\\/\\\/itabe.es\\\/ca\\\/serveis\\\/\"},{\"@type\":\"ListItem\",\"position\":3,\"name\":\"Seguretat Aliment\u00e0ria Integral\",\"item\":\"https:\\\/\\\/itabe.es\\\/ca\\\/serveis\\\/seguretat-alimentaria\\\/\"},{\"@type\":\"ListItem\",\"position\":4,\"name\":\"Formaci\u00f3 aliment\u00e0ria\"}]},{\"@type\":\"WebSite\",\"@id\":\"https:\\\/\\\/itabe.es\\\/#website\",\"url\":\"https:\\\/\\\/itabe.es\\\/\",\"name\":\"Itabe Laboratorio\",\"description\":\"Laboratorio ambiental, seguridad alimentaria\",\"potentialAction\":[{\"@type\":\"SearchAction\",\"target\":{\"@type\":\"EntryPoint\",\"urlTemplate\":\"https:\\\/\\\/itabe.es\\\/?s={search_term_string}\"},\"query-input\":{\"@type\":\"PropertyValueSpecification\",\"valueRequired\":true,\"valueName\":\"search_term_string\"}}],\"inLanguage\":\"ca\"}]}<\/script>\n<!-- \/ Yoast SEO plugin. -->","yoast_head_json":{"title":"Formaci\u00f3 aliment\u00e0ria a barcelona - Itabe Laboratorio","description":"Formaci\u00f3 Aliment\u00e0ria a Barcelona. Cursos: Al\u00b7lerg\u00f2gens, Manipulador d'aliments, Bones pr\u00e0ctiques de producci\u00f3, Implementaci\u00f3 APPCC.","robots":{"index":"index","follow":"follow","max-snippet":"max-snippet:-1","max-image-preview":"max-image-preview:large","max-video-preview":"max-video-preview:-1"},"canonical":"https:\/\/itabe.es\/ca\/serveis\/seguretat-alimentaria\/formacio-alimentaria\/","og_locale":"ca_ES","og_type":"article","og_title":"Formaci\u00f3 aliment\u00e0ria a barcelona - Itabe Laboratorio","og_description":"Formaci\u00f3 Aliment\u00e0ria a Barcelona. Cursos: Al\u00b7lerg\u00f2gens, Manipulador d'aliments, Bones pr\u00e0ctiques de producci\u00f3, Implementaci\u00f3 APPCC.","og_url":"https:\/\/itabe.es\/ca\/serveis\/seguretat-alimentaria\/formacio-alimentaria\/","og_site_name":"Itabe Laboratorio","article_modified_time":"2025-08-14T06:55:58+00:00","twitter_card":"summary_large_image","twitter_misc":{"Temps estimat de lectura":"2 minuts"},"schema":{"@context":"https:\/\/schema.org","@graph":[{"@type":"WebPage","@id":"https:\/\/itabe.es\/ca\/serveis\/seguretat-alimentaria\/formacio-alimentaria\/","url":"https:\/\/itabe.es\/ca\/serveis\/seguretat-alimentaria\/formacio-alimentaria\/","name":"Formaci\u00f3 aliment\u00e0ria a barcelona - Itabe Laboratorio","isPartOf":{"@id":"https:\/\/itabe.es\/#website"},"datePublished":"2020-02-21T09:59:31+00:00","dateModified":"2025-08-14T06:55:58+00:00","description":"Formaci\u00f3 Aliment\u00e0ria a Barcelona. Cursos: Al\u00b7lerg\u00f2gens, Manipulador d'aliments, Bones pr\u00e0ctiques de producci\u00f3, Implementaci\u00f3 APPCC.","breadcrumb":{"@id":"https:\/\/itabe.es\/ca\/serveis\/seguretat-alimentaria\/formacio-alimentaria\/#breadcrumb"},"inLanguage":"ca","potentialAction":[{"@type":"ReadAction","target":["https:\/\/itabe.es\/ca\/serveis\/seguretat-alimentaria\/formacio-alimentaria\/"]}]},{"@type":"BreadcrumbList","@id":"https:\/\/itabe.es\/ca\/serveis\/seguretat-alimentaria\/formacio-alimentaria\/#breadcrumb","itemListElement":[{"@type":"ListItem","position":1,"name":"Portada","item":"https:\/\/itabe.es\/ca\/"},{"@type":"ListItem","position":2,"name":"Serveis","item":"https:\/\/itabe.es\/ca\/serveis\/"},{"@type":"ListItem","position":3,"name":"Seguretat Aliment\u00e0ria Integral","item":"https:\/\/itabe.es\/ca\/serveis\/seguretat-alimentaria\/"},{"@type":"ListItem","position":4,"name":"Formaci\u00f3 aliment\u00e0ria"}]},{"@type":"WebSite","@id":"https:\/\/itabe.es\/#website","url":"https:\/\/itabe.es\/","name":"Itabe Laboratorio","description":"Laboratorio ambiental, seguridad alimentaria","potentialAction":[{"@type":"SearchAction","target":{"@type":"EntryPoint","urlTemplate":"https:\/\/itabe.es\/?s={search_term_string}"},"query-input":{"@type":"PropertyValueSpecification","valueRequired":true,"valueName":"search_term_string"}}],"inLanguage":"ca"}]}},"_links":{"self":[{"href":"https:\/\/itabe.es\/ca\/wp-json\/wp\/v2\/pages\/966","targetHints":{"allow":["GET"]}}],"collection":[{"href":"https:\/\/itabe.es\/ca\/wp-json\/wp\/v2\/pages"}],"about":[{"href":"https:\/\/itabe.es\/ca\/wp-json\/wp\/v2\/types\/page"}],"author":[{"embeddable":true,"href":"https:\/\/itabe.es\/ca\/wp-json\/wp\/v2\/users\/1"}],"replies":[{"embeddable":true,"href":"https:\/\/itabe.es\/ca\/wp-json\/wp\/v2\/comments?post=966"}],"version-history":[{"count":11,"href":"https:\/\/itabe.es\/ca\/wp-json\/wp\/v2\/pages\/966\/revisions"}],"predecessor-version":[{"id":1771,"href":"https:\/\/itabe.es\/ca\/wp-json\/wp\/v2\/pages\/966\/revisions\/1771"}],"up":[{"embeddable":true,"href":"https:\/\/itabe.es\/ca\/wp-json\/wp\/v2\/pages\/961"}],"wp:attachment":[{"href":"https:\/\/itabe.es\/ca\/wp-json\/wp\/v2\/media?parent=966"}],"curies":[{"name":"wp","href":"https:\/\/api.w.org\/{rel}","templated":true}]}}