{"id":964,"date":"2020-02-21T10:59:26","date_gmt":"2020-02-21T09:59:26","guid":{"rendered":"https:\/\/itabe.es\/?page_id=964"},"modified":"2025-08-28T11:23:47","modified_gmt":"2025-08-28T09:23:47","slug":"serveis","status":"publish","type":"page","link":"https:\/\/itabe.es\/ca\/serveis\/","title":{"rendered":"Serveis"},"content":{"rendered":"<div class=\"wpb-content-wrapper\">[vc_row][vc_column][mk_padding_divider size=&#8221;25&#8243;][\/vc_column][\/vc_row][vc_row css=&#8221;.vc_custom_1448461225155{padding-right: 0px !important;padding-left: 0px !important;}&#8221;][vc_column width=&#8221;1\/2&#8243;][mk_padding_divider size=&#8221;60&#8243; visibility=&#8221;visible-sm&#8221;][mk_image src=&#8221;https:\/\/itabe.es\/wp-content\/uploads\/2019\/08\/appcc-barcelona.jpg&#8221; image_size=&#8221;full&#8221; link=&#8221;https:\/\/itabe.es\/ca\/serveis\/seguretat-alimentaria\/&#8221; align=&#8221;center&#8221; crop=&#8221;false&#8221;][mk_fancy_title color=&#8221;#0b090a&#8221; size=&#8221;21&#8243; font_weight=&#8221;bold&#8221; margin_top=&#8221;13&#8243; margin_bottom=&#8221;0&#8243; font_family=&#8221;none&#8221;]Seguretat Aliment\u00e0ria. APPCC a Barcelona[\/mk_fancy_title][vc_column_text css=&#8221;.vc_custom_1756372891354{margin-bottom: 0px !important;}&#8221;]Consultoria especialitzada en l\u2019aplicaci\u00f3 del sistema APPCC a Barcelona.<\/p>\n<p>Desenvolupament de la documentaci\u00f3 que garanteixi la seva correcta implementaci\u00f3 i control higi\u00e8nic a les cuines.<\/p>\n<p>Assessoria i auditories de seguiment per a garantir la seguretat aliment\u00e0ria. Verificaci\u00f3 a trav\u00e9s d\u2019an\u00e0lisis d\u2019aliments i superf\u00edcies, al laboratori propi.[\/vc_column_text][mk_button dimension=&#8221;flat&#8221; size=&#8221;medium&#8221; url=&#8221;https:\/\/itabe.es\/ca\/serveis\/seguretat-alimentaria\/&#8221; align=&#8221;center&#8221; margin_bottom=&#8221;0&#8243; btn_hover_bg=&#8221;#0b090a&#8221; btn_hover_txt_color=&#8221;#ffffff&#8221;]SEGURETAT ALIMENT\u00c0RIA[\/mk_button][\/vc_column][vc_column width=&#8221;1\/2&#8243;][mk_padding_divider size=&#8221;60&#8243; visibility=&#8221;visible-sm&#8221;][mk_image src=&#8221;https:\/\/itabe.es\/wp-content\/uploads\/2019\/12\/laboratorio-de-agua-y-legionella-en-barcelona.jpg&#8221; image_size=&#8221;full&#8221; link=&#8221;https:\/\/itabe.es\/ca\/serveis\/laboratori-analisis-ambientals-a-barcelona\/&#8221; align=&#8221;center&#8221; crop=&#8221;false&#8221;][mk_fancy_title color=&#8221;#0b090a&#8221; size=&#8221;21&#8243; font_weight=&#8221;bold&#8221; margin_top=&#8221;13&#8243; margin_bottom=&#8221;0&#8243; font_family=&#8221;none&#8221;]Laboratori a Barcelona: Aigua, ambient i aliments[\/mk_fancy_title][vc_column_text css=&#8221;.vc_custom_1756372926282{margin-bottom: 0px !important;}&#8221;]Laboratori d\u2019an\u00e0lisi d\u2019aig\u00fces a Barcelona: aig\u00fces de consum, recreatives i Legionel\u00b7la.<\/p>\n<p>Laboratori d\u2019an\u00e0lisi d\u2019aliments i higiene en les pr\u00e0ctiques de manipuladors.<\/p>\n<p>An\u00e0lisi de par\u00e0sits en parcs i sorrals infantils.<\/p>\n<p>An\u00e0lisi de qualitat de l\u2019aire interior i d\u2019higiene de superf\u00edcies.[\/vc_column_text][mk_button dimension=&#8221;flat&#8221; size=&#8221;medium&#8221; url=&#8221;https:\/\/itabe.es\/ca\/serveis\/laboratori-analisis-ambientals-a-barcelona\/&#8221; align=&#8221;center&#8221; margin_bottom=&#8221;0&#8243; btn_hover_bg=&#8221;#0b090a&#8221; btn_hover_txt_color=&#8221;#ffffff&#8221;]LABORATORI[\/mk_button][\/vc_column][\/vc_row][vc_row css=&#8221;.vc_custom_1564656639973{padding-top: 30px !important;padding-right: 0px !important;padding-left: 0px !important;}&#8221;][vc_column width=&#8221;1\/2&#8243;][mk_padding_divider size=&#8221;60&#8243; visibility=&#8221;visible-sm&#8221;][mk_image src=&#8221;https:\/\/itabe.es\/wp-content\/uploads\/2019\/08\/estudio-tecnico-de-la-madera-barcelona.jpg&#8221; image_size=&#8221;full&#8221; link=&#8221;https:\/\/itabe.es\/ca\/serveis\/patologies-de-la-fusta\/&#8221; align=&#8221;center&#8221; crop=&#8221;false&#8221;][mk_fancy_title color=&#8221;#0b090a&#8221; size=&#8221;21&#8243; font_weight=&#8221;bold&#8221; margin_top=&#8221;13&#8243; margin_bottom=&#8221;0&#8243; font_family=&#8221;none&#8221;]Avaluaci\u00f3 de Patologies de la Fusta a Barcelona.[\/mk_fancy_title][vc_column_text css=&#8221;.vc_custom_1582283375928{margin-bottom: 0px !important;}&#8221;]Consultoria especialitzada en indentificar i avaluar la magnitud dels danys provocats per insectes\u00a0 i altres agents destructors de la fusta.<\/p>\n<p>An\u00e0lisi y estudis t\u00e8cnics amb els que determinar p\u00e8rdues de secci\u00f3 critiques, recomanacions de refor\u00e7, abast de la invasi\u00f3 de t\u00e8rmits i propostes de tractament.[\/vc_column_text][mk_button dimension=&#8221;flat&#8221; size=&#8221;medium&#8221; url=&#8221;https:\/\/itabe.es\/ca\/serveis\/patologies-de-la-fusta\/&#8221; align=&#8221;center&#8221; margin_bottom=&#8221;0&#8243; btn_hover_bg=&#8221;#0b090a&#8221; btn_hover_txt_color=&#8221;#ffffff&#8221;]PATOLOGIES DE LA FUSTA[\/mk_button][\/vc_column][vc_column width=&#8221;1\/2&#8243;][mk_padding_divider size=&#8221;60&#8243; visibility=&#8221;visible-sm&#8221;][mk_image src=&#8221;https:\/\/itabe.es\/wp-content\/uploads\/2019\/12\/iso-9001-en-barcelona.jpg&#8221; image_size=&#8221;full&#8221; link=&#8221;https:\/\/itabe.es\/ca\/serveis\/consultoria-de-qualitat-a-barcelona\/&#8221; align=&#8221;center&#8221; crop=&#8221;false&#8221;][mk_fancy_title color=&#8221;#0b090a&#8221; size=&#8221;21&#8243; font_weight=&#8221;bold&#8221; margin_top=&#8221;13&#8243; margin_bottom=&#8221;0&#8243; font_family=&#8221;none&#8221;]Estudis de qualitat de l&#8217;aire interior[\/mk_fancy_title][vc_column_text css=&#8221;.vc_custom_1756372994200{margin-bottom: 0px !important;}&#8221;]Servei d\u2019avaluaci\u00f3 i an\u00e0lisi de la qualitat de l\u2019aire interior en espais tancats. Monitoritzaci\u00f3 de par\u00e0metres ambientals i contaminaci\u00f3 microbiol\u00f2gica per garantir ambients saludables.<\/p>\n<p>Inspecci\u00f3 i control higi\u00e8nic de sistemes de climatitzaci\u00f3 i ventilaci\u00f3, amb la finalitat de prevenir riscos per a la salut derivats de la contaminaci\u00f3 de l\u2019aire interior.[\/vc_column_text][mk_button dimension=&#8221;flat&#8221; size=&#8221;medium&#8221; url=&#8221;#&#8221; align=&#8221;center&#8221; margin_bottom=&#8221;0&#8243; btn_hover_bg=&#8221;#0b090a&#8221; btn_hover_txt_color=&#8221;#ffffff&#8221;]QUALITAT DE L&#8217;AIRE[\/mk_button][\/vc_column][\/vc_row][vc_row disable_element=&#8221;yes&#8221; css=&#8221;.vc_custom_1665738146691{padding-top: 30px !important;padding-right: 0px !important;padding-left: 0px !important;}&#8221;][vc_column width=&#8221;1\/4&#8243;][\/vc_column][vc_column width=&#8221;2\/4&#8243;][mk_padding_divider size=&#8221;60&#8243; visibility=&#8221;visible-sm&#8221;][mk_image src=&#8221;https:\/\/itabe.es\/wp-content\/uploads\/2020\/05\/laboratorio-coronavirus-barcelona.jpg&#8221; image_size=&#8221;full&#8221; link=&#8221;https:\/\/itabe.es\/ca\/serveis\/pla-dactuacio-contra-covid-19-a-barcelona\/&#8221; align=&#8221;center&#8221; crop=&#8221;false&#8221;][mk_fancy_title color=&#8221;#0b090a&#8221; size=&#8221;21&#8243; font_weight=&#8221;bold&#8221; margin_top=&#8221;13&#8243; margin_bottom=&#8221;0&#8243; font_family=&#8221;none&#8221;]Laboratori Pla d\u2019actuaci\u00f3 COVID-19[\/mk_fancy_title][vc_column_text css=&#8221;.vc_custom_1591000968679{margin-bottom: 0px !important;}&#8221;]Servei d&#8217;assessoria per a implementar el pla d&#8217;actuaci\u00f3 contra COVID-19. Realitzacions de plans de neteja i desinfecci\u00f3 espec\u00edfics. An\u00e0lisi de riscos segons les instal\u00b7lacions. Protocols adaptats.[\/vc_column_text][mk_button dimension=&#8221;flat&#8221; size=&#8221;medium&#8221; url=&#8221;https:\/\/itabe.es\/ca\/serveis\/pla-dactuacio-contra-covid-19-a-barcelona\/&#8221; align=&#8221;center&#8221; margin_bottom=&#8221;0&#8243; btn_hover_bg=&#8221;#0b090a&#8221; btn_hover_txt_color=&#8221;#ffffff&#8221;]COVID-19[\/mk_button][\/vc_column][vc_column width=&#8221;1\/4&#8243;][\/vc_column][\/vc_row]\n<\/div>","protected":false},"excerpt":{"rendered":"<p>[vc_row][vc_column][mk_padding_divider size=&#8221;25&#8243;][\/vc_column][\/vc_row][vc_row css=&#8221;.vc_custom_1448461225155{padding-right: 0px !important;padding-left: 0px !important;}&#8221;][vc_column width=&#8221;1\/2&#8243;][mk_padding_divider size=&#8221;60&#8243; visibility=&#8221;visible-sm&#8221;][mk_image src=&#8221;https:\/\/itabe.es\/wp-content\/uploads\/2019\/08\/appcc-barcelona.jpg&#8221; image_size=&#8221;full&#8221; link=&#8221;https:\/\/itabe.es\/ca\/serveis\/seguretat-alimentaria\/&#8221; align=&#8221;center&#8221; crop=&#8221;false&#8221;][mk_fancy_title color=&#8221;#0b090a&#8221; size=&#8221;21&#8243; font_weight=&#8221;bold&#8221; margin_top=&#8221;13&#8243; margin_bottom=&#8221;0&#8243; font_family=&#8221;none&#8221;]Seguretat Aliment\u00e0ria. APPCC a Barcelona[\/mk_fancy_title][vc_column_text css=&#8221;.vc_custom_1756372891354{margin-bottom: 0px !important;}&#8221;]Consultoria especialitzada en l\u2019aplicaci\u00f3 del sistema APPCC a Barcelona. Desenvolupament de la documentaci\u00f3 que garanteixi la seva correcta implementaci\u00f3 i control higi\u00e8nic a les cuines. Assessoria i auditories [&hellip;]<\/p>\n","protected":false},"author":1,"featured_media":0,"parent":0,"menu_order":0,"comment_status":"closed","ping_status":"closed","template":"","meta":{"footnotes":""},"class_list":["post-964","page","type-page","status-publish","hentry"],"yoast_head":"<!-- This site is optimized with the Yoast SEO plugin v27.4 - https:\/\/yoast.com\/product\/yoast-seo-wordpress\/ -->\n<title>Laboratorio de salud Ambiental y Alimentaria Barcelona<\/title>\n<meta name=\"description\" content=\"Laboratori de Salut Ambiental Barcelona i Seguretat Aliment\u00e0ria. Aigua, ambient i aliments. APPCC, Patologies de la Fusta Barcelona. ISO 9001\u2026\" \/>\n<meta name=\"robots\" content=\"index, follow, max-snippet:-1, max-image-preview:large, max-video-preview:-1\" \/>\n<link rel=\"canonical\" href=\"https:\/\/itabe.es\/ca\/serveis\/\" \/>\n<meta property=\"og:locale\" content=\"ca_ES\" \/>\n<meta property=\"og:type\" content=\"article\" \/>\n<meta property=\"og:title\" content=\"Laboratorio de salud Ambiental y Alimentaria Barcelona\" \/>\n<meta property=\"og:description\" content=\"Laboratori de Salut Ambiental Barcelona i Seguretat Aliment\u00e0ria. Aigua, ambient i aliments. APPCC, Patologies de la Fusta Barcelona. ISO 9001\u2026\" \/>\n<meta property=\"og:url\" content=\"https:\/\/itabe.es\/ca\/serveis\/\" \/>\n<meta property=\"og:site_name\" content=\"Itabe Laboratorio\" \/>\n<meta property=\"article:modified_time\" content=\"2025-08-28T09:23:47+00:00\" \/>\n<meta name=\"twitter:card\" content=\"summary_large_image\" \/>\n<meta name=\"twitter:label1\" content=\"Temps estimat de lectura\" \/>\n\t<meta name=\"twitter:data1\" content=\"2 minuts\" \/>\n<script type=\"application\/ld+json\" class=\"yoast-schema-graph\">{\"@context\":\"https:\\\/\\\/schema.org\",\"@graph\":[{\"@type\":\"WebPage\",\"@id\":\"https:\\\/\\\/itabe.es\\\/ca\\\/serveis\\\/\",\"url\":\"https:\\\/\\\/itabe.es\\\/ca\\\/serveis\\\/\",\"name\":\"Laboratorio de salud Ambiental y Alimentaria Barcelona\",\"isPartOf\":{\"@id\":\"https:\\\/\\\/itabe.es\\\/#website\"},\"datePublished\":\"2020-02-21T09:59:26+00:00\",\"dateModified\":\"2025-08-28T09:23:47+00:00\",\"description\":\"Laboratori de Salut Ambiental Barcelona i Seguretat Aliment\u00e0ria. Aigua, ambient i aliments. APPCC, Patologies de la Fusta Barcelona. ISO 9001\u2026\",\"breadcrumb\":{\"@id\":\"https:\\\/\\\/itabe.es\\\/ca\\\/serveis\\\/#breadcrumb\"},\"inLanguage\":\"ca\",\"potentialAction\":[{\"@type\":\"ReadAction\",\"target\":[\"https:\\\/\\\/itabe.es\\\/ca\\\/serveis\\\/\"]}]},{\"@type\":\"BreadcrumbList\",\"@id\":\"https:\\\/\\\/itabe.es\\\/ca\\\/serveis\\\/#breadcrumb\",\"itemListElement\":[{\"@type\":\"ListItem\",\"position\":1,\"name\":\"Portada\",\"item\":\"https:\\\/\\\/itabe.es\\\/ca\\\/\"},{\"@type\":\"ListItem\",\"position\":2,\"name\":\"Serveis\"}]},{\"@type\":\"WebSite\",\"@id\":\"https:\\\/\\\/itabe.es\\\/#website\",\"url\":\"https:\\\/\\\/itabe.es\\\/\",\"name\":\"Itabe Laboratorio\",\"description\":\"Laboratorio ambiental, seguridad alimentaria\",\"potentialAction\":[{\"@type\":\"SearchAction\",\"target\":{\"@type\":\"EntryPoint\",\"urlTemplate\":\"https:\\\/\\\/itabe.es\\\/?s={search_term_string}\"},\"query-input\":{\"@type\":\"PropertyValueSpecification\",\"valueRequired\":true,\"valueName\":\"search_term_string\"}}],\"inLanguage\":\"ca\"}]}<\/script>\n<!-- \/ Yoast SEO plugin. -->","yoast_head_json":{"title":"Laboratorio de salud Ambiental y Alimentaria Barcelona","description":"Laboratori de Salut Ambiental Barcelona i Seguretat Aliment\u00e0ria. Aigua, ambient i aliments. APPCC, Patologies de la Fusta Barcelona. ISO 9001\u2026","robots":{"index":"index","follow":"follow","max-snippet":"max-snippet:-1","max-image-preview":"max-image-preview:large","max-video-preview":"max-video-preview:-1"},"canonical":"https:\/\/itabe.es\/ca\/serveis\/","og_locale":"ca_ES","og_type":"article","og_title":"Laboratorio de salud Ambiental y Alimentaria Barcelona","og_description":"Laboratori de Salut Ambiental Barcelona i Seguretat Aliment\u00e0ria. Aigua, ambient i aliments. APPCC, Patologies de la Fusta Barcelona. ISO 9001\u2026","og_url":"https:\/\/itabe.es\/ca\/serveis\/","og_site_name":"Itabe Laboratorio","article_modified_time":"2025-08-28T09:23:47+00:00","twitter_card":"summary_large_image","twitter_misc":{"Temps estimat de lectura":"2 minuts"},"schema":{"@context":"https:\/\/schema.org","@graph":[{"@type":"WebPage","@id":"https:\/\/itabe.es\/ca\/serveis\/","url":"https:\/\/itabe.es\/ca\/serveis\/","name":"Laboratorio de salud Ambiental y Alimentaria Barcelona","isPartOf":{"@id":"https:\/\/itabe.es\/#website"},"datePublished":"2020-02-21T09:59:26+00:00","dateModified":"2025-08-28T09:23:47+00:00","description":"Laboratori de Salut Ambiental Barcelona i Seguretat Aliment\u00e0ria. Aigua, ambient i aliments. APPCC, Patologies de la Fusta Barcelona. ISO 9001\u2026","breadcrumb":{"@id":"https:\/\/itabe.es\/ca\/serveis\/#breadcrumb"},"inLanguage":"ca","potentialAction":[{"@type":"ReadAction","target":["https:\/\/itabe.es\/ca\/serveis\/"]}]},{"@type":"BreadcrumbList","@id":"https:\/\/itabe.es\/ca\/serveis\/#breadcrumb","itemListElement":[{"@type":"ListItem","position":1,"name":"Portada","item":"https:\/\/itabe.es\/ca\/"},{"@type":"ListItem","position":2,"name":"Serveis"}]},{"@type":"WebSite","@id":"https:\/\/itabe.es\/#website","url":"https:\/\/itabe.es\/","name":"Itabe Laboratorio","description":"Laboratorio ambiental, seguridad alimentaria","potentialAction":[{"@type":"SearchAction","target":{"@type":"EntryPoint","urlTemplate":"https:\/\/itabe.es\/?s={search_term_string}"},"query-input":{"@type":"PropertyValueSpecification","valueRequired":true,"valueName":"search_term_string"}}],"inLanguage":"ca"}]}},"_links":{"self":[{"href":"https:\/\/itabe.es\/ca\/wp-json\/wp\/v2\/pages\/964","targetHints":{"allow":["GET"]}}],"collection":[{"href":"https:\/\/itabe.es\/ca\/wp-json\/wp\/v2\/pages"}],"about":[{"href":"https:\/\/itabe.es\/ca\/wp-json\/wp\/v2\/types\/page"}],"author":[{"embeddable":true,"href":"https:\/\/itabe.es\/ca\/wp-json\/wp\/v2\/users\/1"}],"replies":[{"embeddable":true,"href":"https:\/\/itabe.es\/ca\/wp-json\/wp\/v2\/comments?post=964"}],"version-history":[{"count":11,"href":"https:\/\/itabe.es\/ca\/wp-json\/wp\/v2\/pages\/964\/revisions"}],"predecessor-version":[{"id":1828,"href":"https:\/\/itabe.es\/ca\/wp-json\/wp\/v2\/pages\/964\/revisions\/1828"}],"wp:attachment":[{"href":"https:\/\/itabe.es\/ca\/wp-json\/wp\/v2\/media?parent=964"}],"curies":[{"name":"wp","href":"https:\/\/api.w.org\/{rel}","templated":true}]}}