{"id":963,"date":"2020-02-21T10:59:48","date_gmt":"2020-02-21T09:59:48","guid":{"rendered":"https:\/\/itabe.es\/?page_id=963"},"modified":"2025-08-14T08:49:56","modified_gmt":"2025-08-14T06:49:56","slug":"consultoria-alimentaria-a-barcelona","status":"publish","type":"page","link":"https:\/\/itabe.es\/ca\/serveis\/seguretat-alimentaria\/consultoria-alimentaria-a-barcelona\/","title":{"rendered":"Consultoria aliment\u00e0ria a Barcelona"},"content":{"rendered":"<div class=\"wpb-content-wrapper\">[vc_row fullwidth=&#8221;true&#8221; fullwidth_content=&#8221;false&#8221;][vc_column][mk_fancy_title color=&#8221;#939393&#8243; size=&#8221;40&#8243; font_weight=&#8221;200&#8243; txt_transform=&#8221;uppercase&#8221; margin_bottom=&#8221;5&#8243; font_family=&#8221;none&#8221; align=&#8221;center&#8221;]Consultor\u00eda aliment\u00e0ria y APPCC[\/mk_fancy_title][mk_divider style=&#8221;thin_solid&#8221; divider_width=&#8221;custom_width&#8221; custom_width=&#8221;86&#8243; thickness=&#8221;5&#8243; margin_top=&#8221;0&#8243;][vc_column_text css=&#8221;.vc_custom_1583145672064{margin-bottom: 0px !important;}&#8221;]Disseny i elaboraci\u00f3 dels plans APPCC. Assessorament en la implentaci\u00f3 de l\u2019autocontrol en Seguretat Aliment\u00e0ria. Acompanyament t\u00e8cnic per als responsables de Qualitat. Auditories de verificaci\u00f3 i informes enfocats cap a la millora cont\u00ednua.[\/vc_column_text][\/vc_column][\/vc_row][vc_row fullwidth=&#8221;true&#8221; fullwidth_content=&#8221;false&#8221;][vc_column width=&#8221;1\/2&#8243;][vc_column_text css=&#8221;.vc_custom_1583145681263{margin-bottom: 0px !important;}&#8221;]\n<h2>APPCC a Barcelona:<\/h2>\n[\/vc_column_text][vc_accordions container_bg_color=&#8221;#ffffff&#8221;][vc_accordion_tab icon=&#8221;mk-moon-food&#8221; title=&#8221;Assessoria APPCC&#8221;][vc_column_text css=&#8221;.vc_custom_1583145715160{margin-bottom: 0px !important;}&#8221;]\n<h3>Assessoria APPCC Barcelona<\/h3>\n<p>Disseny i elaboraci\u00f3 de Plans APPCC. Assessorament en la implantaci\u00f3 de l\u2019AUTOCONTROL alimentari. ACOMPANYAMENT t\u00e8cnic Responsables d\u2019Alimentaci\u00f3.[\/vc_column_text][\/vc_accordion_tab][vc_accordion_tab icon=&#8221;mk-moon-people&#8221; title=&#8221;Tracte personalitzat&#8221;][vc_column_text css=&#8221;.vc_custom_1583146404988{margin-bottom: 0px !important;}&#8221;]\n<h3>APPCC Personalitzat<\/h3>\n<p>El tracte personalitzat i la implicaci\u00f3 en tots els nostres Projectes garantitzen que la implementaci\u00f3 de l\u2019Autocontrol resulti tot un \u00e8xit.<\/p>\n<p>L\u2019adaptaci\u00f3 del seu contingut al llenguatge de l\u2019interlocutor, de manera senzilla per\u00f2 a la vegada rigurosa, resulta en un acompliment pr\u00e0ctic i preventiu de la tasca de l&#8217;Autocontrol.[\/vc_column_text][\/vc_accordion_tab][vc_accordion_tab icon=&#8221;mk-moon-food&#8221; title=&#8221;\u00c0rea de treball&#8221;][vc_column_text css=&#8221;.vc_custom_1583146466333{margin-bottom: 0px !important;}&#8221;]\n<h3>APPCC a hosteler\u00eda<\/h3>\n[\/vc_column_text][mk_custom_list]\n<ul>\n<li>Cuines centrals<\/li>\n<li>Obradors<\/li>\n<li>Hosteleria<\/li>\n<li>Catering<\/li>\n<\/ul>\n[\/mk_custom_list][\/vc_accordion_tab][vc_accordion_tab icon=&#8221;mk-moon-food&#8221; title=&#8221;Registre Sanitari d\u2019Aliments&#8221;][vc_column_text css=&#8221;.vc_custom_1583146550110{margin-bottom: 0px !important;}&#8221;]\n<h3>Registre Sanitari d\u2019Aliments<\/h3>\n<p>Des d\u00b4Itabe li ajudem en la gesti\u00f3 de la tramitaci\u00f3 per obtenir el Registre Sanitari d\u2019aliments (RSIPAC).<\/p>\n<p>Els nostres Serveis estan enfocats a assessorar des del principi a les empreses del sector alimentari que necessiten inscriure\u2019s al RSIPAC, proporcionant:<\/p>\n<ul>\n<li>L\u2019elaboraci\u00f3 a mesura de la documentaci\u00f3 exigida per Sanitat.<\/li>\n<li>Assessorament personalitzat en el cumpliment de la normativa i els tr\u00e0mits aministratius<\/li>\n<li>Assist\u00e8ncia a les inspeccions de Sanitat<\/li>\n<\/ul>\n[\/vc_column_text][\/vc_accordion_tab][\/vc_accordions][\/vc_column][vc_column width=&#8221;1\/2&#8243;][vc_single_image image=&#8221;791&#8243; img_size=&#8221;full&#8221;][\/vc_column][\/vc_row][vc_row fullwidth=&#8221;true&#8221; fullwidth_content=&#8221;false&#8221;][vc_column][vc_empty_space][vc_separator border_width=&#8221;2&#8243;][\/vc_column][\/vc_row][vc_row][vc_column][vc_column_text]\n[\/vc_column_text][\/vc_column][\/vc_row][vc_row fullwidth=&#8221;true&#8221; fullwidth_content=&#8221;false&#8221; css=&#8221;.vc_custom_1561981108392{background-color: #990100 !important;}&#8221;][vc_column][mk_padding_divider size=&#8221;30&#8243;][vc_row_inner][vc_column_inner width=&#8221;2\/3&#8243;][mk_padding_divider size=&#8221;10&#8243;][mk_fancy_title tag_name=&#8221;h5&#8243; color=&#8221;#ffffff&#8221; size=&#8221;26&#8243; font_weight=&#8221;400&#8243; txt_transform=&#8221;none&#8221; font_family=&#8221;Open+Sans&#8221; font_type=&#8221;google&#8221; align=&#8221;center&#8221;]Necessites assessorament? Contacta amb nosaltres[\/mk_fancy_title][\/vc_column_inner][vc_column_inner width=&#8221;1\/3&#8243;][mk_button dimension=&#8221;flat&#8221; size=&#8221;large&#8221; url=&#8221;\/ca\/contacte\/&#8221; margin_right=&#8221;0&#8243; bg_color=&#8221;#ffffff&#8221; btn_hover_bg=&#8221;#ffffff&#8221; text_color=&#8221;dark&#8221; btn_hover_txt_color=&#8221;#0a0a0a&#8221;]CONTACTE[\/mk_button][\/vc_column_inner][\/vc_row_inner][\/vc_column][\/vc_row]\n<\/div>","protected":false},"excerpt":{"rendered":"<p>[vc_row fullwidth=&#8221;true&#8221; fullwidth_content=&#8221;false&#8221;][vc_column][mk_fancy_title color=&#8221;#939393&#8243; size=&#8221;40&#8243; font_weight=&#8221;200&#8243; txt_transform=&#8221;uppercase&#8221; margin_bottom=&#8221;5&#8243; font_family=&#8221;none&#8221; align=&#8221;center&#8221;]Consultor\u00eda aliment\u00e0ria y APPCC[\/mk_fancy_title][mk_divider style=&#8221;thin_solid&#8221; divider_width=&#8221;custom_width&#8221; custom_width=&#8221;86&#8243; thickness=&#8221;5&#8243; margin_top=&#8221;0&#8243;][vc_column_text css=&#8221;.vc_custom_1583145672064{margin-bottom: 0px !important;}&#8221;]Disseny i elaboraci\u00f3 dels plans APPCC. Assessorament en la implentaci\u00f3 de l\u2019autocontrol en Seguretat Aliment\u00e0ria. Acompanyament t\u00e8cnic per als responsables de Qualitat. Auditories de verificaci\u00f3 i informes enfocats cap a la millora cont\u00ednua.[\/vc_column_text][\/vc_column][\/vc_row][vc_row fullwidth=&#8221;true&#8221; fullwidth_content=&#8221;false&#8221;][vc_column [&hellip;]<\/p>\n","protected":false},"author":1,"featured_media":0,"parent":961,"menu_order":0,"comment_status":"closed","ping_status":"closed","template":"","meta":{"footnotes":""},"class_list":["post-963","page","type-page","status-publish","hentry"],"yoast_head":"<!-- This site is optimized with the Yoast SEO plugin v27.4 - https:\/\/yoast.com\/product\/yoast-seo-wordpress\/ -->\n<title>Consultoria aliment\u00e0ria a Barcelona - Itabe Laboratorio<\/title>\n<meta name=\"description\" content=\"Consultoria aliment\u00e0ria a Barcelona: APPCC a Barcelona, Resgistre Sanitari d\u2019Aliments. Li ajudem en la gesti\u00f3 de la tramitaci\u00f3 del RSIPAC.\" \/>\n<meta name=\"robots\" content=\"index, follow, max-snippet:-1, max-image-preview:large, max-video-preview:-1\" \/>\n<link rel=\"canonical\" href=\"https:\/\/itabe.es\/ca\/serveis\/seguretat-alimentaria\/consultoria-alimentaria-a-barcelona\/\" \/>\n<meta property=\"og:locale\" content=\"ca_ES\" \/>\n<meta property=\"og:type\" content=\"article\" \/>\n<meta property=\"og:title\" content=\"Consultoria aliment\u00e0ria a Barcelona - Itabe Laboratorio\" \/>\n<meta property=\"og:description\" content=\"Consultoria aliment\u00e0ria a Barcelona: APPCC a Barcelona, Resgistre Sanitari d\u2019Aliments. Li ajudem en la gesti\u00f3 de la tramitaci\u00f3 del RSIPAC.\" \/>\n<meta property=\"og:url\" content=\"https:\/\/itabe.es\/ca\/serveis\/seguretat-alimentaria\/consultoria-alimentaria-a-barcelona\/\" \/>\n<meta property=\"og:site_name\" content=\"Itabe Laboratorio\" \/>\n<meta property=\"article:modified_time\" content=\"2025-08-14T06:49:56+00:00\" \/>\n<meta name=\"twitter:card\" content=\"summary_large_image\" \/>\n<meta name=\"twitter:label1\" content=\"Temps estimat de lectura\" \/>\n\t<meta name=\"twitter:data1\" content=\"2 minuts\" \/>\n<script type=\"application\/ld+json\" class=\"yoast-schema-graph\">{\"@context\":\"https:\\\/\\\/schema.org\",\"@graph\":[{\"@type\":\"WebPage\",\"@id\":\"https:\\\/\\\/itabe.es\\\/ca\\\/serveis\\\/seguretat-alimentaria\\\/consultoria-alimentaria-a-barcelona\\\/\",\"url\":\"https:\\\/\\\/itabe.es\\\/ca\\\/serveis\\\/seguretat-alimentaria\\\/consultoria-alimentaria-a-barcelona\\\/\",\"name\":\"Consultoria aliment\u00e0ria a Barcelona - Itabe Laboratorio\",\"isPartOf\":{\"@id\":\"https:\\\/\\\/itabe.es\\\/#website\"},\"datePublished\":\"2020-02-21T09:59:48+00:00\",\"dateModified\":\"2025-08-14T06:49:56+00:00\",\"description\":\"Consultoria aliment\u00e0ria a Barcelona: APPCC a Barcelona, Resgistre Sanitari d\u2019Aliments. Li ajudem en la gesti\u00f3 de la tramitaci\u00f3 del RSIPAC.\",\"breadcrumb\":{\"@id\":\"https:\\\/\\\/itabe.es\\\/ca\\\/serveis\\\/seguretat-alimentaria\\\/consultoria-alimentaria-a-barcelona\\\/#breadcrumb\"},\"inLanguage\":\"ca\",\"potentialAction\":[{\"@type\":\"ReadAction\",\"target\":[\"https:\\\/\\\/itabe.es\\\/ca\\\/serveis\\\/seguretat-alimentaria\\\/consultoria-alimentaria-a-barcelona\\\/\"]}]},{\"@type\":\"BreadcrumbList\",\"@id\":\"https:\\\/\\\/itabe.es\\\/ca\\\/serveis\\\/seguretat-alimentaria\\\/consultoria-alimentaria-a-barcelona\\\/#breadcrumb\",\"itemListElement\":[{\"@type\":\"ListItem\",\"position\":1,\"name\":\"Portada\",\"item\":\"https:\\\/\\\/itabe.es\\\/ca\\\/\"},{\"@type\":\"ListItem\",\"position\":2,\"name\":\"Serveis\",\"item\":\"https:\\\/\\\/itabe.es\\\/ca\\\/serveis\\\/\"},{\"@type\":\"ListItem\",\"position\":3,\"name\":\"Seguretat Aliment\u00e0ria Integral\",\"item\":\"https:\\\/\\\/itabe.es\\\/ca\\\/serveis\\\/seguretat-alimentaria\\\/\"},{\"@type\":\"ListItem\",\"position\":4,\"name\":\"Consultoria aliment\u00e0ria a Barcelona\"}]},{\"@type\":\"WebSite\",\"@id\":\"https:\\\/\\\/itabe.es\\\/#website\",\"url\":\"https:\\\/\\\/itabe.es\\\/\",\"name\":\"Itabe Laboratorio\",\"description\":\"Laboratorio ambiental, seguridad alimentaria\",\"potentialAction\":[{\"@type\":\"SearchAction\",\"target\":{\"@type\":\"EntryPoint\",\"urlTemplate\":\"https:\\\/\\\/itabe.es\\\/?s={search_term_string}\"},\"query-input\":{\"@type\":\"PropertyValueSpecification\",\"valueRequired\":true,\"valueName\":\"search_term_string\"}}],\"inLanguage\":\"ca\"}]}<\/script>\n<!-- \/ Yoast SEO plugin. -->","yoast_head_json":{"title":"Consultoria aliment\u00e0ria a Barcelona - Itabe Laboratorio","description":"Consultoria aliment\u00e0ria a Barcelona: APPCC a Barcelona, Resgistre Sanitari d\u2019Aliments. Li ajudem en la gesti\u00f3 de la tramitaci\u00f3 del RSIPAC.","robots":{"index":"index","follow":"follow","max-snippet":"max-snippet:-1","max-image-preview":"max-image-preview:large","max-video-preview":"max-video-preview:-1"},"canonical":"https:\/\/itabe.es\/ca\/serveis\/seguretat-alimentaria\/consultoria-alimentaria-a-barcelona\/","og_locale":"ca_ES","og_type":"article","og_title":"Consultoria aliment\u00e0ria a Barcelona - Itabe Laboratorio","og_description":"Consultoria aliment\u00e0ria a Barcelona: APPCC a Barcelona, Resgistre Sanitari d\u2019Aliments. Li ajudem en la gesti\u00f3 de la tramitaci\u00f3 del RSIPAC.","og_url":"https:\/\/itabe.es\/ca\/serveis\/seguretat-alimentaria\/consultoria-alimentaria-a-barcelona\/","og_site_name":"Itabe Laboratorio","article_modified_time":"2025-08-14T06:49:56+00:00","twitter_card":"summary_large_image","twitter_misc":{"Temps estimat de lectura":"2 minuts"},"schema":{"@context":"https:\/\/schema.org","@graph":[{"@type":"WebPage","@id":"https:\/\/itabe.es\/ca\/serveis\/seguretat-alimentaria\/consultoria-alimentaria-a-barcelona\/","url":"https:\/\/itabe.es\/ca\/serveis\/seguretat-alimentaria\/consultoria-alimentaria-a-barcelona\/","name":"Consultoria aliment\u00e0ria a Barcelona - Itabe Laboratorio","isPartOf":{"@id":"https:\/\/itabe.es\/#website"},"datePublished":"2020-02-21T09:59:48+00:00","dateModified":"2025-08-14T06:49:56+00:00","description":"Consultoria aliment\u00e0ria a Barcelona: APPCC a Barcelona, Resgistre Sanitari d\u2019Aliments. Li ajudem en la gesti\u00f3 de la tramitaci\u00f3 del RSIPAC.","breadcrumb":{"@id":"https:\/\/itabe.es\/ca\/serveis\/seguretat-alimentaria\/consultoria-alimentaria-a-barcelona\/#breadcrumb"},"inLanguage":"ca","potentialAction":[{"@type":"ReadAction","target":["https:\/\/itabe.es\/ca\/serveis\/seguretat-alimentaria\/consultoria-alimentaria-a-barcelona\/"]}]},{"@type":"BreadcrumbList","@id":"https:\/\/itabe.es\/ca\/serveis\/seguretat-alimentaria\/consultoria-alimentaria-a-barcelona\/#breadcrumb","itemListElement":[{"@type":"ListItem","position":1,"name":"Portada","item":"https:\/\/itabe.es\/ca\/"},{"@type":"ListItem","position":2,"name":"Serveis","item":"https:\/\/itabe.es\/ca\/serveis\/"},{"@type":"ListItem","position":3,"name":"Seguretat Aliment\u00e0ria Integral","item":"https:\/\/itabe.es\/ca\/serveis\/seguretat-alimentaria\/"},{"@type":"ListItem","position":4,"name":"Consultoria aliment\u00e0ria a Barcelona"}]},{"@type":"WebSite","@id":"https:\/\/itabe.es\/#website","url":"https:\/\/itabe.es\/","name":"Itabe Laboratorio","description":"Laboratorio ambiental, seguridad alimentaria","potentialAction":[{"@type":"SearchAction","target":{"@type":"EntryPoint","urlTemplate":"https:\/\/itabe.es\/?s={search_term_string}"},"query-input":{"@type":"PropertyValueSpecification","valueRequired":true,"valueName":"search_term_string"}}],"inLanguage":"ca"}]}},"_links":{"self":[{"href":"https:\/\/itabe.es\/ca\/wp-json\/wp\/v2\/pages\/963","targetHints":{"allow":["GET"]}}],"collection":[{"href":"https:\/\/itabe.es\/ca\/wp-json\/wp\/v2\/pages"}],"about":[{"href":"https:\/\/itabe.es\/ca\/wp-json\/wp\/v2\/types\/page"}],"author":[{"embeddable":true,"href":"https:\/\/itabe.es\/ca\/wp-json\/wp\/v2\/users\/1"}],"replies":[{"embeddable":true,"href":"https:\/\/itabe.es\/ca\/wp-json\/wp\/v2\/comments?post=963"}],"version-history":[{"count":6,"href":"https:\/\/itabe.es\/ca\/wp-json\/wp\/v2\/pages\/963\/revisions"}],"predecessor-version":[{"id":1767,"href":"https:\/\/itabe.es\/ca\/wp-json\/wp\/v2\/pages\/963\/revisions\/1767"}],"up":[{"embeddable":true,"href":"https:\/\/itabe.es\/ca\/wp-json\/wp\/v2\/pages\/961"}],"wp:attachment":[{"href":"https:\/\/itabe.es\/ca\/wp-json\/wp\/v2\/media?parent=963"}],"curies":[{"name":"wp","href":"https:\/\/api.w.org\/{rel}","templated":true}]}}