{"id":962,"date":"2020-02-21T10:59:45","date_gmt":"2020-02-21T09:59:45","guid":{"rendered":"https:\/\/itabe.es\/?page_id=962"},"modified":"2025-08-14T08:51:25","modified_gmt":"2025-08-14T06:51:25","slug":"analisis-aliments-a-barcelona","status":"publish","type":"page","link":"https:\/\/itabe.es\/ca\/serveis\/seguretat-alimentaria\/analisis-aliments-a-barcelona\/","title":{"rendered":"An\u00e0lisis d\u2019aliments a Barcelona"},"content":{"rendered":"<div class=\"wpb-content-wrapper\">[vc_row fullwidth=&#8221;true&#8221; fullwidth_content=&#8221;false&#8221;][vc_column][mk_fancy_title color=&#8221;#939393&#8243; size=&#8221;40&#8243; font_weight=&#8221;200&#8243; txt_transform=&#8221;uppercase&#8221; margin_bottom=&#8221;5&#8243; font_family=&#8221;none&#8221; align=&#8221;center&#8221;]An\u00e0lisis d\u2019aliments i estudis de vida \u00fatil[\/mk_fancy_title][mk_divider style=&#8221;thin_solid&#8221; divider_width=&#8221;custom_width&#8221; custom_width=&#8221;86&#8243; thickness=&#8221;5&#8243; margin_top=&#8221;0&#8243;][vc_column_text css=&#8221;.vc_custom_1583146757904{margin-bottom: 0px !important;}&#8221;]La vida \u00fatil d\u2019un aliment es defineix con el periode de temps durant el qual roman segur i apte per ser consumit, sota unes condicions de conservaci\u00f3 i emmagatzematge determinades. Durant aquest periode, l\u2019aliment ha de mantener les seves caracter\u00edstiques organol\u00e8ptiques (no pot deteriorar-se de cap manera que el consumidor trobi inaceptable), ha de romandre segur per al seu consum (no pot resultar perjudicial pero un creixement inadequat de microorganismes pat\u00f2gens o productors de toxines durant el seu emmagatzematge) y no ha de perdre les seves caracter\u00edstiques funcinals (el seu nivel de nutrients no ha de decr\u00e8ixer per sota del nivel esperat o indicat a l\u2019etiqueta).<\/p>\n<p><a href=\"https:\/\/www.itabe.es\/analisis-vida-util-alimentos.html\">\u00a0<\/a>[\/vc_column_text][\/vc_column][\/vc_row][vc_row fullwidth=&#8221;true&#8221; fullwidth_content=&#8221;false&#8221;][vc_column width=&#8221;1\/2&#8243;][vc_column_text css=&#8221;.vc_custom_1583146783442{margin-bottom: 0px !important;}&#8221;]\n<h2>An\u00e0lisis d\u2019aliments i estudis de vida \u00fatil a Barcelona:<\/h2>\n[\/vc_column_text][vc_accordions container_bg_color=&#8221;#ffffff&#8221;][vc_accordion_tab icon=&#8221;mk-li-food&#8221; title=&#8221;An\u00e0lisis d\u2019Aliments&#8221;][vc_column_text css=&#8221;.vc_custom_1583146826581{margin-bottom: 0px !important;}&#8221;]\n<div class=\"post-desc\">\n<h3>An\u00e0lisis d\u2019Aliments a Barcelona<\/h3>\n<p>S\u00f3n diversos els factors que influeixen en la <strong>vida \u00fatil dels aliments,<\/strong> uns de car\u00e0cter intr\u00ednsec, \u00e9s a dir, inherents al propi aliment, com poden ser la Qualitat inicial de la materia prima i la seva c\u00e0rrega microbiana, si es tracta d\u2019un aliment fresc o processat i si en la seva formulaci\u00f3 s\u2019afegiran conservants, i els altres s\u00f3n de car\u00e0cter extr\u00ednsec, com el tipus de processat (calor, altes pressions, etc\u2026), la clase d\u2019env\u00e0s, les condicions de transport, emmagatzematge i de conservaci\u00f3 per part del consumidor.<\/p>\n<\/div>\n[\/vc_column_text][\/vc_accordion_tab][vc_accordion_tab icon=&#8221;mk-moon-heart-3&#8243; title=&#8221;Objectiu dels an\u00e1lisis d\u2019aliments&#8221;][vc_column_text css=&#8221;.vc_custom_1583146900027{margin-bottom: 0px !important;}&#8221;]\n<div class=\"post-desc\">\n<h2>Estudis de Vida \u00datil d\u2019Aliments a Barcelona<\/h2>\n<p>Els <em>Estudis de vida \u00fatil<\/em> es realitzen amb l\u2019objectiu d\u2019establir aquest periode de temps que garantitza que el producte ser\u00e1 segur per al consumidor i mantindr\u00e0 un nivel de qualitat adequat a tots els nivells (sensorial, qu\u00edmic, microbiol\u00f2gic i funcional).<\/p>\n<\/div>\n[\/vc_column_text][\/vc_accordion_tab][vc_accordion_tab icon=&#8221;mk-icon-male&#8221; title=&#8221;Estudi Personalitzat&#8221;][vc_column_text css=&#8221;.vc_custom_1583146983569{margin-bottom: 0px !important;}&#8221;]\n<div class=\"post-desc\">\n<h3>Estudis Personalitzats<\/h3>\n<p>Aques tipus d\u2019estudis han de ser personalitzats, \u00e9s a dir, s\u2019ha d\u2019avaluar el tipus de producte que es vol analitzar, identificar pr\u00e8viament quins poden ser els factors cr\u00edtics\u00a0 que facin escur\u00e7ar la vida \u00fatil, definir els par\u00e0metres clau que s\u2019han d\u2019avaluar i com s\u2019avaluaran, establir les condicions d\u2019emmagatzematge durant l\u2019estudi, aix\u00ed com la freq\u00fc\u00e8ncia de les an\u00e0lisis i els valors l\u00edmits per a considerar finalitzat l\u2019estudi.<\/p>\n<\/div>\n[\/vc_column_text][\/vc_accordion_tab][vc_accordion_tab icon=&#8221;mk-icon-bookmark&#8221; title=&#8221;Normatives&#8221;][vc_column_text css=&#8221;.vc_custom_1583147019050{margin-bottom: 0px !important;}&#8221;]\n<div class=\"post-desc\">\n<h3>Normativa Aliment\u00e0ria Barcelona<\/h3>\n<p>El Reglament 1169\/2011 sobre la informaci\u00f3n aliment\u00e0ria facilitada al consumidor estableix al cap\u00edtol IV la llista d&#8217;esments obligatoris en l\u2019etiquetatge dels aliments, en la qual s&#8217;inclou la data de durada m\u00ednima o data de caducitat. D&#8217;aquesta manera, la realitzaci\u00f3 d&#8217;estudis de vida \u00fatil es converteix en un requisit indispensable per a poder comercialitzar aliments complint amb al legislaci\u00f3 d\u2019etiquetatge vigent.<\/p>\n<\/div>\n[\/vc_column_text][\/vc_accordion_tab][\/vc_accordions][\/vc_column][vc_column width=&#8221;1\/2&#8243;][vc_single_image image=&#8221;801&#8243; img_size=&#8221;full&#8221;][\/vc_column][\/vc_row][vc_row fullwidth=&#8221;true&#8221; fullwidth_content=&#8221;false&#8221;][vc_column][vc_empty_space][vc_separator border_width=&#8221;2&#8243;][\/vc_column][\/vc_row][vc_row][vc_column][vc_column_text]\n[\/vc_column_text][\/vc_column][\/vc_row][vc_row fullwidth=&#8221;true&#8221; fullwidth_content=&#8221;false&#8221; css=&#8221;.vc_custom_1561981108392{background-color: #990100 !important;}&#8221;][vc_column][mk_padding_divider size=&#8221;30&#8243;][vc_row_inner][vc_column_inner width=&#8221;2\/3&#8243;][mk_padding_divider size=&#8221;10&#8243;][mk_fancy_title tag_name=&#8221;h5&#8243; color=&#8221;#ffffff&#8221; size=&#8221;26&#8243; font_weight=&#8221;400&#8243; txt_transform=&#8221;none&#8221; font_family=&#8221;Open+Sans&#8221; font_type=&#8221;google&#8221; align=&#8221;center&#8221;]Necessites assessorament? Contacta amb nosaltres[\/mk_fancy_title][\/vc_column_inner][vc_column_inner width=&#8221;1\/3&#8243;][mk_button dimension=&#8221;flat&#8221; size=&#8221;large&#8221; url=&#8221;\/ca\/contacte\/&#8221; margin_right=&#8221;0&#8243; bg_color=&#8221;#ffffff&#8221; btn_hover_bg=&#8221;#ffffff&#8221; text_color=&#8221;dark&#8221; btn_hover_txt_color=&#8221;#0a0a0a&#8221;]CONTACTE[\/mk_button][\/vc_column_inner][\/vc_row_inner][\/vc_column][\/vc_row]\n<\/div>","protected":false},"excerpt":{"rendered":"<p>[vc_row fullwidth=&#8221;true&#8221; fullwidth_content=&#8221;false&#8221;][vc_column][mk_fancy_title color=&#8221;#939393&#8243; size=&#8221;40&#8243; font_weight=&#8221;200&#8243; txt_transform=&#8221;uppercase&#8221; margin_bottom=&#8221;5&#8243; font_family=&#8221;none&#8221; align=&#8221;center&#8221;]An\u00e0lisis d\u2019aliments i estudis de vida \u00fatil[\/mk_fancy_title][mk_divider style=&#8221;thin_solid&#8221; divider_width=&#8221;custom_width&#8221; custom_width=&#8221;86&#8243; thickness=&#8221;5&#8243; margin_top=&#8221;0&#8243;][vc_column_text css=&#8221;.vc_custom_1583146757904{margin-bottom: 0px !important;}&#8221;]La vida \u00fatil d\u2019un aliment es defineix con el periode de temps durant el qual roman segur i apte per ser consumit, sota unes condicions de conservaci\u00f3 i emmagatzematge determinades. Durant aquest [&hellip;]<\/p>\n","protected":false},"author":1,"featured_media":0,"parent":961,"menu_order":0,"comment_status":"closed","ping_status":"closed","template":"","meta":{"footnotes":""},"class_list":["post-962","page","type-page","status-publish","hentry"],"yoast_head":"<!-- This site is optimized with the Yoast SEO plugin v27.4 - https:\/\/yoast.com\/product\/yoast-seo-wordpress\/ -->\n<title>An\u00e0lisis d\u2019aliments a Barcelona - Itabe Laboratorio<\/title>\n<meta name=\"description\" content=\"An\u00e0lisis d\u2019aliments a Barcelona. Estudis de vida \u00fatil d\u2019aliments (Analitzar el temps que garanteix que un producte \u00e9s segur).Reglament 1169\/2011\" \/>\n<meta name=\"robots\" content=\"index, follow, max-snippet:-1, max-image-preview:large, max-video-preview:-1\" \/>\n<link rel=\"canonical\" href=\"https:\/\/itabe.es\/ca\/serveis\/seguretat-alimentaria\/analisis-aliments-a-barcelona\/\" \/>\n<meta property=\"og:locale\" content=\"ca_ES\" \/>\n<meta property=\"og:type\" content=\"article\" \/>\n<meta property=\"og:title\" content=\"An\u00e0lisis d\u2019aliments a Barcelona - Itabe Laboratorio\" \/>\n<meta property=\"og:description\" content=\"An\u00e0lisis d\u2019aliments a Barcelona. Estudis de vida \u00fatil d\u2019aliments (Analitzar el temps que garanteix que un producte \u00e9s segur).Reglament 1169\/2011\" \/>\n<meta property=\"og:url\" content=\"https:\/\/itabe.es\/ca\/serveis\/seguretat-alimentaria\/analisis-aliments-a-barcelona\/\" \/>\n<meta property=\"og:site_name\" content=\"Itabe Laboratorio\" \/>\n<meta property=\"article:modified_time\" content=\"2025-08-14T06:51:25+00:00\" \/>\n<meta name=\"twitter:card\" content=\"summary_large_image\" \/>\n<meta name=\"twitter:label1\" content=\"Temps estimat de lectura\" \/>\n\t<meta name=\"twitter:data1\" content=\"3 minuts\" \/>\n<script type=\"application\/ld+json\" class=\"yoast-schema-graph\">{\"@context\":\"https:\\\/\\\/schema.org\",\"@graph\":[{\"@type\":\"WebPage\",\"@id\":\"https:\\\/\\\/itabe.es\\\/ca\\\/serveis\\\/seguretat-alimentaria\\\/analisis-aliments-a-barcelona\\\/\",\"url\":\"https:\\\/\\\/itabe.es\\\/ca\\\/serveis\\\/seguretat-alimentaria\\\/analisis-aliments-a-barcelona\\\/\",\"name\":\"An\u00e0lisis d\u2019aliments a Barcelona - Itabe Laboratorio\",\"isPartOf\":{\"@id\":\"https:\\\/\\\/itabe.es\\\/#website\"},\"datePublished\":\"2020-02-21T09:59:45+00:00\",\"dateModified\":\"2025-08-14T06:51:25+00:00\",\"description\":\"An\u00e0lisis d\u2019aliments a Barcelona. Estudis de vida \u00fatil d\u2019aliments (Analitzar el temps que garanteix que un producte \u00e9s segur).Reglament 1169\\\/2011\",\"breadcrumb\":{\"@id\":\"https:\\\/\\\/itabe.es\\\/ca\\\/serveis\\\/seguretat-alimentaria\\\/analisis-aliments-a-barcelona\\\/#breadcrumb\"},\"inLanguage\":\"ca\",\"potentialAction\":[{\"@type\":\"ReadAction\",\"target\":[\"https:\\\/\\\/itabe.es\\\/ca\\\/serveis\\\/seguretat-alimentaria\\\/analisis-aliments-a-barcelona\\\/\"]}]},{\"@type\":\"BreadcrumbList\",\"@id\":\"https:\\\/\\\/itabe.es\\\/ca\\\/serveis\\\/seguretat-alimentaria\\\/analisis-aliments-a-barcelona\\\/#breadcrumb\",\"itemListElement\":[{\"@type\":\"ListItem\",\"position\":1,\"name\":\"Portada\",\"item\":\"https:\\\/\\\/itabe.es\\\/ca\\\/\"},{\"@type\":\"ListItem\",\"position\":2,\"name\":\"Serveis\",\"item\":\"https:\\\/\\\/itabe.es\\\/ca\\\/serveis\\\/\"},{\"@type\":\"ListItem\",\"position\":3,\"name\":\"Seguretat Aliment\u00e0ria Integral\",\"item\":\"https:\\\/\\\/itabe.es\\\/ca\\\/serveis\\\/seguretat-alimentaria\\\/\"},{\"@type\":\"ListItem\",\"position\":4,\"name\":\"An\u00e0lisis d\u2019aliments a Barcelona\"}]},{\"@type\":\"WebSite\",\"@id\":\"https:\\\/\\\/itabe.es\\\/#website\",\"url\":\"https:\\\/\\\/itabe.es\\\/\",\"name\":\"Itabe Laboratorio\",\"description\":\"Laboratorio ambiental, seguridad alimentaria\",\"potentialAction\":[{\"@type\":\"SearchAction\",\"target\":{\"@type\":\"EntryPoint\",\"urlTemplate\":\"https:\\\/\\\/itabe.es\\\/?s={search_term_string}\"},\"query-input\":{\"@type\":\"PropertyValueSpecification\",\"valueRequired\":true,\"valueName\":\"search_term_string\"}}],\"inLanguage\":\"ca\"}]}<\/script>\n<!-- \/ Yoast SEO plugin. -->","yoast_head_json":{"title":"An\u00e0lisis d\u2019aliments a Barcelona - Itabe Laboratorio","description":"An\u00e0lisis d\u2019aliments a Barcelona. Estudis de vida \u00fatil d\u2019aliments (Analitzar el temps que garanteix que un producte \u00e9s segur).Reglament 1169\/2011","robots":{"index":"index","follow":"follow","max-snippet":"max-snippet:-1","max-image-preview":"max-image-preview:large","max-video-preview":"max-video-preview:-1"},"canonical":"https:\/\/itabe.es\/ca\/serveis\/seguretat-alimentaria\/analisis-aliments-a-barcelona\/","og_locale":"ca_ES","og_type":"article","og_title":"An\u00e0lisis d\u2019aliments a Barcelona - Itabe Laboratorio","og_description":"An\u00e0lisis d\u2019aliments a Barcelona. Estudis de vida \u00fatil d\u2019aliments (Analitzar el temps que garanteix que un producte \u00e9s segur).Reglament 1169\/2011","og_url":"https:\/\/itabe.es\/ca\/serveis\/seguretat-alimentaria\/analisis-aliments-a-barcelona\/","og_site_name":"Itabe Laboratorio","article_modified_time":"2025-08-14T06:51:25+00:00","twitter_card":"summary_large_image","twitter_misc":{"Temps estimat de lectura":"3 minuts"},"schema":{"@context":"https:\/\/schema.org","@graph":[{"@type":"WebPage","@id":"https:\/\/itabe.es\/ca\/serveis\/seguretat-alimentaria\/analisis-aliments-a-barcelona\/","url":"https:\/\/itabe.es\/ca\/serveis\/seguretat-alimentaria\/analisis-aliments-a-barcelona\/","name":"An\u00e0lisis d\u2019aliments a Barcelona - Itabe Laboratorio","isPartOf":{"@id":"https:\/\/itabe.es\/#website"},"datePublished":"2020-02-21T09:59:45+00:00","dateModified":"2025-08-14T06:51:25+00:00","description":"An\u00e0lisis d\u2019aliments a Barcelona. Estudis de vida \u00fatil d\u2019aliments (Analitzar el temps que garanteix que un producte \u00e9s segur).Reglament 1169\/2011","breadcrumb":{"@id":"https:\/\/itabe.es\/ca\/serveis\/seguretat-alimentaria\/analisis-aliments-a-barcelona\/#breadcrumb"},"inLanguage":"ca","potentialAction":[{"@type":"ReadAction","target":["https:\/\/itabe.es\/ca\/serveis\/seguretat-alimentaria\/analisis-aliments-a-barcelona\/"]}]},{"@type":"BreadcrumbList","@id":"https:\/\/itabe.es\/ca\/serveis\/seguretat-alimentaria\/analisis-aliments-a-barcelona\/#breadcrumb","itemListElement":[{"@type":"ListItem","position":1,"name":"Portada","item":"https:\/\/itabe.es\/ca\/"},{"@type":"ListItem","position":2,"name":"Serveis","item":"https:\/\/itabe.es\/ca\/serveis\/"},{"@type":"ListItem","position":3,"name":"Seguretat Aliment\u00e0ria Integral","item":"https:\/\/itabe.es\/ca\/serveis\/seguretat-alimentaria\/"},{"@type":"ListItem","position":4,"name":"An\u00e0lisis d\u2019aliments a Barcelona"}]},{"@type":"WebSite","@id":"https:\/\/itabe.es\/#website","url":"https:\/\/itabe.es\/","name":"Itabe Laboratorio","description":"Laboratorio ambiental, seguridad alimentaria","potentialAction":[{"@type":"SearchAction","target":{"@type":"EntryPoint","urlTemplate":"https:\/\/itabe.es\/?s={search_term_string}"},"query-input":{"@type":"PropertyValueSpecification","valueRequired":true,"valueName":"search_term_string"}}],"inLanguage":"ca"}]}},"_links":{"self":[{"href":"https:\/\/itabe.es\/ca\/wp-json\/wp\/v2\/pages\/962","targetHints":{"allow":["GET"]}}],"collection":[{"href":"https:\/\/itabe.es\/ca\/wp-json\/wp\/v2\/pages"}],"about":[{"href":"https:\/\/itabe.es\/ca\/wp-json\/wp\/v2\/types\/page"}],"author":[{"embeddable":true,"href":"https:\/\/itabe.es\/ca\/wp-json\/wp\/v2\/users\/1"}],"replies":[{"embeddable":true,"href":"https:\/\/itabe.es\/ca\/wp-json\/wp\/v2\/comments?post=962"}],"version-history":[{"count":6,"href":"https:\/\/itabe.es\/ca\/wp-json\/wp\/v2\/pages\/962\/revisions"}],"predecessor-version":[{"id":1769,"href":"https:\/\/itabe.es\/ca\/wp-json\/wp\/v2\/pages\/962\/revisions\/1769"}],"up":[{"embeddable":true,"href":"https:\/\/itabe.es\/ca\/wp-json\/wp\/v2\/pages\/961"}],"wp:attachment":[{"href":"https:\/\/itabe.es\/ca\/wp-json\/wp\/v2\/media?parent=962"}],"curies":[{"name":"wp","href":"https:\/\/api.w.org\/{rel}","templated":true}]}}