{"id":961,"date":"2020-02-21T10:59:41","date_gmt":"2020-02-21T09:59:41","guid":{"rendered":"https:\/\/itabe.es\/?page_id=961"},"modified":"2025-09-12T10:41:40","modified_gmt":"2025-09-12T08:41:40","slug":"seguretat-alimentaria","status":"publish","type":"page","link":"https:\/\/itabe.es\/ca\/serveis\/seguretat-alimentaria\/","title":{"rendered":"Seguretat Aliment\u00e0ria Integral"},"content":{"rendered":"<div class=\"wpb-content-wrapper\">[vc_row fullwidth=&#8221;true&#8221; fullwidth_content=&#8221;false&#8221;][vc_column][mk_fancy_title color=&#8221;#939393&#8243; size=&#8221;40&#8243; font_weight=&#8221;200&#8243; txt_transform=&#8221;uppercase&#8221; margin_bottom=&#8221;5&#8243; font_family=&#8221;none&#8221; align=&#8221;center&#8221;]Seguretat Aliment\u00e0ria integral A Barcelona[\/mk_fancy_title][mk_divider style=&#8221;thin_solid&#8221; divider_width=&#8221;custom_width&#8221; custom_width=&#8221;86&#8243; thickness=&#8221;5&#8243; margin_top=&#8221;0&#8243;][vc_column_text css=&#8221;.vc_custom_1757666071248{margin-bottom: 0px !important;}&#8221;]En el marc del Reglament (CE) n\u00fam. 852\/2004 sobre la higiene dels productes alimentaris, ajudem les empreses del sector alimentari a dissenyar, implementar i mantenir sistemes efectius de gesti\u00f3 de la seguretat aliment\u00e0ria basats en els principis de l\u2019APPCC (An\u00e0lisi de Perills i Punts de Control Cr\u00edtics).[\/vc_column_text][\/vc_column][\/vc_row][vc_row fullwidth=&#8221;true&#8221; fullwidth_content=&#8221;false&#8221;][vc_column width=&#8221;1\/2&#8243;][vc_column_text css=&#8221;.vc_custom_1757665566768{margin-bottom: 0px !important;}&#8221;]\n<h2>Seguretat Aliment\u00e0ria integral:<\/h2>\n[\/vc_column_text][vc_accordions container_bg_color=&#8221;#ffffff&#8221;][vc_accordion_tab icon=&#8221;mk-icon-list&#8221; title=&#8221;Inspeccions de Sanitat&#8221;][vc_column_text css=&#8221;.vc_custom_1757666088327{margin-bottom: 0px !important;}&#8221;]\n<h3>Inspeccions de Sanitat a Barcelona<\/h3>\n<p>Des del nostre laboratori i consultoria, acompanyem les empreses del sector alimentari des de l\u2019inici, adaptant-nos a les demandes d\u2019un mercat cada cop m\u00e9s rigor\u00f3s. El nostre objectiu \u00e9s garantir que els clients estiguin completament preparats per superar amb \u00e8xit les inspeccions sanit\u00e0ries i complir els requisits dels sistemes de qualitat certificables.[\/vc_column_text][\/vc_accordion_tab][vc_accordion_tab icon=&#8221;mk-icon-check-square-o&#8221; title=&#8221;Prerequisits i Sistemes d\u2019Autocontrol&#8221;][vc_column_text css=&#8221;.vc_custom_1757666163264{margin-bottom: 0px !important;}&#8221;]\n<h3>Prerequisits i Sistemes d\u2019Autocontrol a Barcelona<\/h3>\n<p>El compliment dels prerequisits \u00e9s essencial per al bon funcionament del sistema de seguretat aliment\u00e0ria. Ajudem a crear i mantenir plans documentats que garanteixin el control de:<\/p>\n<ul>\n<li data-start=\"917\" data-end=\"947\">\n<p data-start=\"919\" data-end=\"947\">Aigua potable i el seu \u00fas.<\/p>\n<\/li>\n<li data-start=\"948\" data-end=\"990\">\n<p data-start=\"950\" data-end=\"990\">Neteja i desinfecci\u00f3 d\u2019instal\u00b7lacions.<\/p>\n<\/li>\n<li data-start=\"991\" data-end=\"1013\">\n<p data-start=\"993\" data-end=\"1013\">Gesti\u00f3 de residus.<\/p>\n<\/li>\n<li data-start=\"1014\" data-end=\"1055\">\n<p data-start=\"1016\" data-end=\"1055\">Control de prove\u00efdors i tra\u00e7abilitat.<\/p>\n<\/li>\n<li data-start=\"1056\" data-end=\"1082\">\n<p data-start=\"1058\" data-end=\"1082\">Formaci\u00f3 del personal.<\/p>\n<\/li>\n<li data-start=\"1083\" data-end=\"1107\">\n<p data-start=\"1085\" data-end=\"1107\">Gesti\u00f3 d\u2019al\u00b7l\u00e8rgens.<\/p>\n<\/li>\n<li data-start=\"1108\" data-end=\"1144\">\n<p data-start=\"1110\" data-end=\"1144\">Control dels processos productius.<\/p>\n<\/li>\n<\/ul>\n<p>&nbsp;[\/vc_column_text][\/vc_accordion_tab][vc_accordion_tab icon=&#8221;mk-moon-food&#8221; title=&#8221;Planificaci\u00f3 i Gesti\u00f3 de l\u2019APPCC&#8221;][vc_column_text css=&#8221;.vc_custom_1757666211223{margin-bottom: 0px !important;}&#8221;]\n<h3>APPCC a Barcelona<\/h3>\n<p data-start=\"1146\" data-end=\"1250\">Els nostres t\u00e8cnics experts acompanyen en totes les fases de l\u2019APPCC:<\/p>\n<ul data-start=\"1252\" data-end=\"1378\">\n<li data-start=\"1252\" data-end=\"1312\">\n<p data-start=\"1254\" data-end=\"1312\">Elaboraci\u00f3 i actualitzaci\u00f3 de la documentaci\u00f3 requerida.<\/p>\n<\/li>\n<li data-start=\"1313\" data-end=\"1348\">\n<p data-start=\"1315\" data-end=\"1348\">Implementaci\u00f3 integral del pla.<\/p>\n<\/li>\n<li data-start=\"1349\" data-end=\"1378\">\n<p data-start=\"1351\" data-end=\"1378\">Revisi\u00f3 i millora cont\u00ednua.<\/p>\n<\/li>\n<\/ul>\n[\/vc_column_text][\/vc_accordion_tab][vc_accordion_tab icon=&#8221;mk-moon-stack-checkmark&#8221; title=&#8221;An\u00e0lisi, formaci\u00f3 i assessorament especialitzat&#8221;][vc_column_text css=&#8221;.vc_custom_1757666303524{margin-bottom: 0px !important;}&#8221;]\n<h3>Assessorament i seguretat aliment\u00e0ria a Barcelona<\/h3>\n<p data-start=\"1380\" data-end=\"1472\">Completem la nostra oferta amb serveis de:<\/p>\n<ul data-start=\"1474\" data-end=\"1767\">\n<li data-start=\"1474\" data-end=\"1543\">\n<p data-start=\"1476\" data-end=\"1543\">An\u00e0lisis microbiol\u00f2gics i fisicoqu\u00edmics d\u2019aliments i superf\u00edcies.<\/p>\n<\/li>\n<li data-start=\"1544\" data-end=\"1654\">\n<p data-start=\"1546\" data-end=\"1654\">Formaci\u00f3 personalitzada en seguretat aliment\u00e0ria, adaptada a les necessitats espec\u00edfiques de cada empresa.<\/p>\n<\/li>\n<li data-start=\"1655\" data-end=\"1767\">\n<p data-start=\"1657\" data-end=\"1767\">Auditories i recomanacions per optimitzar la implantaci\u00f3 del sistema APPCC i assegurar el compliment normatiu.<\/p>\n<\/li>\n<\/ul>\n[\/vc_column_text][\/vc_accordion_tab][vc_accordion_tab icon=&#8221;mk-icon-star&#8221; title=&#8221;\u00c0mbit d\u2019aplicaci\u00f3&#8221;][vc_column_text css=&#8221;.vc_custom_1757666390549{margin-bottom: 0px !important;}&#8221;]\n<h3>Serveis de seguretat aliment\u00e0ria a Barcelona<\/h3>\n<p data-start=\"1769\" data-end=\"1833\">Els nostres serveis s\u2019adrecen a empreses de:<\/p>\n[\/vc_column_text][mk_custom_list]\n<ul>\n<li>Hostaleria: hotels, restaurants, c\u00e0tering.<\/li>\n<li>Cuines industrials i col\u00b7lectivitats: menjadors escolars, hospitals, resid\u00e8ncies.<\/li>\n<li>Empreses minoristes del sector alimentari.<\/li>\n<\/ul>\n[\/mk_custom_list][\/vc_accordion_tab][\/vc_accordions][\/vc_column][vc_column width=&#8221;1\/2&#8243;][vc_single_image image=&#8221;548&#8243; img_size=&#8221;full&#8221;][\/vc_column][\/vc_row][vc_row fullwidth=&#8221;true&#8221; fullwidth_content=&#8221;false&#8221;][vc_column][vc_empty_space][vc_separator border_width=&#8221;2&#8243;][\/vc_column][\/vc_row][vc_row fullwidth=&#8221;true&#8221; fullwidth_content=&#8221;false&#8221;][vc_column width=&#8221;1\/4&#8243;][vc_single_image image=&#8221;840&#8243; img_size=&#8221;full&#8221; alignment=&#8221;center&#8221; onclick=&#8221;custom_link&#8221; css=&#8221;.vc_custom_1583227735785{margin-bottom: 0px !important;border-bottom-width: 0px !important;padding-bottom: 20px !important;}&#8221; link=&#8221;https:\/\/itabe.es\/ca\/serveis\/seguretat-alimentaria\/consultoria-alimentaria-a-barcelona\/&#8221;][mk_fancy_title strip_tags=&#8221;true&#8221; tag_name=&#8221;span&#8221; size=&#8221;18&#8243; force_font_size=&#8221;true&#8221; size_smallscreen=&#8221;18&#8243; size_tablet=&#8221;18&#8243; size_phone=&#8221;12&#8243; font_weight=&#8221;600&#8243; font_family=&#8221;none&#8221; align=&#8221;center&#8221;]Consultoria Aliment\u00e0ria i APPCC[\/mk_fancy_title][\/vc_column][vc_column width=&#8221;1\/4&#8243;][vc_single_image image=&#8221;843&#8243; img_size=&#8221;full&#8221; alignment=&#8221;center&#8221; onclick=&#8221;custom_link&#8221; css=&#8221;.vc_custom_1583227746712{margin-bottom: 0px !important;border-bottom-width: 0px !important;padding-bottom: 20px !important;}&#8221; link=&#8221;https:\/\/itabe.es\/ca\/serveis\/seguretat-alimentaria\/analisis-aliments-a-barcelona\/&#8221;][mk_fancy_title strip_tags=&#8221;true&#8221; tag_name=&#8221;span&#8221; size=&#8221;18&#8243; force_font_size=&#8221;true&#8221; size_smallscreen=&#8221;18&#8243; size_tablet=&#8221;18&#8243; size_phone=&#8221;12&#8243; font_weight=&#8221;600&#8243; font_family=&#8221;none&#8221; align=&#8221;center&#8221;]An\u00e0lisis d\u2019aliments i Estudis de vida \u00fatil[\/mk_fancy_title][\/vc_column][vc_column width=&#8221;1\/4&#8243;][vc_single_image image=&#8221;845&#8243; img_size=&#8221;full&#8221; alignment=&#8221;center&#8221; onclick=&#8221;custom_link&#8221; css=&#8221;.vc_custom_1583227760246{margin-bottom: 0px !important;border-bottom-width: 0px !important;padding-bottom: 20px !important;}&#8221; link=&#8221;https:\/\/itabe.es\/ca\/serveis\/seguretat-alimentaria\/formacio-alimentaria\/&#8221;][mk_fancy_title strip_tags=&#8221;true&#8221; tag_name=&#8221;span&#8221; size=&#8221;18&#8243; force_font_size=&#8221;true&#8221; size_smallscreen=&#8221;18&#8243; size_tablet=&#8221;18&#8243; size_phone=&#8221;12&#8243; font_weight=&#8221;600&#8243; font_family=&#8221;none&#8221; align=&#8221;center&#8221;]Formaci\u00f3 aliment\u00e0ria[\/mk_fancy_title][\/vc_column][vc_column width=&#8221;1\/4&#8243;][vc_single_image image=&#8221;838&#8243; img_size=&#8221;full&#8221; alignment=&#8221;center&#8221; onclick=&#8221;custom_link&#8221; css=&#8221;.vc_custom_1583227770978{margin-bottom: 0px !important;border-bottom-width: 0px !important;padding-bottom: 20px !important;}&#8221; link=&#8221;https:\/\/itabe.es\/ca\/serveis\/seguretat-alimentaria\/registre-sanitari-aliments-a-barcelona\/&#8221;][mk_fancy_title strip_tags=&#8221;true&#8221; tag_name=&#8221;span&#8221; size=&#8221;18&#8243; force_font_size=&#8221;true&#8221; size_smallscreen=&#8221;18&#8243; size_tablet=&#8221;18&#8243; size_phone=&#8221;12&#8243; font_weight=&#8221;600&#8243; font_family=&#8221;none&#8221; align=&#8221;center&#8221;]Registre Sanitari d\u2019Aliments[\/mk_fancy_title][\/vc_column][\/vc_row][vc_row fullwidth=&#8221;true&#8221; fullwidth_content=&#8221;false&#8221;][vc_column][vc_empty_space][vc_separator border_width=&#8221;2&#8243;][\/vc_column][\/vc_row][vc_row][vc_column][vc_column_text][\/vc_column_text][\/vc_column][\/vc_row][vc_row fullwidth=&#8221;true&#8221; fullwidth_content=&#8221;false&#8221; css=&#8221;.vc_custom_1561981108392{background-color: #990100 !important;}&#8221;][vc_column][mk_padding_divider size=&#8221;30&#8243;][vc_row_inner][vc_column_inner width=&#8221;2\/3&#8243;][mk_padding_divider size=&#8221;10&#8243;][mk_fancy_title tag_name=&#8221;h5&#8243; color=&#8221;#ffffff&#8221; size=&#8221;26&#8243; font_weight=&#8221;400&#8243; txt_transform=&#8221;none&#8221; font_family=&#8221;Open+Sans&#8221; font_type=&#8221;google&#8221; align=&#8221;center&#8221;]Necessites assessorament? Contacta amb nosaltres[\/mk_fancy_title][\/vc_column_inner][vc_column_inner width=&#8221;1\/3&#8243;][mk_button dimension=&#8221;flat&#8221; size=&#8221;large&#8221; url=&#8221;\/ca\/contacte\/&#8221; margin_right=&#8221;0&#8243; bg_color=&#8221;#ffffff&#8221; btn_hover_bg=&#8221;#ffffff&#8221; text_color=&#8221;dark&#8221; btn_hover_txt_color=&#8221;#0a0a0a&#8221;]CONTACTE[\/mk_button][\/vc_column_inner][\/vc_row_inner][\/vc_column][\/vc_row]\n<\/div>","protected":false},"excerpt":{"rendered":"<p>[vc_row fullwidth=&#8221;true&#8221; fullwidth_content=&#8221;false&#8221;][vc_column][mk_fancy_title color=&#8221;#939393&#8243; size=&#8221;40&#8243; font_weight=&#8221;200&#8243; txt_transform=&#8221;uppercase&#8221; margin_bottom=&#8221;5&#8243; font_family=&#8221;none&#8221; align=&#8221;center&#8221;]Seguretat Aliment\u00e0ria integral A Barcelona[\/mk_fancy_title][mk_divider style=&#8221;thin_solid&#8221; divider_width=&#8221;custom_width&#8221; custom_width=&#8221;86&#8243; thickness=&#8221;5&#8243; margin_top=&#8221;0&#8243;][vc_column_text css=&#8221;.vc_custom_1757666071248{margin-bottom: 0px !important;}&#8221;]En el marc del Reglament (CE) n\u00fam. 852\/2004 sobre la higiene dels productes alimentaris, ajudem les empreses del sector alimentari a dissenyar, implementar i mantenir sistemes efectius de gesti\u00f3 de la seguretat aliment\u00e0ria basats [&hellip;]<\/p>\n","protected":false},"author":1,"featured_media":0,"parent":964,"menu_order":0,"comment_status":"closed","ping_status":"closed","template":"","meta":{"footnotes":""},"class_list":["post-961","page","type-page","status-publish","hentry"],"yoast_head":"<!-- This site is optimized with the Yoast SEO plugin v27.4 - https:\/\/yoast.com\/product\/yoast-seo-wordpress\/ -->\n<title>Seguretat aliment\u00e0ria a Barcelona - Itabe Laboratorio<\/title>\n<meta name=\"description\" content=\"Seguretat aliment\u00e0ria a Barcelona: Inspeccions de Sanitat a Barcelona, APPCC i Assessoria Aliment\u00e0ria a Barcelona. Contacta amb nosaltres\" \/>\n<meta name=\"robots\" content=\"index, follow, max-snippet:-1, max-image-preview:large, max-video-preview:-1\" \/>\n<link rel=\"canonical\" href=\"https:\/\/itabe.es\/ca\/serveis\/seguretat-alimentaria\/\" \/>\n<meta property=\"og:locale\" content=\"ca_ES\" \/>\n<meta property=\"og:type\" content=\"article\" \/>\n<meta property=\"og:title\" content=\"Seguretat aliment\u00e0ria a Barcelona - Itabe Laboratorio\" \/>\n<meta property=\"og:description\" content=\"Seguretat aliment\u00e0ria a Barcelona: Inspeccions de Sanitat a Barcelona, APPCC i Assessoria Aliment\u00e0ria a Barcelona. Contacta amb nosaltres\" \/>\n<meta property=\"og:url\" content=\"https:\/\/itabe.es\/ca\/serveis\/seguretat-alimentaria\/\" \/>\n<meta property=\"og:site_name\" content=\"Itabe Laboratorio\" \/>\n<meta property=\"article:modified_time\" content=\"2025-09-12T08:41:40+00:00\" \/>\n<meta property=\"og:image\" content=\"https:\/\/itabe.es\/wp-content\/uploads\/2019\/06\/seguridad-alimentaria-barce.jpg\" \/>\n<meta name=\"twitter:card\" content=\"summary_large_image\" \/>\n<meta name=\"twitter:image\" content=\"https:\/\/itabe.es\/wp-content\/uploads\/2019\/06\/seguridad-alimentaria-barce.jpg\" \/>\n<meta name=\"twitter:label1\" content=\"Temps estimat de lectura\" \/>\n\t<meta name=\"twitter:data1\" content=\"3 minuts\" \/>\n<script type=\"application\/ld+json\" class=\"yoast-schema-graph\">{\"@context\":\"https:\\\/\\\/schema.org\",\"@graph\":[{\"@type\":\"WebPage\",\"@id\":\"https:\\\/\\\/itabe.es\\\/ca\\\/serveis\\\/seguretat-alimentaria\\\/\",\"url\":\"https:\\\/\\\/itabe.es\\\/ca\\\/serveis\\\/seguretat-alimentaria\\\/\",\"name\":\"Seguretat aliment\u00e0ria a Barcelona - Itabe Laboratorio\",\"isPartOf\":{\"@id\":\"https:\\\/\\\/itabe.es\\\/#website\"},\"datePublished\":\"2020-02-21T09:59:41+00:00\",\"dateModified\":\"2025-09-12T08:41:40+00:00\",\"description\":\"Seguretat aliment\u00e0ria a Barcelona: Inspeccions de Sanitat a Barcelona, APPCC i Assessoria Aliment\u00e0ria a Barcelona. Contacta amb nosaltres\",\"breadcrumb\":{\"@id\":\"https:\\\/\\\/itabe.es\\\/ca\\\/serveis\\\/seguretat-alimentaria\\\/#breadcrumb\"},\"inLanguage\":\"ca\",\"potentialAction\":[{\"@type\":\"ReadAction\",\"target\":[\"https:\\\/\\\/itabe.es\\\/ca\\\/serveis\\\/seguretat-alimentaria\\\/\"]}]},{\"@type\":\"BreadcrumbList\",\"@id\":\"https:\\\/\\\/itabe.es\\\/ca\\\/serveis\\\/seguretat-alimentaria\\\/#breadcrumb\",\"itemListElement\":[{\"@type\":\"ListItem\",\"position\":1,\"name\":\"Portada\",\"item\":\"https:\\\/\\\/itabe.es\\\/ca\\\/\"},{\"@type\":\"ListItem\",\"position\":2,\"name\":\"Serveis\",\"item\":\"https:\\\/\\\/itabe.es\\\/ca\\\/serveis\\\/\"},{\"@type\":\"ListItem\",\"position\":3,\"name\":\"Seguretat Aliment\u00e0ria Integral\"}]},{\"@type\":\"WebSite\",\"@id\":\"https:\\\/\\\/itabe.es\\\/#website\",\"url\":\"https:\\\/\\\/itabe.es\\\/\",\"name\":\"Itabe Laboratorio\",\"description\":\"Laboratorio ambiental, seguridad alimentaria\",\"potentialAction\":[{\"@type\":\"SearchAction\",\"target\":{\"@type\":\"EntryPoint\",\"urlTemplate\":\"https:\\\/\\\/itabe.es\\\/?s={search_term_string}\"},\"query-input\":{\"@type\":\"PropertyValueSpecification\",\"valueRequired\":true,\"valueName\":\"search_term_string\"}}],\"inLanguage\":\"ca\"}]}<\/script>\n<!-- \/ Yoast SEO plugin. -->","yoast_head_json":{"title":"Seguretat aliment\u00e0ria a Barcelona - Itabe Laboratorio","description":"Seguretat aliment\u00e0ria a Barcelona: Inspeccions de Sanitat a Barcelona, APPCC i Assessoria Aliment\u00e0ria a Barcelona. Contacta amb nosaltres","robots":{"index":"index","follow":"follow","max-snippet":"max-snippet:-1","max-image-preview":"max-image-preview:large","max-video-preview":"max-video-preview:-1"},"canonical":"https:\/\/itabe.es\/ca\/serveis\/seguretat-alimentaria\/","og_locale":"ca_ES","og_type":"article","og_title":"Seguretat aliment\u00e0ria a Barcelona - Itabe Laboratorio","og_description":"Seguretat aliment\u00e0ria a Barcelona: Inspeccions de Sanitat a Barcelona, APPCC i Assessoria Aliment\u00e0ria a Barcelona. Contacta amb nosaltres","og_url":"https:\/\/itabe.es\/ca\/serveis\/seguretat-alimentaria\/","og_site_name":"Itabe Laboratorio","article_modified_time":"2025-09-12T08:41:40+00:00","og_image":[{"url":"https:\/\/itabe.es\/wp-content\/uploads\/2019\/06\/seguridad-alimentaria-barce.jpg","type":"","width":"","height":""}],"twitter_card":"summary_large_image","twitter_image":"https:\/\/itabe.es\/wp-content\/uploads\/2019\/06\/seguridad-alimentaria-barce.jpg","twitter_misc":{"Temps estimat de lectura":"3 minuts"},"schema":{"@context":"https:\/\/schema.org","@graph":[{"@type":"WebPage","@id":"https:\/\/itabe.es\/ca\/serveis\/seguretat-alimentaria\/","url":"https:\/\/itabe.es\/ca\/serveis\/seguretat-alimentaria\/","name":"Seguretat aliment\u00e0ria a Barcelona - Itabe Laboratorio","isPartOf":{"@id":"https:\/\/itabe.es\/#website"},"datePublished":"2020-02-21T09:59:41+00:00","dateModified":"2025-09-12T08:41:40+00:00","description":"Seguretat aliment\u00e0ria a Barcelona: Inspeccions de Sanitat a Barcelona, APPCC i Assessoria Aliment\u00e0ria a Barcelona. Contacta amb nosaltres","breadcrumb":{"@id":"https:\/\/itabe.es\/ca\/serveis\/seguretat-alimentaria\/#breadcrumb"},"inLanguage":"ca","potentialAction":[{"@type":"ReadAction","target":["https:\/\/itabe.es\/ca\/serveis\/seguretat-alimentaria\/"]}]},{"@type":"BreadcrumbList","@id":"https:\/\/itabe.es\/ca\/serveis\/seguretat-alimentaria\/#breadcrumb","itemListElement":[{"@type":"ListItem","position":1,"name":"Portada","item":"https:\/\/itabe.es\/ca\/"},{"@type":"ListItem","position":2,"name":"Serveis","item":"https:\/\/itabe.es\/ca\/serveis\/"},{"@type":"ListItem","position":3,"name":"Seguretat Aliment\u00e0ria Integral"}]},{"@type":"WebSite","@id":"https:\/\/itabe.es\/#website","url":"https:\/\/itabe.es\/","name":"Itabe Laboratorio","description":"Laboratorio ambiental, seguridad alimentaria","potentialAction":[{"@type":"SearchAction","target":{"@type":"EntryPoint","urlTemplate":"https:\/\/itabe.es\/?s={search_term_string}"},"query-input":{"@type":"PropertyValueSpecification","valueRequired":true,"valueName":"search_term_string"}}],"inLanguage":"ca"}]}},"_links":{"self":[{"href":"https:\/\/itabe.es\/ca\/wp-json\/wp\/v2\/pages\/961","targetHints":{"allow":["GET"]}}],"collection":[{"href":"https:\/\/itabe.es\/ca\/wp-json\/wp\/v2\/pages"}],"about":[{"href":"https:\/\/itabe.es\/ca\/wp-json\/wp\/v2\/types\/page"}],"author":[{"embeddable":true,"href":"https:\/\/itabe.es\/ca\/wp-json\/wp\/v2\/users\/1"}],"replies":[{"embeddable":true,"href":"https:\/\/itabe.es\/ca\/wp-json\/wp\/v2\/comments?post=961"}],"version-history":[{"count":9,"href":"https:\/\/itabe.es\/ca\/wp-json\/wp\/v2\/pages\/961\/revisions"}],"predecessor-version":[{"id":1839,"href":"https:\/\/itabe.es\/ca\/wp-json\/wp\/v2\/pages\/961\/revisions\/1839"}],"up":[{"embeddable":true,"href":"https:\/\/itabe.es\/ca\/wp-json\/wp\/v2\/pages\/964"}],"wp:attachment":[{"href":"https:\/\/itabe.es\/ca\/wp-json\/wp\/v2\/media?parent=961"}],"curies":[{"name":"wp","href":"https:\/\/api.w.org\/{rel}","templated":true}]}}