{"id":960,"date":"2020-02-21T10:59:38","date_gmt":"2020-02-21T09:59:38","guid":{"rendered":"https:\/\/itabe.es\/?page_id=960"},"modified":"2025-08-14T09:08:56","modified_gmt":"2025-08-14T07:08:56","slug":"estudis-tecnics-de-la-fusta-a-barcelona","status":"publish","type":"page","link":"https:\/\/itabe.es\/ca\/serveis\/patologies-de-la-fusta\/estudis-tecnics-de-la-fusta-a-barcelona\/","title":{"rendered":"Estudis T\u00e8cnics de la Fusta a Barcelona"},"content":{"rendered":"<div class=\"wpb-content-wrapper\">[vc_row fullwidth=&#8221;true&#8221; fullwidth_content=&#8221;false&#8221;][vc_column][mk_fancy_title color=&#8221;#939393&#8243; size=&#8221;40&#8243; font_weight=&#8221;200&#8243; txt_transform=&#8221;uppercase&#8221; margin_bottom=&#8221;5&#8243; font_family=&#8221;none&#8221; align=&#8221;center&#8221;]Estudis T\u00e8cnics de la Fusta[\/mk_fancy_title][mk_divider style=&#8221;thin_solid&#8221; divider_width=&#8221;custom_width&#8221; custom_width=&#8221;86&#8243; thickness=&#8221;5&#8243; margin_top=&#8221;0&#8243;][vc_column_text css=&#8221;.vc_custom_1583223092866{margin-bottom: 0px !important;}&#8221;]Determinaci\u00f3 dels agents biol\u00f2gics que ataquen i alteren la fusta estructural, aix\u00ed com aix\u00ed com l&#8217;abast de la seva afectaci\u00f3 i colonitzaci\u00f3. Propostes de tractaments i control en estudis t\u00e8cnics.[\/vc_column_text][\/vc_column][\/vc_row][vc_row fullwidth=&#8221;true&#8221; fullwidth_content=&#8221;false&#8221;][vc_column width=&#8221;1\/2&#8243;][vc_column_text css=&#8221;.vc_custom_1583223113854{margin-bottom: 0px !important;}&#8221;]\n<h2>Estudis d\u2019estructures de fusta:<\/h2>\n[\/vc_column_text][vc_accordions container_bg_color=&#8221;#ffffff&#8221;][vc_accordion_tab icon=&#8221;mk-moon-leaf&#8221; title=&#8221;Estudis T\u00e8cnics de la Fusta&#8221;][vc_column_text css=&#8221;.vc_custom_1583223146623{margin-bottom: 0px !important;}&#8221;]\n<h3>Estudis T\u00e8cnics de la Fusta a Barcelona:<\/h3>\n<p>Realitzem estudis t\u00e8cnics en habitatges, masies, patrimoni hist\u00f2ric, edificis antics i, en general, en qualsevol mena d&#8217;edificaci\u00f3 amb problemes de patologies de la fusta.<\/p>\n<p>L\u2019objectiu \u00e9s avaluar i valorar a trav\u00e9s de la diagnosi biol\u00f3gica la qualitat i l\u2019estat de conservaci\u00f3 de les bigues i altres elements de fusta.<\/p>\n<p>Els nostres assajos permeten determinar quins s\u00f3n els agents plaga, calcular el seu abast i distribuci\u00f3, la seva incidencia qualitativa i les p\u00e8rdues de secci\u00f3 resultants en el cas de la fusta estructural.[\/vc_column_text][\/vc_accordion_tab][vc_accordion_tab icon=&#8221;mk-icon-life-bouy&#8221; title=&#8221;Rehabilitaci\u00f3 d\u2019Estructures de Fusta&#8221;][vc_column_text css=&#8221;.vc_custom_1583223188606{margin-bottom: 0px !important;}&#8221;]\n<h3>Rehabilitaci\u00f3 d\u2019Estructures de Fusta<\/h3>\n<p>La rehabilitaci\u00f3 \u00e9s el momento idoni per a comprobar la solidesa de l&#8217;estructura de fusta, determinant patologies bi\u00f2tiques i abi\u00f2tiques, danys i incid\u00e8ncies que, en comuni\u00f3 amb un altre tipus d\u2019an\u00e0lisi, permetin plantejar el proc\u00e9s amb tota la informaci\u00f3 essencial per a abordar professionalment els fen\u00f2mens de rehabilitaci\u00f3 a estructures de la fusta.[\/vc_column_text][\/vc_accordion_tab][vc_accordion_tab icon=&#8221;mk-icon-briefcase&#8221; title=&#8221;Equipaci\u00f3 i Informe T\u00e8cnic&#8221;][vc_column_text css=&#8221;.vc_custom_1583223216429{margin-bottom: 0px !important;}&#8221;]\n<h3>Equipaci\u00f3 i Informe T\u00e8cnic<\/h3>\n<p>Utilitzem equipaci\u00f3 espec\u00edfica per a la detecci\u00f3 de la m\u00e9s destructora de les plagues de la fusta, l&#8217;enemic invisible que no identifiquem i que colonitza els nostres habitatges i edificis. Centenars de milers de petits insectes, perfectament estructurats, que troben el seu cam\u00ed a trav\u00e9s del formig\u00f3, paviments, parets, canalitzacions i instal\u00b7lacions. Els t\u00e8rmits\u2026<\/p>\n<p>Tota aquesta informaci\u00f3n es cont\u00e9 en un informe t\u00e8cnic amb el detall d\u2019incid\u00e8ncies, reportatge fotogr\u00e0fic, pl\u00e0nols, etc., i des d\u2019on es promouen les solucions m\u00e9s eficaces i ajustades a la situaci\u00f3 de conflicte des del punt de vista del control de la plaga i de la seguretat estructural.[\/vc_column_text][\/vc_accordion_tab][\/vc_accordions][\/vc_column][vc_column width=&#8221;1\/2&#8243;][vc_single_image image=&#8221;652&#8243; img_size=&#8221;full&#8221;][\/vc_column][\/vc_row][vc_row fullwidth=&#8221;true&#8221; fullwidth_content=&#8221;false&#8221;][vc_column][vc_empty_space][vc_separator border_width=&#8221;2&#8243;][\/vc_column][\/vc_row][vc_row][vc_column][vc_column_text]\n[\/vc_column_text][\/vc_column][\/vc_row][vc_row fullwidth=&#8221;true&#8221; fullwidth_content=&#8221;false&#8221; css=&#8221;.vc_custom_1561981108392{background-color: #990100 !important;}&#8221;][vc_column][mk_padding_divider size=&#8221;30&#8243;][vc_row_inner][vc_column_inner width=&#8221;2\/3&#8243;][mk_padding_divider size=&#8221;10&#8243;][mk_fancy_title tag_name=&#8221;h5&#8243; color=&#8221;#ffffff&#8221; size=&#8221;26&#8243; font_weight=&#8221;400&#8243; txt_transform=&#8221;none&#8221; font_family=&#8221;Open+Sans&#8221; font_type=&#8221;google&#8221; align=&#8221;center&#8221;]Necessites assessorament? Contacta amb nosaltres[\/mk_fancy_title][\/vc_column_inner][vc_column_inner width=&#8221;1\/3&#8243;][mk_button dimension=&#8221;flat&#8221; size=&#8221;large&#8221; url=&#8221;\/ca\/contacte\/&#8221; margin_right=&#8221;0&#8243; bg_color=&#8221;#ffffff&#8221; btn_hover_bg=&#8221;#ffffff&#8221; text_color=&#8221;dark&#8221; btn_hover_txt_color=&#8221;#0a0a0a&#8221;]CONTACTE[\/mk_button][\/vc_column_inner][\/vc_row_inner][\/vc_column][\/vc_row]\n<\/div>","protected":false},"excerpt":{"rendered":"<p>[vc_row fullwidth=&#8221;true&#8221; fullwidth_content=&#8221;false&#8221;][vc_column][mk_fancy_title color=&#8221;#939393&#8243; size=&#8221;40&#8243; font_weight=&#8221;200&#8243; txt_transform=&#8221;uppercase&#8221; margin_bottom=&#8221;5&#8243; font_family=&#8221;none&#8221; align=&#8221;center&#8221;]Estudis T\u00e8cnics de la Fusta[\/mk_fancy_title][mk_divider style=&#8221;thin_solid&#8221; divider_width=&#8221;custom_width&#8221; custom_width=&#8221;86&#8243; thickness=&#8221;5&#8243; margin_top=&#8221;0&#8243;][vc_column_text css=&#8221;.vc_custom_1583223092866{margin-bottom: 0px !important;}&#8221;]Determinaci\u00f3 dels agents biol\u00f2gics que ataquen i alteren la fusta estructural, aix\u00ed com aix\u00ed com l&#8217;abast de la seva afectaci\u00f3 i colonitzaci\u00f3. Propostes de tractaments i control en estudis t\u00e8cnics.[\/vc_column_text][\/vc_column][\/vc_row][vc_row fullwidth=&#8221;true&#8221; fullwidth_content=&#8221;false&#8221;][vc_column width=&#8221;1\/2&#8243;][vc_column_text css=&#8221;.vc_custom_1583223113854{margin-bottom: [&hellip;]<\/p>\n","protected":false},"author":1,"featured_media":0,"parent":959,"menu_order":0,"comment_status":"closed","ping_status":"closed","template":"","meta":{"footnotes":""},"class_list":["post-960","page","type-page","status-publish","hentry"],"yoast_head":"<!-- This site is optimized with the Yoast SEO plugin v27.4 - https:\/\/yoast.com\/product\/yoast-seo-wordpress\/ -->\n<title>Estudis T\u00e8cnics de la Fusta a Barcelona - Itabe Laboratorio<\/title>\n<meta name=\"description\" content=\"Estudis T\u00e8cnics de la Fusta a Barcelona. Rehabilitaci\u00f3 d\u2019Estructures de la Fusta. Plaga de t\u00e8rmits: detecci\u00f3, control i seguretat estructural.\" \/>\n<meta name=\"robots\" content=\"index, follow, max-snippet:-1, max-image-preview:large, max-video-preview:-1\" \/>\n<link rel=\"canonical\" href=\"https:\/\/itabe.es\/ca\/serveis\/patologies-de-la-fusta\/estudis-tecnics-de-la-fusta-a-barcelona\/\" \/>\n<meta property=\"og:locale\" content=\"ca_ES\" \/>\n<meta property=\"og:type\" content=\"article\" \/>\n<meta property=\"og:title\" content=\"Estudis T\u00e8cnics de la Fusta a Barcelona - Itabe Laboratorio\" \/>\n<meta property=\"og:description\" content=\"Estudis T\u00e8cnics de la Fusta a Barcelona. Rehabilitaci\u00f3 d\u2019Estructures de la Fusta. Plaga de t\u00e8rmits: detecci\u00f3, control i seguretat estructural.\" \/>\n<meta property=\"og:url\" content=\"https:\/\/itabe.es\/ca\/serveis\/patologies-de-la-fusta\/estudis-tecnics-de-la-fusta-a-barcelona\/\" \/>\n<meta property=\"og:site_name\" content=\"Itabe Laboratorio\" \/>\n<meta property=\"article:modified_time\" content=\"2025-08-14T07:08:56+00:00\" \/>\n<meta name=\"twitter:card\" content=\"summary_large_image\" \/>\n<meta name=\"twitter:label1\" content=\"Temps estimat de lectura\" \/>\n\t<meta name=\"twitter:data1\" content=\"2 minuts\" \/>\n<script type=\"application\/ld+json\" class=\"yoast-schema-graph\">{\"@context\":\"https:\\\/\\\/schema.org\",\"@graph\":[{\"@type\":\"WebPage\",\"@id\":\"https:\\\/\\\/itabe.es\\\/ca\\\/serveis\\\/patologies-de-la-fusta\\\/estudis-tecnics-de-la-fusta-a-barcelona\\\/\",\"url\":\"https:\\\/\\\/itabe.es\\\/ca\\\/serveis\\\/patologies-de-la-fusta\\\/estudis-tecnics-de-la-fusta-a-barcelona\\\/\",\"name\":\"Estudis T\u00e8cnics de la Fusta a Barcelona - Itabe Laboratorio\",\"isPartOf\":{\"@id\":\"https:\\\/\\\/itabe.es\\\/#website\"},\"datePublished\":\"2020-02-21T09:59:38+00:00\",\"dateModified\":\"2025-08-14T07:08:56+00:00\",\"description\":\"Estudis T\u00e8cnics de la Fusta a Barcelona. Rehabilitaci\u00f3 d\u2019Estructures de la Fusta. Plaga de t\u00e8rmits: detecci\u00f3, control i seguretat estructural.\",\"breadcrumb\":{\"@id\":\"https:\\\/\\\/itabe.es\\\/ca\\\/serveis\\\/patologies-de-la-fusta\\\/estudis-tecnics-de-la-fusta-a-barcelona\\\/#breadcrumb\"},\"inLanguage\":\"ca\",\"potentialAction\":[{\"@type\":\"ReadAction\",\"target\":[\"https:\\\/\\\/itabe.es\\\/ca\\\/serveis\\\/patologies-de-la-fusta\\\/estudis-tecnics-de-la-fusta-a-barcelona\\\/\"]}]},{\"@type\":\"BreadcrumbList\",\"@id\":\"https:\\\/\\\/itabe.es\\\/ca\\\/serveis\\\/patologies-de-la-fusta\\\/estudis-tecnics-de-la-fusta-a-barcelona\\\/#breadcrumb\",\"itemListElement\":[{\"@type\":\"ListItem\",\"position\":1,\"name\":\"Portada\",\"item\":\"https:\\\/\\\/itabe.es\\\/ca\\\/\"},{\"@type\":\"ListItem\",\"position\":2,\"name\":\"Serveis\",\"item\":\"https:\\\/\\\/itabe.es\\\/ca\\\/serveis\\\/\"},{\"@type\":\"ListItem\",\"position\":3,\"name\":\"Patologies de la fusta\",\"item\":\"https:\\\/\\\/itabe.es\\\/ca\\\/serveis\\\/patologies-de-la-fusta\\\/\"},{\"@type\":\"ListItem\",\"position\":4,\"name\":\"Estudis T\u00e8cnics de la Fusta a Barcelona\"}]},{\"@type\":\"WebSite\",\"@id\":\"https:\\\/\\\/itabe.es\\\/#website\",\"url\":\"https:\\\/\\\/itabe.es\\\/\",\"name\":\"Itabe Laboratorio\",\"description\":\"Laboratorio ambiental, seguridad alimentaria\",\"potentialAction\":[{\"@type\":\"SearchAction\",\"target\":{\"@type\":\"EntryPoint\",\"urlTemplate\":\"https:\\\/\\\/itabe.es\\\/?s={search_term_string}\"},\"query-input\":{\"@type\":\"PropertyValueSpecification\",\"valueRequired\":true,\"valueName\":\"search_term_string\"}}],\"inLanguage\":\"ca\"}]}<\/script>\n<!-- \/ Yoast SEO plugin. -->","yoast_head_json":{"title":"Estudis T\u00e8cnics de la Fusta a Barcelona - Itabe Laboratorio","description":"Estudis T\u00e8cnics de la Fusta a Barcelona. Rehabilitaci\u00f3 d\u2019Estructures de la Fusta. Plaga de t\u00e8rmits: detecci\u00f3, control i seguretat estructural.","robots":{"index":"index","follow":"follow","max-snippet":"max-snippet:-1","max-image-preview":"max-image-preview:large","max-video-preview":"max-video-preview:-1"},"canonical":"https:\/\/itabe.es\/ca\/serveis\/patologies-de-la-fusta\/estudis-tecnics-de-la-fusta-a-barcelona\/","og_locale":"ca_ES","og_type":"article","og_title":"Estudis T\u00e8cnics de la Fusta a Barcelona - Itabe Laboratorio","og_description":"Estudis T\u00e8cnics de la Fusta a Barcelona. Rehabilitaci\u00f3 d\u2019Estructures de la Fusta. Plaga de t\u00e8rmits: detecci\u00f3, control i seguretat estructural.","og_url":"https:\/\/itabe.es\/ca\/serveis\/patologies-de-la-fusta\/estudis-tecnics-de-la-fusta-a-barcelona\/","og_site_name":"Itabe Laboratorio","article_modified_time":"2025-08-14T07:08:56+00:00","twitter_card":"summary_large_image","twitter_misc":{"Temps estimat de lectura":"2 minuts"},"schema":{"@context":"https:\/\/schema.org","@graph":[{"@type":"WebPage","@id":"https:\/\/itabe.es\/ca\/serveis\/patologies-de-la-fusta\/estudis-tecnics-de-la-fusta-a-barcelona\/","url":"https:\/\/itabe.es\/ca\/serveis\/patologies-de-la-fusta\/estudis-tecnics-de-la-fusta-a-barcelona\/","name":"Estudis T\u00e8cnics de la Fusta a Barcelona - Itabe Laboratorio","isPartOf":{"@id":"https:\/\/itabe.es\/#website"},"datePublished":"2020-02-21T09:59:38+00:00","dateModified":"2025-08-14T07:08:56+00:00","description":"Estudis T\u00e8cnics de la Fusta a Barcelona. Rehabilitaci\u00f3 d\u2019Estructures de la Fusta. Plaga de t\u00e8rmits: detecci\u00f3, control i seguretat estructural.","breadcrumb":{"@id":"https:\/\/itabe.es\/ca\/serveis\/patologies-de-la-fusta\/estudis-tecnics-de-la-fusta-a-barcelona\/#breadcrumb"},"inLanguage":"ca","potentialAction":[{"@type":"ReadAction","target":["https:\/\/itabe.es\/ca\/serveis\/patologies-de-la-fusta\/estudis-tecnics-de-la-fusta-a-barcelona\/"]}]},{"@type":"BreadcrumbList","@id":"https:\/\/itabe.es\/ca\/serveis\/patologies-de-la-fusta\/estudis-tecnics-de-la-fusta-a-barcelona\/#breadcrumb","itemListElement":[{"@type":"ListItem","position":1,"name":"Portada","item":"https:\/\/itabe.es\/ca\/"},{"@type":"ListItem","position":2,"name":"Serveis","item":"https:\/\/itabe.es\/ca\/serveis\/"},{"@type":"ListItem","position":3,"name":"Patologies de la fusta","item":"https:\/\/itabe.es\/ca\/serveis\/patologies-de-la-fusta\/"},{"@type":"ListItem","position":4,"name":"Estudis T\u00e8cnics de la Fusta a Barcelona"}]},{"@type":"WebSite","@id":"https:\/\/itabe.es\/#website","url":"https:\/\/itabe.es\/","name":"Itabe Laboratorio","description":"Laboratorio ambiental, seguridad alimentaria","potentialAction":[{"@type":"SearchAction","target":{"@type":"EntryPoint","urlTemplate":"https:\/\/itabe.es\/?s={search_term_string}"},"query-input":{"@type":"PropertyValueSpecification","valueRequired":true,"valueName":"search_term_string"}}],"inLanguage":"ca"}]}},"_links":{"self":[{"href":"https:\/\/itabe.es\/ca\/wp-json\/wp\/v2\/pages\/960","targetHints":{"allow":["GET"]}}],"collection":[{"href":"https:\/\/itabe.es\/ca\/wp-json\/wp\/v2\/pages"}],"about":[{"href":"https:\/\/itabe.es\/ca\/wp-json\/wp\/v2\/types\/page"}],"author":[{"embeddable":true,"href":"https:\/\/itabe.es\/ca\/wp-json\/wp\/v2\/users\/1"}],"replies":[{"embeddable":true,"href":"https:\/\/itabe.es\/ca\/wp-json\/wp\/v2\/comments?post=960"}],"version-history":[{"count":6,"href":"https:\/\/itabe.es\/ca\/wp-json\/wp\/v2\/pages\/960\/revisions"}],"predecessor-version":[{"id":1784,"href":"https:\/\/itabe.es\/ca\/wp-json\/wp\/v2\/pages\/960\/revisions\/1784"}],"up":[{"embeddable":true,"href":"https:\/\/itabe.es\/ca\/wp-json\/wp\/v2\/pages\/959"}],"wp:attachment":[{"href":"https:\/\/itabe.es\/ca\/wp-json\/wp\/v2\/media?parent=960"}],"curies":[{"name":"wp","href":"https:\/\/api.w.org\/{rel}","templated":true}]}}