{"id":959,"date":"2020-02-21T10:59:37","date_gmt":"2020-02-21T09:59:37","guid":{"rendered":"https:\/\/itabe.es\/?page_id=959"},"modified":"2025-09-12T11:02:20","modified_gmt":"2025-09-12T09:02:20","slug":"patologies-de-la-fusta","status":"publish","type":"page","link":"https:\/\/itabe.es\/ca\/serveis\/patologies-de-la-fusta\/","title":{"rendered":"Patologies de la fusta"},"content":{"rendered":"<div class=\"wpb-content-wrapper\">[vc_row fullwidth=&#8221;true&#8221; fullwidth_content=&#8221;false&#8221;][vc_column][mk_fancy_title color=&#8221;#939393&#8243; size=&#8221;40&#8243; font_weight=&#8221;200&#8243; txt_transform=&#8221;uppercase&#8221; margin_bottom=&#8221;5&#8243; font_family=&#8221;none&#8221; align=&#8221;center&#8221;]Patologies de la fusta[\/mk_fancy_title][mk_divider style=&#8221;thin_solid&#8221; divider_width=&#8221;custom_width&#8221; custom_width=&#8221;86&#8243; thickness=&#8221;5&#8243; margin_top=&#8221;0&#8243;][vc_column_text css=&#8221;.vc_custom_1583222749403{margin-bottom: 0px !important;}&#8221;]Diagn\u00f2stis de t\u00e8rmits i altres plagues xil\u00f2fagues a edificis de tot tipus amb fusta estructutral. Informes t\u00e8cnics per al plantejament de solucions de conservaci\u00f3, tractaments i rehabilitaci\u00f3.[\/vc_column_text][\/vc_column][\/vc_row][vc_row fullwidth=&#8221;true&#8221; fullwidth_content=&#8221;false&#8221;][vc_column width=&#8221;1\/2&#8243;][vc_column_text css=&#8221;.vc_custom_1583222767400{margin-bottom: 0px !important;}&#8221;]\n<h2>Patologies de la fusta:<\/h2>\n[\/vc_column_text][vc_accordions container_bg_color=&#8221;#ffffff&#8221;][vc_accordion_tab icon=&#8221;mk-moon-leaf&#8221; title=&#8221;Avaluaci\u00f3 de Patologies de la Fusta&#8221;][vc_column_text css=&#8221;.vc_custom_1583222803563{margin-bottom: 0px !important;}&#8221;]\n<h3>Avaluaci\u00f3 de Patologies de la Fusta a Barcelona<\/h3>\n<p>Avaluaci\u00f3 de <strong>patologies de la fusta:<\/strong> valoraci\u00f3 i diagnosis biol\u00f3gica de l\u2019estat de les bigues, determinaci\u00f3 dels agents de la plaga, c\u00e0lcul de p\u00e8rdues de secci\u00f3, replantejament de refor\u00e7os i planificaci\u00f3 de tractaments preventius i\/o curatius.[\/vc_column_text][mk_button dimension=&#8221;flat&#8221; size=&#8221;medium&#8221; url=&#8221;\/servicios\/patologias-de-la-madera\/estudios-tecnicos-de-la-madera\/&#8221; align=&#8221;center&#8221;]ESTUDIS T\u00c8CNICS DE LA FUSTA[\/mk_button][\/vc_accordion_tab][vc_accordion_tab icon=&#8221;mk-icon-bug&#8221; title=&#8221;Eliminar t\u00e8rmits&#8221;][vc_column_text css=&#8221;.vc_custom_1583222878094{margin-bottom: 0px !important;}&#8221;]\n<h3>Eliminar T\u00e8rmits a Barcelona<\/h3>\n<p>Detecci\u00f3 de col\u00b7lonitzacions ocultes, plantejament d\u2019alternatives de control, informes t\u00e8cnics amb detall de danys, zones enva\u00efdes i plans CAD. Assessorament preventiu.[\/vc_column_text][\/vc_accordion_tab][vc_accordion_tab icon=&#8221;mk-icon-medkit&#8221; title=&#8221;Tractaments d&#8217;estructures de fusta&#8221;][vc_column_text css=&#8221;.vc_custom_1583222897845{margin-bottom: 0px !important;}&#8221;]\n<h3>Tractaments d\u2019Estructures de Fusta a Barcelona<\/h3>\n[\/vc_column_text][mk_custom_list]\n<ul>\n<li>Tractaments qu\u00edmics i biol\u00f2gics: injecci\u00f3, cebos inhibidores del crecimiento,\u2026<\/li>\n<li>Assessorament presencial<\/li>\n<li>Revisions de seguiment<\/li>\n<li>Verfificaci\u00f3 de la desaparici\u00f3 i control de la plaga<\/li>\n<li>Direcci\u00f3 t\u00e9cnica qualificada de tractaments qu\u00edmics i biol\u00f2gics<\/li>\n<\/ul>\n[\/mk_custom_list][\/vc_accordion_tab][\/vc_accordions][\/vc_column][vc_column width=&#8221;1\/2&#8243;][vc_single_image image=&#8221;645&#8243; img_size=&#8221;full&#8221;][\/vc_column][\/vc_row][vc_row fullwidth=&#8221;true&#8221; fullwidth_content=&#8221;false&#8221;][vc_column][vc_empty_space][vc_separator border_width=&#8221;2&#8243;][\/vc_column][\/vc_row][vc_row fullwidth=&#8221;true&#8221; fullwidth_content=&#8221;false&#8221;][vc_column width=&#8221;1\/3&#8243;][\/vc_column][vc_column width=&#8221;1\/3&#8243;][vc_single_image image=&#8221;648&#8243; img_size=&#8221;full&#8221; alignment=&#8221;center&#8221; onclick=&#8221;custom_link&#8221; css=&#8221;.vc_custom_1583227987837{margin-bottom: 0px !important;border-bottom-width: 0px !important;padding-bottom: 20px !important;}&#8221; link=&#8221;https:\/\/itabe.es\/ca\/serveis\/patologies-de-la-fusta\/estudis-tecnics-de-la-fusta-a-barcelona\/&#8221;][mk_fancy_title strip_tags=&#8221;true&#8221; tag_name=&#8221;span&#8221; size=&#8221;18&#8243; force_font_size=&#8221;true&#8221; size_smallscreen=&#8221;18&#8243; size_tablet=&#8221;18&#8243; size_phone=&#8221;12&#8243; font_weight=&#8221;600&#8243; font_family=&#8221;none&#8221; align=&#8221;center&#8221;]Estudis T\u00e8cnics de la Fusta[\/mk_fancy_title][\/vc_column][vc_column width=&#8221;1\/3&#8243;][\/vc_column][\/vc_row][vc_row fullwidth=&#8221;true&#8221; fullwidth_content=&#8221;false&#8221;][vc_column][vc_empty_space][vc_separator border_width=&#8221;2&#8243;][\/vc_column][\/vc_row][vc_row][vc_column][vc_column_text][\/vc_column_text][\/vc_column][\/vc_row][vc_row fullwidth=&#8221;true&#8221; fullwidth_content=&#8221;false&#8221; css=&#8221;.vc_custom_1561981108392{background-color: #990100 !important;}&#8221;][vc_column][mk_padding_divider size=&#8221;30&#8243;][vc_row_inner][vc_column_inner width=&#8221;2\/3&#8243;][mk_padding_divider size=&#8221;10&#8243;][mk_fancy_title tag_name=&#8221;h5&#8243; color=&#8221;#ffffff&#8221; size=&#8221;26&#8243; font_weight=&#8221;400&#8243; txt_transform=&#8221;none&#8221; font_family=&#8221;Open+Sans&#8221; font_type=&#8221;google&#8221; align=&#8221;center&#8221;]Necessites assessorament? Contacta amb nosaltres[\/mk_fancy_title][\/vc_column_inner][vc_column_inner width=&#8221;1\/3&#8243;][mk_button dimension=&#8221;flat&#8221; size=&#8221;large&#8221; url=&#8221;\/ca\/contacte\/&#8221; margin_right=&#8221;0&#8243; bg_color=&#8221;#ffffff&#8221; btn_hover_bg=&#8221;#ffffff&#8221; text_color=&#8221;dark&#8221; btn_hover_txt_color=&#8221;#0a0a0a&#8221;]CONTACTE[\/mk_button][\/vc_column_inner][\/vc_row_inner][\/vc_column][\/vc_row]\n<\/div>","protected":false},"excerpt":{"rendered":"<p>[vc_row fullwidth=&#8221;true&#8221; fullwidth_content=&#8221;false&#8221;][vc_column][mk_fancy_title color=&#8221;#939393&#8243; size=&#8221;40&#8243; font_weight=&#8221;200&#8243; txt_transform=&#8221;uppercase&#8221; margin_bottom=&#8221;5&#8243; font_family=&#8221;none&#8221; align=&#8221;center&#8221;]Patologies de la fusta[\/mk_fancy_title][mk_divider style=&#8221;thin_solid&#8221; divider_width=&#8221;custom_width&#8221; custom_width=&#8221;86&#8243; thickness=&#8221;5&#8243; margin_top=&#8221;0&#8243;][vc_column_text css=&#8221;.vc_custom_1583222749403{margin-bottom: 0px !important;}&#8221;]Diagn\u00f2stis de t\u00e8rmits i altres plagues xil\u00f2fagues a edificis de tot tipus amb fusta estructutral. Informes t\u00e8cnics per al plantejament de solucions de conservaci\u00f3, tractaments i rehabilitaci\u00f3.[\/vc_column_text][\/vc_column][\/vc_row][vc_row fullwidth=&#8221;true&#8221; fullwidth_content=&#8221;false&#8221;][vc_column width=&#8221;1\/2&#8243;][vc_column_text css=&#8221;.vc_custom_1583222767400{margin-bottom: 0px !important;}&#8221;] Patologies de [&hellip;]<\/p>\n","protected":false},"author":1,"featured_media":0,"parent":964,"menu_order":0,"comment_status":"closed","ping_status":"closed","template":"","meta":{"footnotes":""},"class_list":["post-959","page","type-page","status-publish","hentry"],"yoast_head":"<!-- This site is optimized with the Yoast SEO plugin v27.4 - https:\/\/yoast.com\/product\/yoast-seo-wordpress\/ -->\n<title>Patologies de la Fusta a Barcelona - Itabe Laboratorio<\/title>\n<meta name=\"description\" content=\"Patologies de la Fusta a Barcelona. Rehabilitaci\u00f3 d\u2019Estructures de Fusta. Eliminaci\u00f3 de t\u00e8rmits. Tractaments i Avaluaci\u00f3.\" \/>\n<meta name=\"robots\" content=\"index, follow, max-snippet:-1, max-image-preview:large, max-video-preview:-1\" \/>\n<link rel=\"canonical\" href=\"https:\/\/itabe.es\/ca\/serveis\/patologies-de-la-fusta\/\" \/>\n<meta property=\"og:locale\" content=\"ca_ES\" \/>\n<meta property=\"og:type\" content=\"article\" \/>\n<meta property=\"og:title\" content=\"Patologies de la Fusta a Barcelona - Itabe Laboratorio\" \/>\n<meta property=\"og:description\" content=\"Patologies de la Fusta a Barcelona. Rehabilitaci\u00f3 d\u2019Estructures de Fusta. Eliminaci\u00f3 de t\u00e8rmits. Tractaments i Avaluaci\u00f3.\" \/>\n<meta property=\"og:url\" content=\"https:\/\/itabe.es\/ca\/serveis\/patologies-de-la-fusta\/\" \/>\n<meta property=\"og:site_name\" content=\"Itabe Laboratorio\" \/>\n<meta property=\"article:modified_time\" content=\"2025-09-12T09:02:20+00:00\" \/>\n<meta property=\"og:image\" content=\"https:\/\/itabe.es\/wp-content\/uploads\/2019\/08\/eliminar-termitas-barcelona.jpg\" \/>\n<meta name=\"twitter:card\" content=\"summary_large_image\" \/>\n<meta name=\"twitter:image\" content=\"https:\/\/itabe.es\/wp-content\/uploads\/2019\/08\/eliminar-termitas-barcelona.jpg\" \/>\n<meta name=\"twitter:label1\" content=\"Temps estimat de lectura\" \/>\n\t<meta name=\"twitter:data1\" content=\"2 minuts\" \/>\n<script type=\"application\/ld+json\" class=\"yoast-schema-graph\">{\"@context\":\"https:\\\/\\\/schema.org\",\"@graph\":[{\"@type\":\"WebPage\",\"@id\":\"https:\\\/\\\/itabe.es\\\/ca\\\/serveis\\\/patologies-de-la-fusta\\\/\",\"url\":\"https:\\\/\\\/itabe.es\\\/ca\\\/serveis\\\/patologies-de-la-fusta\\\/\",\"name\":\"Patologies de la Fusta a Barcelona - Itabe Laboratorio\",\"isPartOf\":{\"@id\":\"https:\\\/\\\/itabe.es\\\/#website\"},\"datePublished\":\"2020-02-21T09:59:37+00:00\",\"dateModified\":\"2025-09-12T09:02:20+00:00\",\"description\":\"Patologies de la Fusta a Barcelona. Rehabilitaci\u00f3 d\u2019Estructures de Fusta. Eliminaci\u00f3 de t\u00e8rmits. Tractaments i Avaluaci\u00f3.\",\"breadcrumb\":{\"@id\":\"https:\\\/\\\/itabe.es\\\/ca\\\/serveis\\\/patologies-de-la-fusta\\\/#breadcrumb\"},\"inLanguage\":\"ca\",\"potentialAction\":[{\"@type\":\"ReadAction\",\"target\":[\"https:\\\/\\\/itabe.es\\\/ca\\\/serveis\\\/patologies-de-la-fusta\\\/\"]}]},{\"@type\":\"BreadcrumbList\",\"@id\":\"https:\\\/\\\/itabe.es\\\/ca\\\/serveis\\\/patologies-de-la-fusta\\\/#breadcrumb\",\"itemListElement\":[{\"@type\":\"ListItem\",\"position\":1,\"name\":\"Portada\",\"item\":\"https:\\\/\\\/itabe.es\\\/ca\\\/\"},{\"@type\":\"ListItem\",\"position\":2,\"name\":\"Serveis\",\"item\":\"https:\\\/\\\/itabe.es\\\/ca\\\/serveis\\\/\"},{\"@type\":\"ListItem\",\"position\":3,\"name\":\"Patologies de la fusta\"}]},{\"@type\":\"WebSite\",\"@id\":\"https:\\\/\\\/itabe.es\\\/#website\",\"url\":\"https:\\\/\\\/itabe.es\\\/\",\"name\":\"Itabe Laboratorio\",\"description\":\"Laboratorio ambiental, seguridad alimentaria\",\"potentialAction\":[{\"@type\":\"SearchAction\",\"target\":{\"@type\":\"EntryPoint\",\"urlTemplate\":\"https:\\\/\\\/itabe.es\\\/?s={search_term_string}\"},\"query-input\":{\"@type\":\"PropertyValueSpecification\",\"valueRequired\":true,\"valueName\":\"search_term_string\"}}],\"inLanguage\":\"ca\"}]}<\/script>\n<!-- \/ Yoast SEO plugin. -->","yoast_head_json":{"title":"Patologies de la Fusta a Barcelona - Itabe Laboratorio","description":"Patologies de la Fusta a Barcelona. Rehabilitaci\u00f3 d\u2019Estructures de Fusta. Eliminaci\u00f3 de t\u00e8rmits. Tractaments i Avaluaci\u00f3.","robots":{"index":"index","follow":"follow","max-snippet":"max-snippet:-1","max-image-preview":"max-image-preview:large","max-video-preview":"max-video-preview:-1"},"canonical":"https:\/\/itabe.es\/ca\/serveis\/patologies-de-la-fusta\/","og_locale":"ca_ES","og_type":"article","og_title":"Patologies de la Fusta a Barcelona - Itabe Laboratorio","og_description":"Patologies de la Fusta a Barcelona. Rehabilitaci\u00f3 d\u2019Estructures de Fusta. Eliminaci\u00f3 de t\u00e8rmits. Tractaments i Avaluaci\u00f3.","og_url":"https:\/\/itabe.es\/ca\/serveis\/patologies-de-la-fusta\/","og_site_name":"Itabe Laboratorio","article_modified_time":"2025-09-12T09:02:20+00:00","og_image":[{"url":"https:\/\/itabe.es\/wp-content\/uploads\/2019\/08\/eliminar-termitas-barcelona.jpg","type":"","width":"","height":""}],"twitter_card":"summary_large_image","twitter_image":"https:\/\/itabe.es\/wp-content\/uploads\/2019\/08\/eliminar-termitas-barcelona.jpg","twitter_misc":{"Temps estimat de lectura":"2 minuts"},"schema":{"@context":"https:\/\/schema.org","@graph":[{"@type":"WebPage","@id":"https:\/\/itabe.es\/ca\/serveis\/patologies-de-la-fusta\/","url":"https:\/\/itabe.es\/ca\/serveis\/patologies-de-la-fusta\/","name":"Patologies de la Fusta a Barcelona - Itabe Laboratorio","isPartOf":{"@id":"https:\/\/itabe.es\/#website"},"datePublished":"2020-02-21T09:59:37+00:00","dateModified":"2025-09-12T09:02:20+00:00","description":"Patologies de la Fusta a Barcelona. Rehabilitaci\u00f3 d\u2019Estructures de Fusta. Eliminaci\u00f3 de t\u00e8rmits. Tractaments i Avaluaci\u00f3.","breadcrumb":{"@id":"https:\/\/itabe.es\/ca\/serveis\/patologies-de-la-fusta\/#breadcrumb"},"inLanguage":"ca","potentialAction":[{"@type":"ReadAction","target":["https:\/\/itabe.es\/ca\/serveis\/patologies-de-la-fusta\/"]}]},{"@type":"BreadcrumbList","@id":"https:\/\/itabe.es\/ca\/serveis\/patologies-de-la-fusta\/#breadcrumb","itemListElement":[{"@type":"ListItem","position":1,"name":"Portada","item":"https:\/\/itabe.es\/ca\/"},{"@type":"ListItem","position":2,"name":"Serveis","item":"https:\/\/itabe.es\/ca\/serveis\/"},{"@type":"ListItem","position":3,"name":"Patologies de la fusta"}]},{"@type":"WebSite","@id":"https:\/\/itabe.es\/#website","url":"https:\/\/itabe.es\/","name":"Itabe Laboratorio","description":"Laboratorio ambiental, seguridad alimentaria","potentialAction":[{"@type":"SearchAction","target":{"@type":"EntryPoint","urlTemplate":"https:\/\/itabe.es\/?s={search_term_string}"},"query-input":{"@type":"PropertyValueSpecification","valueRequired":true,"valueName":"search_term_string"}}],"inLanguage":"ca"}]}},"_links":{"self":[{"href":"https:\/\/itabe.es\/ca\/wp-json\/wp\/v2\/pages\/959","targetHints":{"allow":["GET"]}}],"collection":[{"href":"https:\/\/itabe.es\/ca\/wp-json\/wp\/v2\/pages"}],"about":[{"href":"https:\/\/itabe.es\/ca\/wp-json\/wp\/v2\/types\/page"}],"author":[{"embeddable":true,"href":"https:\/\/itabe.es\/ca\/wp-json\/wp\/v2\/users\/1"}],"replies":[{"embeddable":true,"href":"https:\/\/itabe.es\/ca\/wp-json\/wp\/v2\/comments?post=959"}],"version-history":[{"count":8,"href":"https:\/\/itabe.es\/ca\/wp-json\/wp\/v2\/pages\/959\/revisions"}],"predecessor-version":[{"id":1842,"href":"https:\/\/itabe.es\/ca\/wp-json\/wp\/v2\/pages\/959\/revisions\/1842"}],"up":[{"embeddable":true,"href":"https:\/\/itabe.es\/ca\/wp-json\/wp\/v2\/pages\/964"}],"wp:attachment":[{"href":"https:\/\/itabe.es\/ca\/wp-json\/wp\/v2\/media?parent=959"}],"curies":[{"name":"wp","href":"https:\/\/api.w.org\/{rel}","templated":true}]}}