{"id":958,"date":"2020-02-21T10:58:14","date_gmt":"2020-02-21T09:58:14","guid":{"rendered":"https:\/\/itabe.es\/?page_id=958"},"modified":"2025-08-14T09:05:51","modified_gmt":"2025-08-14T07:05:51","slug":"laboratori-analisis-ambientals-a-barcelona","status":"publish","type":"page","link":"https:\/\/itabe.es\/ca\/serveis\/laboratori-analisis-ambientals-a-barcelona\/","title":{"rendered":"Laboratori d\u2019an\u00e0lisis ambientals a Barcelona"},"content":{"rendered":"<div class=\"wpb-content-wrapper\">[vc_row fullwidth=&#8221;true&#8221; fullwidth_content=&#8221;false&#8221;][vc_column][mk_fancy_title color=&#8221;#939393&#8243; size=&#8221;40&#8243; font_weight=&#8221;200&#8243; txt_transform=&#8221;uppercase&#8221; margin_bottom=&#8221;5&#8243; font_family=&#8221;none&#8221; align=&#8221;center&#8221;]Laboratori d\u2019an\u00e0lisis ambientals[\/mk_fancy_title][mk_divider style=&#8221;thin_solid&#8221; divider_width=&#8221;custom_width&#8221; custom_width=&#8221;86&#8243; thickness=&#8221;5&#8243; margin_top=&#8221;0&#8243;][vc_column_text css=&#8221;.vc_custom_1583222392976{margin-bottom: 0px !important;}&#8221;]Laboratori d\u2019an\u00e0lisis ambientals: parcs, sorrals i qualitat de l\u2019aire interior.[\/vc_column_text][\/vc_column][\/vc_row][vc_row fullwidth=&#8221;true&#8221; fullwidth_content=&#8221;false&#8221;][vc_column width=&#8221;1\/2&#8243;][vc_column_text css=&#8221;.vc_custom_1583222424550{margin-bottom: 0px !important;}&#8221;]\n<h2>Laboratori ambiental a Barcelona:<\/h2>\n[\/vc_column_text][vc_accordions container_bg_color=&#8221;#ffffff&#8221;][vc_accordion_tab icon=&#8221;mk-moon-windy&#8221; title=&#8221;Qualitat de l\u2019Aire Interior&#8221;][vc_column_text css=&#8221;.vc_custom_1583222463029{margin-bottom: 0px !important;}&#8221;]\n<h3>An\u00e0lisi de Qualitat de l\u2019Aire Interior<\/h3>\n<p>La qualitat de l\u2019ambient interior est\u00e0 cobrant cada vegada m\u00e9s import\u00e0ncia i cada dia es disposa de m\u00e9s informaci\u00f3n per a prevenir les enfermetats que poden derivar-se d\u2019elles.<\/p>\n<p>La c\u00e0rrega microbiana (bact\u00e8ries i fongs) i de contaminaci\u00f3 (CO, part\u00edcules en suspensi\u00f3, NO<sub>2<\/sub>) present a determinats ambients interiors tenen un potencial impacte negatiu sobre la salut del seus ocupants, com infeccions, reaccions al\u00b7l\u00e8rgiques, quadres d\u2019asma, efectes t\u00f2xics, etc.<\/p>\n<p>Els sistemes de climatitizaci\u00f3, en particular, poden arribar a convertir-se en llocs ideals per al creixement i la propagaci\u00f3 dels microbis, ja sigui a resid\u00e8ncies particulars, oficines, naus industrials, etc., \u00e9s per aix\u00f2 que resulta fonamental valorar l\u2019estat higi\u00e8nic de les instal\u00b7lacions com actuaci\u00f3 de prevenci\u00f3 davant altres alteracions que disminueixen la qualitat de l\u2019aire interior.[\/vc_column_text][\/vc_accordion_tab][vc_accordion_tab icon=&#8221;mk-icon-child&#8221; title=&#8221;Parcs i Sorrals&#8221;][vc_column_text css=&#8221;.vc_custom_1583222533475{margin-bottom: 0px !important;}&#8221;]\n<h3>An\u00e0lisis de Parcs i Sorrals a Barcelona<\/h3>\n<p>Els sorrals infantils que trobem a guarderies, escoles, parcs publics, zones de joc,\u2026, es poden veure contaminades amb microorganismes, material org\u00e0nic o inorg\u00e0nic i par\u00e0sits procedents d\u2019excrements d\u2019animals, com gossos, gats i ocells.<\/p>\n<p>La presa de mostres de sorra i posterior an\u00e0lisi al laboratori resulta fonamental per a esbrinar si es compleixen les exig\u00e8ncies higienico-sanit\u00e0ries establertes en les Normes de Prevenci\u00f3 (NTJ 13R) i evitar els protencials ricsc derivats d\u2019un incorrecte manteniment.<\/p>\n<p>La norma estableix l\u2019an\u00e0lisi de par\u00e0metres microbiol\u00f2gics relacionars amb contaminaci\u00f3 fecal (enterococs, <em>Escherichia coli<\/em>) i parasitol\u00f2gics (ous i\/o quistos de protozous m\u00e9s freq\u00fcents que puguin afectar a humans com <em>Toxocara spp.<\/em>, <em>Ascaris lumbricoides<\/em>, <em>Taenia spp<\/em>., etc.)[\/vc_column_text][\/vc_accordion_tab][\/vc_accordions][\/vc_column][vc_column width=&#8221;1\/2&#8243;][vc_single_image image=&#8221;818&#8243; img_size=&#8221;full&#8221;][\/vc_column][\/vc_row][vc_row fullwidth=&#8221;true&#8221; fullwidth_content=&#8221;false&#8221;][vc_column][vc_empty_space][vc_separator border_width=&#8221;2&#8243;][\/vc_column][\/vc_row][vc_row][vc_column][vc_column_text]\n[\/vc_column_text][\/vc_column][\/vc_row][vc_row fullwidth=&#8221;true&#8221; fullwidth_content=&#8221;false&#8221; css=&#8221;.vc_custom_1561981108392{background-color: #990100 !important;}&#8221;][vc_column][mk_padding_divider size=&#8221;30&#8243;][vc_row_inner][vc_column_inner width=&#8221;2\/3&#8243;][mk_padding_divider size=&#8221;10&#8243;][mk_fancy_title tag_name=&#8221;h5&#8243; color=&#8221;#ffffff&#8221; size=&#8221;26&#8243; font_weight=&#8221;400&#8243; txt_transform=&#8221;none&#8221; font_family=&#8221;Open+Sans&#8221; font_type=&#8221;google&#8221; align=&#8221;center&#8221;]Necessites assessorament? Contacta amb nosaltres[\/mk_fancy_title][\/vc_column_inner][vc_column_inner width=&#8221;1\/3&#8243;][mk_button dimension=&#8221;flat&#8221; size=&#8221;large&#8221; url=&#8221;\/ca\/contacte\/&#8221; margin_right=&#8221;0&#8243; bg_color=&#8221;#ffffff&#8221; btn_hover_bg=&#8221;#ffffff&#8221; text_color=&#8221;dark&#8221; btn_hover_txt_color=&#8221;#0a0a0a&#8221;]CONTACTE[\/mk_button][\/vc_column_inner][\/vc_row_inner][\/vc_column][\/vc_row]\n<\/div>","protected":false},"excerpt":{"rendered":"<p>[vc_row fullwidth=&#8221;true&#8221; fullwidth_content=&#8221;false&#8221;][vc_column][mk_fancy_title color=&#8221;#939393&#8243; size=&#8221;40&#8243; font_weight=&#8221;200&#8243; txt_transform=&#8221;uppercase&#8221; margin_bottom=&#8221;5&#8243; font_family=&#8221;none&#8221; align=&#8221;center&#8221;]Laboratori d\u2019an\u00e0lisis ambientals[\/mk_fancy_title][mk_divider style=&#8221;thin_solid&#8221; divider_width=&#8221;custom_width&#8221; custom_width=&#8221;86&#8243; thickness=&#8221;5&#8243; margin_top=&#8221;0&#8243;][vc_column_text css=&#8221;.vc_custom_1583222392976{margin-bottom: 0px !important;}&#8221;]Laboratori d\u2019an\u00e0lisis ambientals: parcs, sorrals i qualitat de l\u2019aire interior.[\/vc_column_text][\/vc_column][\/vc_row][vc_row fullwidth=&#8221;true&#8221; fullwidth_content=&#8221;false&#8221;][vc_column width=&#8221;1\/2&#8243;][vc_column_text css=&#8221;.vc_custom_1583222424550{margin-bottom: 0px !important;}&#8221;] Laboratori ambiental a Barcelona: [\/vc_column_text][vc_accordions container_bg_color=&#8221;#ffffff&#8221;][vc_accordion_tab icon=&#8221;mk-moon-windy&#8221; title=&#8221;Qualitat de l\u2019Aire Interior&#8221;][vc_column_text css=&#8221;.vc_custom_1583222463029{margin-bottom: 0px !important;}&#8221;] An\u00e0lisi de Qualitat de l\u2019Aire Interior [&hellip;]<\/p>\n","protected":false},"author":1,"featured_media":0,"parent":964,"menu_order":0,"comment_status":"closed","ping_status":"closed","template":"","meta":{"footnotes":""},"class_list":["post-958","page","type-page","status-publish","hentry"],"yoast_head":"<!-- This site is optimized with the Yoast SEO plugin v27.4 - https:\/\/yoast.com\/product\/yoast-seo-wordpress\/ -->\n<title>Laboratori d\u2019an\u00e0lisis ambientals a Barcelona - Itabe<\/title>\n<meta name=\"description\" content=\"Laboratori d\u2019an\u00e0lisis ambientals a Barcelona: An\u00e0lisi de la Qualitat de l\u2019aire interior (C\u00e0rrega microbiana, bact\u00e8ries, fongs, CO,\u2026), Parcs i sorrals.\" \/>\n<meta name=\"robots\" content=\"index, follow, max-snippet:-1, max-image-preview:large, max-video-preview:-1\" \/>\n<link rel=\"canonical\" href=\"https:\/\/itabe.es\/ca\/serveis\/laboratori-analisis-ambientals-a-barcelona\/\" \/>\n<meta property=\"og:locale\" content=\"ca_ES\" \/>\n<meta property=\"og:type\" content=\"article\" \/>\n<meta property=\"og:title\" content=\"Laboratori d\u2019an\u00e0lisis ambientals a Barcelona - Itabe\" \/>\n<meta property=\"og:description\" content=\"Laboratori d\u2019an\u00e0lisis ambientals a Barcelona: An\u00e0lisi de la Qualitat de l\u2019aire interior (C\u00e0rrega microbiana, bact\u00e8ries, fongs, CO,\u2026), Parcs i sorrals.\" \/>\n<meta property=\"og:url\" content=\"https:\/\/itabe.es\/ca\/serveis\/laboratori-analisis-ambientals-a-barcelona\/\" \/>\n<meta property=\"og:site_name\" content=\"Itabe Laboratorio\" \/>\n<meta property=\"article:modified_time\" content=\"2025-08-14T07:05:51+00:00\" \/>\n<meta name=\"twitter:card\" content=\"summary_large_image\" \/>\n<meta name=\"twitter:label1\" content=\"Temps estimat de lectura\" \/>\n\t<meta name=\"twitter:data1\" content=\"2 minuts\" \/>\n<script type=\"application\/ld+json\" class=\"yoast-schema-graph\">{\"@context\":\"https:\\\/\\\/schema.org\",\"@graph\":[{\"@type\":\"WebPage\",\"@id\":\"https:\\\/\\\/itabe.es\\\/ca\\\/serveis\\\/laboratori-analisis-ambientals-a-barcelona\\\/\",\"url\":\"https:\\\/\\\/itabe.es\\\/ca\\\/serveis\\\/laboratori-analisis-ambientals-a-barcelona\\\/\",\"name\":\"Laboratori d\u2019an\u00e0lisis ambientals a Barcelona - Itabe\",\"isPartOf\":{\"@id\":\"https:\\\/\\\/itabe.es\\\/#website\"},\"datePublished\":\"2020-02-21T09:58:14+00:00\",\"dateModified\":\"2025-08-14T07:05:51+00:00\",\"description\":\"Laboratori d\u2019an\u00e0lisis ambientals a Barcelona: An\u00e0lisi de la Qualitat de l\u2019aire interior (C\u00e0rrega microbiana, bact\u00e8ries, fongs, CO,\u2026), Parcs i sorrals.\",\"breadcrumb\":{\"@id\":\"https:\\\/\\\/itabe.es\\\/ca\\\/serveis\\\/laboratori-analisis-ambientals-a-barcelona\\\/#breadcrumb\"},\"inLanguage\":\"ca\",\"potentialAction\":[{\"@type\":\"ReadAction\",\"target\":[\"https:\\\/\\\/itabe.es\\\/ca\\\/serveis\\\/laboratori-analisis-ambientals-a-barcelona\\\/\"]}]},{\"@type\":\"BreadcrumbList\",\"@id\":\"https:\\\/\\\/itabe.es\\\/ca\\\/serveis\\\/laboratori-analisis-ambientals-a-barcelona\\\/#breadcrumb\",\"itemListElement\":[{\"@type\":\"ListItem\",\"position\":1,\"name\":\"Portada\",\"item\":\"https:\\\/\\\/itabe.es\\\/ca\\\/\"},{\"@type\":\"ListItem\",\"position\":2,\"name\":\"Serveis\",\"item\":\"https:\\\/\\\/itabe.es\\\/ca\\\/serveis\\\/\"},{\"@type\":\"ListItem\",\"position\":3,\"name\":\"Laboratori d\u2019an\u00e0lisis ambientals a Barcelona\"}]},{\"@type\":\"WebSite\",\"@id\":\"https:\\\/\\\/itabe.es\\\/#website\",\"url\":\"https:\\\/\\\/itabe.es\\\/\",\"name\":\"Itabe Laboratorio\",\"description\":\"Laboratorio ambiental, seguridad alimentaria\",\"potentialAction\":[{\"@type\":\"SearchAction\",\"target\":{\"@type\":\"EntryPoint\",\"urlTemplate\":\"https:\\\/\\\/itabe.es\\\/?s={search_term_string}\"},\"query-input\":{\"@type\":\"PropertyValueSpecification\",\"valueRequired\":true,\"valueName\":\"search_term_string\"}}],\"inLanguage\":\"ca\"}]}<\/script>\n<!-- \/ Yoast SEO plugin. -->","yoast_head_json":{"title":"Laboratori d\u2019an\u00e0lisis ambientals a Barcelona - Itabe","description":"Laboratori d\u2019an\u00e0lisis ambientals a Barcelona: An\u00e0lisi de la Qualitat de l\u2019aire interior (C\u00e0rrega microbiana, bact\u00e8ries, fongs, CO,\u2026), Parcs i sorrals.","robots":{"index":"index","follow":"follow","max-snippet":"max-snippet:-1","max-image-preview":"max-image-preview:large","max-video-preview":"max-video-preview:-1"},"canonical":"https:\/\/itabe.es\/ca\/serveis\/laboratori-analisis-ambientals-a-barcelona\/","og_locale":"ca_ES","og_type":"article","og_title":"Laboratori d\u2019an\u00e0lisis ambientals a Barcelona - Itabe","og_description":"Laboratori d\u2019an\u00e0lisis ambientals a Barcelona: An\u00e0lisi de la Qualitat de l\u2019aire interior (C\u00e0rrega microbiana, bact\u00e8ries, fongs, CO,\u2026), Parcs i sorrals.","og_url":"https:\/\/itabe.es\/ca\/serveis\/laboratori-analisis-ambientals-a-barcelona\/","og_site_name":"Itabe Laboratorio","article_modified_time":"2025-08-14T07:05:51+00:00","twitter_card":"summary_large_image","twitter_misc":{"Temps estimat de lectura":"2 minuts"},"schema":{"@context":"https:\/\/schema.org","@graph":[{"@type":"WebPage","@id":"https:\/\/itabe.es\/ca\/serveis\/laboratori-analisis-ambientals-a-barcelona\/","url":"https:\/\/itabe.es\/ca\/serveis\/laboratori-analisis-ambientals-a-barcelona\/","name":"Laboratori d\u2019an\u00e0lisis ambientals a Barcelona - Itabe","isPartOf":{"@id":"https:\/\/itabe.es\/#website"},"datePublished":"2020-02-21T09:58:14+00:00","dateModified":"2025-08-14T07:05:51+00:00","description":"Laboratori d\u2019an\u00e0lisis ambientals a Barcelona: An\u00e0lisi de la Qualitat de l\u2019aire interior (C\u00e0rrega microbiana, bact\u00e8ries, fongs, CO,\u2026), Parcs i sorrals.","breadcrumb":{"@id":"https:\/\/itabe.es\/ca\/serveis\/laboratori-analisis-ambientals-a-barcelona\/#breadcrumb"},"inLanguage":"ca","potentialAction":[{"@type":"ReadAction","target":["https:\/\/itabe.es\/ca\/serveis\/laboratori-analisis-ambientals-a-barcelona\/"]}]},{"@type":"BreadcrumbList","@id":"https:\/\/itabe.es\/ca\/serveis\/laboratori-analisis-ambientals-a-barcelona\/#breadcrumb","itemListElement":[{"@type":"ListItem","position":1,"name":"Portada","item":"https:\/\/itabe.es\/ca\/"},{"@type":"ListItem","position":2,"name":"Serveis","item":"https:\/\/itabe.es\/ca\/serveis\/"},{"@type":"ListItem","position":3,"name":"Laboratori d\u2019an\u00e0lisis ambientals a Barcelona"}]},{"@type":"WebSite","@id":"https:\/\/itabe.es\/#website","url":"https:\/\/itabe.es\/","name":"Itabe Laboratorio","description":"Laboratorio ambiental, seguridad alimentaria","potentialAction":[{"@type":"SearchAction","target":{"@type":"EntryPoint","urlTemplate":"https:\/\/itabe.es\/?s={search_term_string}"},"query-input":{"@type":"PropertyValueSpecification","valueRequired":true,"valueName":"search_term_string"}}],"inLanguage":"ca"}]}},"_links":{"self":[{"href":"https:\/\/itabe.es\/ca\/wp-json\/wp\/v2\/pages\/958","targetHints":{"allow":["GET"]}}],"collection":[{"href":"https:\/\/itabe.es\/ca\/wp-json\/wp\/v2\/pages"}],"about":[{"href":"https:\/\/itabe.es\/ca\/wp-json\/wp\/v2\/types\/page"}],"author":[{"embeddable":true,"href":"https:\/\/itabe.es\/ca\/wp-json\/wp\/v2\/users\/1"}],"replies":[{"embeddable":true,"href":"https:\/\/itabe.es\/ca\/wp-json\/wp\/v2\/comments?post=958"}],"version-history":[{"count":6,"href":"https:\/\/itabe.es\/ca\/wp-json\/wp\/v2\/pages\/958\/revisions"}],"predecessor-version":[{"id":1779,"href":"https:\/\/itabe.es\/ca\/wp-json\/wp\/v2\/pages\/958\/revisions\/1779"}],"up":[{"embeddable":true,"href":"https:\/\/itabe.es\/ca\/wp-json\/wp\/v2\/pages\/964"}],"wp:attachment":[{"href":"https:\/\/itabe.es\/ca\/wp-json\/wp\/v2\/media?parent=958"}],"curies":[{"name":"wp","href":"https:\/\/api.w.org\/{rel}","templated":true}]}}