{"id":956,"date":"2020-02-21T10:57:52","date_gmt":"2020-02-21T09:57:52","guid":{"rendered":"https:\/\/itabe.es\/?page_id=956"},"modified":"2025-08-14T09:01:30","modified_gmt":"2025-08-14T07:01:30","slug":"aigua-i-legionel%c2%b7la","status":"publish","type":"page","link":"https:\/\/itabe.es\/ca\/serveis\/laboratori-ambiental-y-alimentari\/aigua-i-legionel%c2%b7la\/","title":{"rendered":"Aigua i Legionel\u00b7la"},"content":{"rendered":"<div class=\"wpb-content-wrapper\">[vc_row fullwidth=&#8221;true&#8221; fullwidth_content=&#8221;false&#8221;][vc_column][mk_fancy_title color=&#8221;#939393&#8243; size=&#8221;40&#8243; font_weight=&#8221;200&#8243; txt_transform=&#8221;uppercase&#8221; margin_bottom=&#8221;5&#8243; font_family=&#8221;none&#8221; align=&#8221;center&#8221;]Laboratori d\u2019aigua i legionel\u00b7la a Barcelona[\/mk_fancy_title][mk_divider style=&#8221;thin_solid&#8221; divider_width=&#8221;custom_width&#8221; custom_width=&#8221;86&#8243; thickness=&#8221;5&#8243; margin_top=&#8221;0&#8243;][vc_column_text css=&#8221;.vc_custom_1583221514947{margin-bottom: 0px !important;}&#8221;]Legionel\u00b7la \u00e9s una bacteria ambiental associada al medi aqu\u00e0tic, que colonitza tot tipus d\u2019instal\u00b7lacions d\u2019aigua a partir del subministrament municipal. L\u2019actual normativa estatal en vigor que regula la prevenci\u00f3 en materia de Legionel\u00b7la \u00e9s el Reial Decret 865\/2003.<\/p>\n<p>La qualitat de les aig\u00fces potables i d\u2019us recreatiu tamb\u00e9 es troba regulat a la nostra legislaci\u00f3. Els nostres assajos permeten verificar el cumpliment d\u2019aquest requisits i l\u2019aus\u00e8ncia de riscs per a la salut.[\/vc_column_text][\/vc_column][\/vc_row][vc_row fullwidth=&#8221;true&#8221; fullwidth_content=&#8221;false&#8221;][vc_column width=&#8221;1\/2&#8243;][vc_column_text css=&#8221;.vc_custom_1583221561500{margin-bottom: 0px !important;}&#8221;]\n<h2>Control de legionel\u00b7la a <strong>B<\/strong>arcelona i an\u00e0lisis d\u2019aigua:<\/h2>\n[\/vc_column_text][vc_accordions container_bg_color=&#8221;#ffffff&#8221;][vc_accordion_tab icon=&#8221;mk-icon-bug&#8221; title=&#8221;An\u00e0lisi de Legionel\u00b7la a Barcelona&#8221;][vc_column_text css=&#8221;.vc_custom_1583221628833{margin-bottom: 0px !important;}&#8221;]\n<h3>An\u00e0lisi de Legionel\u00b7la a Barcelona<\/h3>\n<p>Prestem serveis de control i an\u00e0lisi de Legionel\u00b7la a Barcelona:<\/p>\n<p>La periodicitat de les an\u00e1lisis s\u2019estableix en funci\u00f3 del tipus d\u2019instal\u00b7laci\u00f3 (alt o baix risc), dels punts de control cr\u00edtic espec\u00edfics i del col\u00b7lectiu d\u2019usuaris als que es deu protegir.<\/p>\n<p>Els controls de Legionel\u00b7la determinen al laboratori la seva esp\u00e8cie i serogrup, i s\u2019apliquen a:<\/p>\n<ul>\n<li>Sistemes d\u2019aigua freda i calent sanit\u00e0ria d\u2019hotels, centres esportius, resid\u00e8ncies, escoles, centres m\u00e8dics,\u2026<\/li>\n<li>Jacuzzis<\/li>\n<li>Torres de refrigeraci\u00f3 i condensadors evaporatius<\/li>\n<li>Dip\u00f2sits contraincendis<\/li>\n<li>Circuits de reg<\/li>\n<li>M\u00e0quines d\u2019escombrar<\/li>\n<li>Fonts ornamentals<\/li>\n<li>Qualsevol instal\u00b7laci\u00f3 amb possibilitat de generar aigua aerosolitzada.<\/li>\n<\/ul>\n[\/vc_column_text][\/vc_accordion_tab][vc_accordion_tab icon=&#8221;mk-moon-droplet-2&#8243; title=&#8221;Aig\u00fces Consum Hum\u00e0&#8221;][vc_column_text css=&#8221;.vc_custom_1583221719547{margin-bottom: 0px !important;}&#8221;]\n<h3>Laboratori d\u2019An\u00e0lisis d\u2019Aigua a Barcelona<\/h3>\n<p>Les aig\u00fces de consum hum\u00e0 i les instal\u00b7lacions que les subministren han de complir tota una s\u00e8rie de criteris sanitaris per garantitzar la salut del consumidor (Reial Decret 140\/2003).<\/p>\n<p>L\u2019aigua que utilitzem per beure, cuinar, rentar-nos, aix\u00ed com l\u2019utilitzada en la ind\u00fastria aliment\u00e0ria (fabricaci\u00f3, conservaci\u00f3, neteja, etc) pot veure\u2019s alterada per contaminants f\u00edsico-qu\u00edmics i microbiol\u00f2gics que en major o menor mesura la inhabiliten per a un \u00fas concret.<\/p>\n<p>El nostre laboratori d\u2019an\u00e0lisi d\u2019aigua, mitjan\u00e7ant les anal\u00edtiques de potabilitat en aixetes, dip\u00f2sits, equips d\u2019\u00f2smosi, m\u00e0quines de gel, fonts amb filtres de carb\u00f3 actiu, etc., avaluem el compliment de la normativa vigent i ressoluci\u00f3 de possibles problemes.<\/p>\n<p>Els par\u00e0metres m\u00e9s comuns que s\u2019analitzen a aig\u00fces potables s\u00f3n: pH, conductivitat, terbolesa, amoni, metalls, nitrats i nitrits, clorurs, duresa, sodi, bact\u00e8ries aer\u00f2bies, coliformes, <em>Escherichia coli<\/em>, <em>Clostridium<\/em>, etc.[\/vc_column_text][\/vc_accordion_tab][vc_accordion_tab icon=&#8221;mk-moon-droplet-4&#8243; title=&#8221;Pous i fonts&#8221;][vc_column_text css=&#8221;.vc_custom_1583221793601{margin-bottom: 0px !important;}&#8221;]\n<h3>An\u00e0lisi de Pous i Fonts a Barcelona<\/h3>\n<p>L\u2019\u00fas d\u2019aigua procedent de pous particulars i de fonts anaturals \u00f1es una activitat freq\u00fcent que requereix d\u2019una vigilancia especial.<\/p>\n<p>En tractar-se d\u2019aig\u00fces no tractades i estar influenciadesper l\u2019entorn que les envolta (tipus de s\u00f2l, activitats agr\u00edcolas o ramaderes, abocaments industrials, contacte amb animals,\u2026) s\u2019han de verificar la seva idone\u00eftat abans dedonar-li un \u00fas concret, ja sigui el consum, el reg, la neteja, etc.<\/p>\n<p>L\u2019an\u00e0lisi regular dels seus par\u00e0metres f\u00edsico-qu\u00edmics i microbiol\u00f2gics ens permeten mantenir una informaci\u00f3n hist\u00f2rica actualitzada de la qualitat de l\u2019aigua amb la qual poder prendre decissions respecte al seva utilitzaci\u00f3.[\/vc_column_text][\/vc_accordion_tab][vc_accordion_tab icon=&#8221;mk-moon-eyedropper-2&#8243; title=&#8221;Piscines&#8221;][vc_column_text css=&#8221;.vc_custom_1583221859393{margin-bottom: 0px !important;}&#8221;]\n<h3>An\u00e0lisi de Piscines a Barcelona<\/h3>\n<p>Una piscina sense els controls adequats d\u2019aigua \u00e9s un risc d\u2019infecci\u00f3 bacteriana, d\u2019irritacions oculars, otitis, dermatitis,\u2026<\/p>\n<p>Segons les condicions de l\u2019aigua, l\u2019ambient i les superf\u00edcies els microorganismes de l\u2019entorn i els aportats pels banyistes poden multiplicar-se r\u00e0pidament provocant infeccions a altres usuaris.<\/p>\n<p>A m\u00e9s, poden produir-se tamb\u00e9 irritacions, alteracions de\u00a0 la pell i mucoses o incl\u00fas problemas respiratoris per reacci\u00f3 a nivells inadequats de desinfectant.<\/p>\n<p>El Reial Decret 742\/2013 i el Decret 95\/2000 tenen per objecte establir els criteris b\u00e0sics de la qualitat de l\u2019aigua i de l\u2019aire amb la finalitat de protegir la salut dels usuaris, establint una freq\u00fc\u00e8ncia regular d\u2019an\u00e0lisi a:<\/p>\n<ul>\n<li>Piscines exteriors<\/li>\n<li>Piscines interiors<\/li>\n<li>Spas<\/li>\n<li>Jacuzzis<\/li>\n<\/ul>\n<p>Par\u00e0metres comuns d\u2019an\u00e0lisi: pH, terbolesa, amoni, clor\/brom residual, oxidabilitat, <em>Escherichia coli<\/em>, <em>Staphylococcus aureus, Pseudomonas aeruginosa<\/em>, coliformes fecals.[\/vc_column_text][\/vc_accordion_tab][\/vc_accordions][\/vc_column][vc_column width=&#8221;1\/2&#8243;][vc_single_image image=&#8221;810&#8243; img_size=&#8221;full&#8221;][\/vc_column][\/vc_row][vc_row fullwidth=&#8221;true&#8221; fullwidth_content=&#8221;false&#8221;][vc_column][vc_empty_space][vc_separator border_width=&#8221;2&#8243;][\/vc_column][\/vc_row][vc_row][vc_column][vc_column_text]\n[\/vc_column_text][\/vc_column][\/vc_row][vc_row fullwidth=&#8221;true&#8221; fullwidth_content=&#8221;false&#8221; css=&#8221;.vc_custom_1561981108392{background-color: #990100 !important;}&#8221;][vc_column][mk_padding_divider size=&#8221;30&#8243;][vc_row_inner][vc_column_inner width=&#8221;2\/3&#8243;][mk_padding_divider size=&#8221;10&#8243;][mk_fancy_title tag_name=&#8221;h5&#8243; color=&#8221;#ffffff&#8221; size=&#8221;26&#8243; font_weight=&#8221;400&#8243; txt_transform=&#8221;none&#8221; font_family=&#8221;Open+Sans&#8221; font_type=&#8221;google&#8221; align=&#8221;center&#8221;]Necessites assessorament? Contacta amb nosaltres[\/mk_fancy_title][\/vc_column_inner][vc_column_inner width=&#8221;1\/3&#8243;][mk_button dimension=&#8221;flat&#8221; size=&#8221;large&#8221; url=&#8221;\/ca\/contacte\/&#8221; margin_right=&#8221;0&#8243; bg_color=&#8221;#ffffff&#8221; btn_hover_bg=&#8221;#ffffff&#8221; text_color=&#8221;dark&#8221; btn_hover_txt_color=&#8221;#0a0a0a&#8221;]CONTACTE[\/mk_button][\/vc_column_inner][\/vc_row_inner][\/vc_column][\/vc_row]\n<\/div>","protected":false},"excerpt":{"rendered":"<p>[vc_row fullwidth=&#8221;true&#8221; fullwidth_content=&#8221;false&#8221;][vc_column][mk_fancy_title color=&#8221;#939393&#8243; size=&#8221;40&#8243; font_weight=&#8221;200&#8243; txt_transform=&#8221;uppercase&#8221; margin_bottom=&#8221;5&#8243; font_family=&#8221;none&#8221; align=&#8221;center&#8221;]Laboratori d\u2019aigua i legionel\u00b7la a Barcelona[\/mk_fancy_title][mk_divider style=&#8221;thin_solid&#8221; divider_width=&#8221;custom_width&#8221; custom_width=&#8221;86&#8243; thickness=&#8221;5&#8243; margin_top=&#8221;0&#8243;][vc_column_text css=&#8221;.vc_custom_1583221514947{margin-bottom: 0px !important;}&#8221;]Legionel\u00b7la \u00e9s una bacteria ambiental associada al medi aqu\u00e0tic, que colonitza tot tipus d\u2019instal\u00b7lacions d\u2019aigua a partir del subministrament municipal. L\u2019actual normativa estatal en vigor que regula la prevenci\u00f3 en materia de Legionel\u00b7la [&hellip;]<\/p>\n","protected":false},"author":1,"featured_media":0,"parent":955,"menu_order":0,"comment_status":"closed","ping_status":"closed","template":"","meta":{"footnotes":""},"class_list":["post-956","page","type-page","status-publish","hentry"],"yoast_head":"<!-- This site is optimized with the Yoast SEO plugin v27.4 - https:\/\/yoast.com\/product\/yoast-seo-wordpress\/ -->\n<title>Laboratori d\u2019aigua a Barcelona. Legionel\u00b7la - Itabe<\/title>\n<meta name=\"description\" content=\"Laboratori d\u2019aigua a Barcelona. Legionel\u00b7la. An\u00e0lisi de Legionel\u00b7la, aig\u00fces de consum hum\u00e0, an\u00e0lisi de pous, fonts i an\u00e0lisi de piscines.\" \/>\n<meta name=\"robots\" content=\"index, follow, max-snippet:-1, max-image-preview:large, max-video-preview:-1\" \/>\n<link rel=\"canonical\" href=\"https:\/\/itabe.es\/ca\/serveis\/laboratori-ambiental-y-alimentari\/aigua-i-legionel\u00b7la\/\" \/>\n<meta property=\"og:locale\" content=\"ca_ES\" \/>\n<meta property=\"og:type\" content=\"article\" \/>\n<meta property=\"og:title\" content=\"Laboratori d\u2019aigua a Barcelona. Legionel\u00b7la - Itabe\" \/>\n<meta property=\"og:description\" content=\"Laboratori d\u2019aigua a Barcelona. Legionel\u00b7la. An\u00e0lisi de Legionel\u00b7la, aig\u00fces de consum hum\u00e0, an\u00e0lisi de pous, fonts i an\u00e0lisi de piscines.\" \/>\n<meta property=\"og:url\" content=\"https:\/\/itabe.es\/ca\/serveis\/laboratori-ambiental-y-alimentari\/aigua-i-legionel\u00b7la\/\" \/>\n<meta property=\"og:site_name\" content=\"Itabe Laboratorio\" \/>\n<meta property=\"article:modified_time\" content=\"2025-08-14T07:01:30+00:00\" \/>\n<meta name=\"twitter:card\" content=\"summary_large_image\" \/>\n<meta name=\"twitter:label1\" content=\"Temps estimat de lectura\" \/>\n\t<meta name=\"twitter:data1\" content=\"4 minuts\" \/>\n<script type=\"application\/ld+json\" class=\"yoast-schema-graph\">{\"@context\":\"https:\\\/\\\/schema.org\",\"@graph\":[{\"@type\":\"WebPage\",\"@id\":\"https:\\\/\\\/itabe.es\\\/ca\\\/serveis\\\/laboratori-ambiental-y-alimentari\\\/aigua-i-legionel%c2%b7la\\\/\",\"url\":\"https:\\\/\\\/itabe.es\\\/ca\\\/serveis\\\/laboratori-ambiental-y-alimentari\\\/aigua-i-legionel%c2%b7la\\\/\",\"name\":\"Laboratori d\u2019aigua a Barcelona. Legionel\u00b7la - Itabe\",\"isPartOf\":{\"@id\":\"https:\\\/\\\/itabe.es\\\/#website\"},\"datePublished\":\"2020-02-21T09:57:52+00:00\",\"dateModified\":\"2025-08-14T07:01:30+00:00\",\"description\":\"Laboratori d\u2019aigua a Barcelona. Legionel\u00b7la. An\u00e0lisi de Legionel\u00b7la, aig\u00fces de consum hum\u00e0, an\u00e0lisi de pous, fonts i an\u00e0lisi de piscines.\",\"breadcrumb\":{\"@id\":\"https:\\\/\\\/itabe.es\\\/ca\\\/serveis\\\/laboratori-ambiental-y-alimentari\\\/aigua-i-legionel%c2%b7la\\\/#breadcrumb\"},\"inLanguage\":\"ca\",\"potentialAction\":[{\"@type\":\"ReadAction\",\"target\":[\"https:\\\/\\\/itabe.es\\\/ca\\\/serveis\\\/laboratori-ambiental-y-alimentari\\\/aigua-i-legionel%c2%b7la\\\/\"]}]},{\"@type\":\"BreadcrumbList\",\"@id\":\"https:\\\/\\\/itabe.es\\\/ca\\\/serveis\\\/laboratori-ambiental-y-alimentari\\\/aigua-i-legionel%c2%b7la\\\/#breadcrumb\",\"itemListElement\":[{\"@type\":\"ListItem\",\"position\":1,\"name\":\"Portada\",\"item\":\"https:\\\/\\\/itabe.es\\\/ca\\\/\"},{\"@type\":\"ListItem\",\"position\":2,\"name\":\"Serveis\",\"item\":\"https:\\\/\\\/itabe.es\\\/ca\\\/serveis\\\/\"},{\"@type\":\"ListItem\",\"position\":3,\"name\":\"Laboratori Ambiental i Alimentari\",\"item\":\"https:\\\/\\\/itabe.es\\\/ca\\\/serveis\\\/laboratori-ambiental-y-alimentari\\\/\"},{\"@type\":\"ListItem\",\"position\":4,\"name\":\"Aigua i Legionel\u00b7la\"}]},{\"@type\":\"WebSite\",\"@id\":\"https:\\\/\\\/itabe.es\\\/#website\",\"url\":\"https:\\\/\\\/itabe.es\\\/\",\"name\":\"Itabe Laboratorio\",\"description\":\"Laboratorio ambiental, seguridad alimentaria\",\"potentialAction\":[{\"@type\":\"SearchAction\",\"target\":{\"@type\":\"EntryPoint\",\"urlTemplate\":\"https:\\\/\\\/itabe.es\\\/?s={search_term_string}\"},\"query-input\":{\"@type\":\"PropertyValueSpecification\",\"valueRequired\":true,\"valueName\":\"search_term_string\"}}],\"inLanguage\":\"ca\"}]}<\/script>\n<!-- \/ Yoast SEO plugin. -->","yoast_head_json":{"title":"Laboratori d\u2019aigua a Barcelona. Legionel\u00b7la - Itabe","description":"Laboratori d\u2019aigua a Barcelona. Legionel\u00b7la. An\u00e0lisi de Legionel\u00b7la, aig\u00fces de consum hum\u00e0, an\u00e0lisi de pous, fonts i an\u00e0lisi de piscines.","robots":{"index":"index","follow":"follow","max-snippet":"max-snippet:-1","max-image-preview":"max-image-preview:large","max-video-preview":"max-video-preview:-1"},"canonical":"https:\/\/itabe.es\/ca\/serveis\/laboratori-ambiental-y-alimentari\/aigua-i-legionel\u00b7la\/","og_locale":"ca_ES","og_type":"article","og_title":"Laboratori d\u2019aigua a Barcelona. Legionel\u00b7la - Itabe","og_description":"Laboratori d\u2019aigua a Barcelona. Legionel\u00b7la. An\u00e0lisi de Legionel\u00b7la, aig\u00fces de consum hum\u00e0, an\u00e0lisi de pous, fonts i an\u00e0lisi de piscines.","og_url":"https:\/\/itabe.es\/ca\/serveis\/laboratori-ambiental-y-alimentari\/aigua-i-legionel\u00b7la\/","og_site_name":"Itabe Laboratorio","article_modified_time":"2025-08-14T07:01:30+00:00","twitter_card":"summary_large_image","twitter_misc":{"Temps estimat de lectura":"4 minuts"},"schema":{"@context":"https:\/\/schema.org","@graph":[{"@type":"WebPage","@id":"https:\/\/itabe.es\/ca\/serveis\/laboratori-ambiental-y-alimentari\/aigua-i-legionel%c2%b7la\/","url":"https:\/\/itabe.es\/ca\/serveis\/laboratori-ambiental-y-alimentari\/aigua-i-legionel%c2%b7la\/","name":"Laboratori d\u2019aigua a Barcelona. Legionel\u00b7la - Itabe","isPartOf":{"@id":"https:\/\/itabe.es\/#website"},"datePublished":"2020-02-21T09:57:52+00:00","dateModified":"2025-08-14T07:01:30+00:00","description":"Laboratori d\u2019aigua a Barcelona. Legionel\u00b7la. An\u00e0lisi de Legionel\u00b7la, aig\u00fces de consum hum\u00e0, an\u00e0lisi de pous, fonts i an\u00e0lisi de piscines.","breadcrumb":{"@id":"https:\/\/itabe.es\/ca\/serveis\/laboratori-ambiental-y-alimentari\/aigua-i-legionel%c2%b7la\/#breadcrumb"},"inLanguage":"ca","potentialAction":[{"@type":"ReadAction","target":["https:\/\/itabe.es\/ca\/serveis\/laboratori-ambiental-y-alimentari\/aigua-i-legionel%c2%b7la\/"]}]},{"@type":"BreadcrumbList","@id":"https:\/\/itabe.es\/ca\/serveis\/laboratori-ambiental-y-alimentari\/aigua-i-legionel%c2%b7la\/#breadcrumb","itemListElement":[{"@type":"ListItem","position":1,"name":"Portada","item":"https:\/\/itabe.es\/ca\/"},{"@type":"ListItem","position":2,"name":"Serveis","item":"https:\/\/itabe.es\/ca\/serveis\/"},{"@type":"ListItem","position":3,"name":"Laboratori Ambiental i Alimentari","item":"https:\/\/itabe.es\/ca\/serveis\/laboratori-ambiental-y-alimentari\/"},{"@type":"ListItem","position":4,"name":"Aigua i Legionel\u00b7la"}]},{"@type":"WebSite","@id":"https:\/\/itabe.es\/#website","url":"https:\/\/itabe.es\/","name":"Itabe Laboratorio","description":"Laboratorio ambiental, seguridad alimentaria","potentialAction":[{"@type":"SearchAction","target":{"@type":"EntryPoint","urlTemplate":"https:\/\/itabe.es\/?s={search_term_string}"},"query-input":{"@type":"PropertyValueSpecification","valueRequired":true,"valueName":"search_term_string"}}],"inLanguage":"ca"}]}},"_links":{"self":[{"href":"https:\/\/itabe.es\/ca\/wp-json\/wp\/v2\/pages\/956","targetHints":{"allow":["GET"]}}],"collection":[{"href":"https:\/\/itabe.es\/ca\/wp-json\/wp\/v2\/pages"}],"about":[{"href":"https:\/\/itabe.es\/ca\/wp-json\/wp\/v2\/types\/page"}],"author":[{"embeddable":true,"href":"https:\/\/itabe.es\/ca\/wp-json\/wp\/v2\/users\/1"}],"replies":[{"embeddable":true,"href":"https:\/\/itabe.es\/ca\/wp-json\/wp\/v2\/comments?post=956"}],"version-history":[{"count":9,"href":"https:\/\/itabe.es\/ca\/wp-json\/wp\/v2\/pages\/956\/revisions"}],"predecessor-version":[{"id":1775,"href":"https:\/\/itabe.es\/ca\/wp-json\/wp\/v2\/pages\/956\/revisions\/1775"}],"up":[{"embeddable":true,"href":"https:\/\/itabe.es\/ca\/wp-json\/wp\/v2\/pages\/955"}],"wp:attachment":[{"href":"https:\/\/itabe.es\/ca\/wp-json\/wp\/v2\/media?parent=956"}],"curies":[{"name":"wp","href":"https:\/\/api.w.org\/{rel}","templated":true}]}}