{"id":955,"date":"2020-02-21T10:57:33","date_gmt":"2020-02-21T09:57:33","guid":{"rendered":"https:\/\/itabe.es\/?page_id=955"},"modified":"2025-09-12T10:59:03","modified_gmt":"2025-09-12T08:59:03","slug":"laboratori-ambiental-y-alimentari","status":"publish","type":"page","link":"https:\/\/itabe.es\/ca\/serveis\/laboratori-ambiental-y-alimentari\/","title":{"rendered":"Laboratori Ambiental i Alimentari"},"content":{"rendered":"<div class=\"wpb-content-wrapper\">[vc_row fullwidth=&#8221;true&#8221; fullwidth_content=&#8221;false&#8221;][vc_column][mk_fancy_title color=&#8221;#939393&#8243; size=&#8221;40&#8243; font_weight=&#8221;200&#8243; txt_transform=&#8221;uppercase&#8221; margin_bottom=&#8221;5&#8243; font_family=&#8221;none&#8221; align=&#8221;center&#8221;]Laboratori a Barcelona[\/mk_fancy_title][mk_divider style=&#8221;thin_solid&#8221; divider_width=&#8221;custom_width&#8221; custom_width=&#8221;86&#8243; thickness=&#8221;5&#8243; margin_top=&#8221;0&#8243;][vc_column_text css=&#8221;.vc_custom_1583149027624{margin-bottom: 0px !important;}&#8221;]Des del nostre <strong>laboratori a Barcelona,<\/strong> realitzem an\u00e0lisis d&#8217;aigua, control de legionel\u00b7la, an\u00e0lisis d&#8217;aliments, an\u00e0lisis de sorrals en parcs infantils, i estudis de la qualitat de l&#8217;aire. Oferim els nostres serveis a particulars, empreses i col\u00b7lectivitats (hospitals, hotels, gimnasos, restaurants, col\u00b7legis, c\u00e0mpings, clubs esportius, guarderies, resid\u00e8ncies d&#8217;ancians, balnearis, etc.)[\/vc_column_text][\/vc_column][\/vc_row][vc_row fullwidth=&#8221;true&#8221; fullwidth_content=&#8221;false&#8221;][vc_column width=&#8221;1\/2&#8243;][vc_column_text css=&#8221;.vc_custom_1583149043662{margin-bottom: 0px !important;}&#8221;]\n<h2>Laboratori a Barcelona:<\/h2>\n[\/vc_column_text][vc_accordions container_bg_color=&#8221;#ffffff&#8221;][vc_accordion_tab icon=&#8221;mk-li-lab&#8221; title=&#8221;Laboratori d\u2019An\u00e0lisis d\u2019Aigua&#8221;][vc_column_text css=&#8221;.vc_custom_1583149064052{margin-bottom: 0px !important;}&#8221;]\n<h3>An\u00e0lisis d\u2019Aigua a Barcelona<\/h3>\n[\/vc_column_text][vc_column_text css=&#8221;.vc_custom_1757667391232{margin-bottom: 0px !important;}&#8221;]LEGIONELLA<\/p>\n<ul>\n<li>Recompte quantitatiu amb identificaci\u00f3 d\u2019esp\u00e8cies i serogrups.<\/li>\n<li>Comunicaci\u00f3 r\u00e0pida i avan\u00e7ada de resultats preliminars.<\/li>\n<li>Assessorament especialitzat en control, manteniment i desinfecci\u00f3 d\u2019instal\u00b7lacions.<\/li>\n<\/ul>\n<p>PISCINES<\/p>\n<ul>\n<li>An\u00e0lisi microbiol\u00f2gica i fisicoqu\u00edmica de l\u2019aigua.<\/li>\n<li>Avaluaci\u00f3 ambiental dels par\u00e0metres de confort en piscines cobertes.<\/li>\n<li>Control higi\u00e8nic de superf\u00edcies a les zones de bany.<\/li>\n<\/ul>\n<p>AIG\u00dcES DE CONSUM<\/p>\n<ul>\n<li>Determinaci\u00f3 de la potabilitat de l\u2019aigua d\u2019acord amb la normativa.<\/li>\n<li>An\u00e0lisi de bacteris, sabors i olors que puguin afectar la qualitat.<\/li>\n<li>Control higi\u00e8nic en fonts d\u2019aigua per al personal i equips d\u2019osmosi.<\/li>\n<\/ul>\n<p>AIG\u00dcES REGENERADES<\/p>\n<ul>\n<li>An\u00e0lisi fisicoqu\u00edmica, microbiol\u00f2gica i parasitol\u00f2gica per avaluar la qualitat de l\u2019aigua.<\/li>\n<li>Control de par\u00e0metres clau segons la normativa vigent per garantir-ne l\u2019\u00fas segur en neteja vi\u00e0ria, regs, etc.<\/li>\n<\/ul>\n<p>POUS I FONTS<\/p>\n<ul>\n<li>Avaluaci\u00f3 de la potabilitat de l\u2019aigua.<\/li>\n<li>Assignaci\u00f3 d\u2019usos adequats segons an\u00e0lisis fisicoqu\u00edmiques i microbiol\u00f2giques.<\/li>\n<li>Monitoratge de les variacions en la qualitat de l\u2019aigua mitjan\u00e7ant la comparaci\u00f3 amb hist\u00f2rics anal\u00edtics.<\/li>\n<\/ul>\n[\/vc_column_text][\/vc_accordion_tab][vc_accordion_tab icon=&#8221;mk-moon-food&#8221; title=&#8221;Laboratori Alimentaci\u00f3&#8221;][vc_column_text css=&#8221;.vc_custom_1757667453273{margin-bottom: 0px !important;}&#8221;]\n<h3>Laboratori d\u2019an\u00e0lisi d\u2019Aliments a Barcelona<\/h3>\n[\/vc_column_text][vc_column_text css=&#8221;.vc_custom_1757667474394{margin-bottom: 0px !important;}&#8221;]\n<ul>\n<li>Avaluaci\u00f3 microbiol\u00f2gica d\u2019aliments, tant crus com elaborats, per assegurar-ne la qualitat i la innocu\u00eftat.<\/li>\n<li>Control higi\u00e8nic de superf\u00edcies, estris i equips per prevenir contaminacions creuades.<\/li>\n<li>An\u00e0lisi microbiol\u00f2gica per detectar pat\u00f2gens en el personal manipulador, garantint la seguretat a la cadena aliment\u00e0ria.<\/li>\n<\/ul>\n[\/vc_column_text][\/vc_accordion_tab][vc_accordion_tab icon=&#8221;mk-moon-windy&#8221; title=&#8221;Laboratori d\u2019an\u00e0lisi ambiental&#8221;][vc_column_text css=&#8221;.vc_custom_1757667521096{margin-bottom: 0px !important;}&#8221;]\n<h3>Laboratori d\u2019an\u00e0lisi ambiental a Barcelona<\/h3>\n[\/vc_column_text][vc_column_text css=&#8221;.vc_custom_1757667540897{margin-bottom: 0px !important;}&#8221;]An\u00e0lisi de sorrals<\/p>\n<ul>\n<li>Detecci\u00f3 de par\u00e0sits d\u2019origen animal en sorrals infantils.<\/li>\n<li>Recompte de microorganismes indicadors de contaminaci\u00f3 fecal per avaluar la higiene a les zones de joc.<\/li>\n<li>Control peri\u00f2dic en llars d\u2019infants, parcs p\u00fablics i \u00e0rees infantils.<\/li>\n<\/ul>\n<p>An\u00e0lisi de l\u2019aire interior i superf\u00edcies<\/p>\n<ul>\n<li>Avaluaci\u00f3 de l\u2019exposici\u00f3 humana a agents contaminants presents a l\u2019aire i a les superf\u00edcies.<\/li>\n<\/ul>\n[\/vc_column_text][\/vc_accordion_tab][\/vc_accordions][\/vc_column][vc_column width=&#8221;1\/2&#8243;][vc_single_image image=&#8221;637&#8243; img_size=&#8221;full&#8221;][\/vc_column][\/vc_row][vc_row fullwidth=&#8221;true&#8221; fullwidth_content=&#8221;false&#8221;][vc_column][vc_empty_space][vc_separator border_width=&#8221;2&#8243;][\/vc_column][\/vc_row][vc_row fullwidth=&#8221;true&#8221; fullwidth_content=&#8221;false&#8221;][vc_column width=&#8221;1\/3&#8243;][vc_single_image image=&#8221;828&#8243; img_size=&#8221;full&#8221; alignment=&#8221;center&#8221; onclick=&#8221;custom_link&#8221; css=&#8221;.vc_custom_1583227907003{margin-bottom: 0px !important;border-bottom-width: 0px !important;padding-bottom: 20px !important;}&#8221; link=&#8221;https:\/\/itabe.es\/ca\/serveis\/laboratori-ambiental-y-alimentari\/aigua-i-legionel%c2%b7la\/&#8221;][mk_fancy_title strip_tags=&#8221;true&#8221; tag_name=&#8221;span&#8221; size=&#8221;18&#8243; force_font_size=&#8221;true&#8221; size_smallscreen=&#8221;18&#8243; size_tablet=&#8221;18&#8243; size_phone=&#8221;12&#8243; font_weight=&#8221;600&#8243; font_family=&#8221;none&#8221; align=&#8221;center&#8221;]Aigua i Legionella[\/mk_fancy_title][\/vc_column][vc_column width=&#8221;1\/3&#8243;][vc_single_image image=&#8221;831&#8243; img_size=&#8221;full&#8221; alignment=&#8221;center&#8221; onclick=&#8221;custom_link&#8221; css=&#8221;.vc_custom_1583227915373{margin-bottom: 0px !important;border-bottom-width: 0px !important;padding-bottom: 20px !important;}&#8221; link=&#8221;https:\/\/itabe.es\/ca\/serveis\/laboratori-ambiental-y-alimentari\/laboratori-aliments-a-barcelona\/&#8221;][mk_fancy_title strip_tags=&#8221;true&#8221; tag_name=&#8221;span&#8221; size=&#8221;18&#8243; force_font_size=&#8221;true&#8221; size_smallscreen=&#8221;18&#8243; size_tablet=&#8221;18&#8243; size_phone=&#8221;12&#8243; font_weight=&#8221;600&#8243; font_family=&#8221;none&#8221; align=&#8221;center&#8221;]Laboratori d\u2019Aliments[\/mk_fancy_title][\/vc_column][vc_column width=&#8221;1\/3&#8243;][vc_single_image image=&#8221;835&#8243; img_size=&#8221;full&#8221; alignment=&#8221;center&#8221; onclick=&#8221;custom_link&#8221; css=&#8221;.vc_custom_1583227926763{margin-bottom: 0px !important;border-bottom-width: 0px !important;padding-bottom: 20px !important;}&#8221; link=&#8221;https:\/\/itabe.es\/ca\/serveis\/laboratori-analisis-ambientals-a-barcelona\/&#8221;][mk_fancy_title strip_tags=&#8221;true&#8221; tag_name=&#8221;span&#8221; size=&#8221;18&#8243; force_font_size=&#8221;true&#8221; size_smallscreen=&#8221;18&#8243; size_tablet=&#8221;18&#8243; size_phone=&#8221;12&#8243; font_weight=&#8221;600&#8243; font_family=&#8221;none&#8221; align=&#8221;center&#8221;]An\u00e0lisis Ambientals[\/mk_fancy_title][\/vc_column][\/vc_row][vc_row][vc_column][vc_separator border_width=&#8221;2&#8243;][vc_column_text][\/vc_column_text][\/vc_column][\/vc_row][vc_row fullwidth=&#8221;true&#8221; fullwidth_content=&#8221;false&#8221; css=&#8221;.vc_custom_1561981108392{background-color: #990100 !important;}&#8221;][vc_column][mk_padding_divider size=&#8221;30&#8243;][vc_row_inner][vc_column_inner width=&#8221;2\/3&#8243;][mk_padding_divider size=&#8221;10&#8243;][mk_fancy_title tag_name=&#8221;h5&#8243; color=&#8221;#ffffff&#8221; size=&#8221;26&#8243; font_weight=&#8221;400&#8243; txt_transform=&#8221;none&#8221; font_family=&#8221;Open+Sans&#8221; font_type=&#8221;google&#8221; align=&#8221;center&#8221;]Necessites assessorament? Contacta amb nosaltres[\/mk_fancy_title][\/vc_column_inner][vc_column_inner width=&#8221;1\/3&#8243;][mk_button dimension=&#8221;flat&#8221; size=&#8221;large&#8221; url=&#8221;\/ca\/contacte\/&#8221; margin_right=&#8221;0&#8243; bg_color=&#8221;#ffffff&#8221; btn_hover_bg=&#8221;#ffffff&#8221; text_color=&#8221;dark&#8221; btn_hover_txt_color=&#8221;#0a0a0a&#8221;]CONTACTE[\/mk_button][\/vc_column_inner][\/vc_row_inner][\/vc_column][\/vc_row][vc_row][vc_column][vc_column_text][\/vc_column_text][\/vc_column][\/vc_row]\n<\/div>","protected":false},"excerpt":{"rendered":"<p>[vc_row fullwidth=&#8221;true&#8221; fullwidth_content=&#8221;false&#8221;][vc_column][mk_fancy_title color=&#8221;#939393&#8243; size=&#8221;40&#8243; font_weight=&#8221;200&#8243; txt_transform=&#8221;uppercase&#8221; margin_bottom=&#8221;5&#8243; font_family=&#8221;none&#8221; align=&#8221;center&#8221;]Laboratori a Barcelona[\/mk_fancy_title][mk_divider style=&#8221;thin_solid&#8221; divider_width=&#8221;custom_width&#8221; custom_width=&#8221;86&#8243; thickness=&#8221;5&#8243; margin_top=&#8221;0&#8243;][vc_column_text css=&#8221;.vc_custom_1583149027624{margin-bottom: 0px !important;}&#8221;]Des del nostre laboratori a Barcelona, realitzem an\u00e0lisis d&#8217;aigua, control de legionel\u00b7la, an\u00e0lisis d&#8217;aliments, an\u00e0lisis de sorrals en parcs infantils, i estudis de la qualitat de l&#8217;aire. Oferim els nostres serveis a particulars, empreses i col\u00b7lectivitats [&hellip;]<\/p>\n","protected":false},"author":1,"featured_media":0,"parent":964,"menu_order":0,"comment_status":"closed","ping_status":"closed","template":"","meta":{"footnotes":""},"class_list":["post-955","page","type-page","status-publish","hentry"],"yoast_head":"<!-- This site is optimized with the Yoast SEO plugin v27.4 - https:\/\/yoast.com\/product\/yoast-seo-wordpress\/ -->\n<title>Laboratori ambiental i alimentari a Barcelona - Itabe<\/title>\n<meta name=\"description\" content=\"Laboratori a Barcelona: Ambiental i Alimentari. An\u00e0lisis d\u2019Aigua, Legionel\u00b7la, Alimentaci\u00f3, Parcs Infantils i Sorrals i Qualitat de l\u2019Aire\" \/>\n<meta name=\"robots\" content=\"index, follow, max-snippet:-1, max-image-preview:large, max-video-preview:-1\" \/>\n<link rel=\"canonical\" href=\"https:\/\/itabe.es\/ca\/serveis\/laboratori-ambiental-y-alimentari\/\" \/>\n<meta property=\"og:locale\" content=\"ca_ES\" \/>\n<meta property=\"og:type\" content=\"article\" \/>\n<meta property=\"og:title\" content=\"Laboratori ambiental i alimentari a Barcelona - Itabe\" \/>\n<meta property=\"og:description\" content=\"Laboratori a Barcelona: Ambiental i Alimentari. An\u00e0lisis d\u2019Aigua, Legionel\u00b7la, Alimentaci\u00f3, Parcs Infantils i Sorrals i Qualitat de l\u2019Aire\" \/>\n<meta property=\"og:url\" content=\"https:\/\/itabe.es\/ca\/serveis\/laboratori-ambiental-y-alimentari\/\" \/>\n<meta property=\"og:site_name\" content=\"Itabe Laboratorio\" \/>\n<meta property=\"article:modified_time\" content=\"2025-09-12T08:59:03+00:00\" \/>\n<meta property=\"og:image\" content=\"https:\/\/itabe.es\/wp-content\/uploads\/2019\/08\/laboratorio-barcelona.jpg\" \/>\n<meta name=\"twitter:card\" content=\"summary_large_image\" \/>\n<meta name=\"twitter:image\" content=\"https:\/\/itabe.es\/wp-content\/uploads\/2019\/08\/laboratorio-barcelona.jpg\" \/>\n<meta name=\"twitter:label1\" content=\"Temps estimat de lectura\" \/>\n\t<meta name=\"twitter:data1\" content=\"3 minuts\" \/>\n<script type=\"application\/ld+json\" class=\"yoast-schema-graph\">{\"@context\":\"https:\\\/\\\/schema.org\",\"@graph\":[{\"@type\":\"WebPage\",\"@id\":\"https:\\\/\\\/itabe.es\\\/ca\\\/serveis\\\/laboratori-ambiental-y-alimentari\\\/\",\"url\":\"https:\\\/\\\/itabe.es\\\/ca\\\/serveis\\\/laboratori-ambiental-y-alimentari\\\/\",\"name\":\"Laboratori ambiental i alimentari a Barcelona - Itabe\",\"isPartOf\":{\"@id\":\"https:\\\/\\\/itabe.es\\\/#website\"},\"datePublished\":\"2020-02-21T09:57:33+00:00\",\"dateModified\":\"2025-09-12T08:59:03+00:00\",\"description\":\"Laboratori a Barcelona: Ambiental i Alimentari. An\u00e0lisis d\u2019Aigua, Legionel\u00b7la, Alimentaci\u00f3, Parcs Infantils i Sorrals i Qualitat de l\u2019Aire\",\"breadcrumb\":{\"@id\":\"https:\\\/\\\/itabe.es\\\/ca\\\/serveis\\\/laboratori-ambiental-y-alimentari\\\/#breadcrumb\"},\"inLanguage\":\"ca\",\"potentialAction\":[{\"@type\":\"ReadAction\",\"target\":[\"https:\\\/\\\/itabe.es\\\/ca\\\/serveis\\\/laboratori-ambiental-y-alimentari\\\/\"]}]},{\"@type\":\"BreadcrumbList\",\"@id\":\"https:\\\/\\\/itabe.es\\\/ca\\\/serveis\\\/laboratori-ambiental-y-alimentari\\\/#breadcrumb\",\"itemListElement\":[{\"@type\":\"ListItem\",\"position\":1,\"name\":\"Portada\",\"item\":\"https:\\\/\\\/itabe.es\\\/ca\\\/\"},{\"@type\":\"ListItem\",\"position\":2,\"name\":\"Serveis\",\"item\":\"https:\\\/\\\/itabe.es\\\/ca\\\/serveis\\\/\"},{\"@type\":\"ListItem\",\"position\":3,\"name\":\"Laboratori Ambiental i Alimentari\"}]},{\"@type\":\"WebSite\",\"@id\":\"https:\\\/\\\/itabe.es\\\/#website\",\"url\":\"https:\\\/\\\/itabe.es\\\/\",\"name\":\"Itabe Laboratorio\",\"description\":\"Laboratorio ambiental, seguridad alimentaria\",\"potentialAction\":[{\"@type\":\"SearchAction\",\"target\":{\"@type\":\"EntryPoint\",\"urlTemplate\":\"https:\\\/\\\/itabe.es\\\/?s={search_term_string}\"},\"query-input\":{\"@type\":\"PropertyValueSpecification\",\"valueRequired\":true,\"valueName\":\"search_term_string\"}}],\"inLanguage\":\"ca\"}]}<\/script>\n<!-- \/ Yoast SEO plugin. -->","yoast_head_json":{"title":"Laboratori ambiental i alimentari a Barcelona - Itabe","description":"Laboratori a Barcelona: Ambiental i Alimentari. An\u00e0lisis d\u2019Aigua, Legionel\u00b7la, Alimentaci\u00f3, Parcs Infantils i Sorrals i Qualitat de l\u2019Aire","robots":{"index":"index","follow":"follow","max-snippet":"max-snippet:-1","max-image-preview":"max-image-preview:large","max-video-preview":"max-video-preview:-1"},"canonical":"https:\/\/itabe.es\/ca\/serveis\/laboratori-ambiental-y-alimentari\/","og_locale":"ca_ES","og_type":"article","og_title":"Laboratori ambiental i alimentari a Barcelona - Itabe","og_description":"Laboratori a Barcelona: Ambiental i Alimentari. An\u00e0lisis d\u2019Aigua, Legionel\u00b7la, Alimentaci\u00f3, Parcs Infantils i Sorrals i Qualitat de l\u2019Aire","og_url":"https:\/\/itabe.es\/ca\/serveis\/laboratori-ambiental-y-alimentari\/","og_site_name":"Itabe Laboratorio","article_modified_time":"2025-09-12T08:59:03+00:00","og_image":[{"url":"https:\/\/itabe.es\/wp-content\/uploads\/2019\/08\/laboratorio-barcelona.jpg","type":"","width":"","height":""}],"twitter_card":"summary_large_image","twitter_image":"https:\/\/itabe.es\/wp-content\/uploads\/2019\/08\/laboratorio-barcelona.jpg","twitter_misc":{"Temps estimat de lectura":"3 minuts"},"schema":{"@context":"https:\/\/schema.org","@graph":[{"@type":"WebPage","@id":"https:\/\/itabe.es\/ca\/serveis\/laboratori-ambiental-y-alimentari\/","url":"https:\/\/itabe.es\/ca\/serveis\/laboratori-ambiental-y-alimentari\/","name":"Laboratori ambiental i alimentari a Barcelona - Itabe","isPartOf":{"@id":"https:\/\/itabe.es\/#website"},"datePublished":"2020-02-21T09:57:33+00:00","dateModified":"2025-09-12T08:59:03+00:00","description":"Laboratori a Barcelona: Ambiental i Alimentari. An\u00e0lisis d\u2019Aigua, Legionel\u00b7la, Alimentaci\u00f3, Parcs Infantils i Sorrals i Qualitat de l\u2019Aire","breadcrumb":{"@id":"https:\/\/itabe.es\/ca\/serveis\/laboratori-ambiental-y-alimentari\/#breadcrumb"},"inLanguage":"ca","potentialAction":[{"@type":"ReadAction","target":["https:\/\/itabe.es\/ca\/serveis\/laboratori-ambiental-y-alimentari\/"]}]},{"@type":"BreadcrumbList","@id":"https:\/\/itabe.es\/ca\/serveis\/laboratori-ambiental-y-alimentari\/#breadcrumb","itemListElement":[{"@type":"ListItem","position":1,"name":"Portada","item":"https:\/\/itabe.es\/ca\/"},{"@type":"ListItem","position":2,"name":"Serveis","item":"https:\/\/itabe.es\/ca\/serveis\/"},{"@type":"ListItem","position":3,"name":"Laboratori Ambiental i Alimentari"}]},{"@type":"WebSite","@id":"https:\/\/itabe.es\/#website","url":"https:\/\/itabe.es\/","name":"Itabe Laboratorio","description":"Laboratorio ambiental, seguridad alimentaria","potentialAction":[{"@type":"SearchAction","target":{"@type":"EntryPoint","urlTemplate":"https:\/\/itabe.es\/?s={search_term_string}"},"query-input":{"@type":"PropertyValueSpecification","valueRequired":true,"valueName":"search_term_string"}}],"inLanguage":"ca"}]}},"_links":{"self":[{"href":"https:\/\/itabe.es\/ca\/wp-json\/wp\/v2\/pages\/955","targetHints":{"allow":["GET"]}}],"collection":[{"href":"https:\/\/itabe.es\/ca\/wp-json\/wp\/v2\/pages"}],"about":[{"href":"https:\/\/itabe.es\/ca\/wp-json\/wp\/v2\/types\/page"}],"author":[{"embeddable":true,"href":"https:\/\/itabe.es\/ca\/wp-json\/wp\/v2\/users\/1"}],"replies":[{"embeddable":true,"href":"https:\/\/itabe.es\/ca\/wp-json\/wp\/v2\/comments?post=955"}],"version-history":[{"count":9,"href":"https:\/\/itabe.es\/ca\/wp-json\/wp\/v2\/pages\/955\/revisions"}],"predecessor-version":[{"id":1841,"href":"https:\/\/itabe.es\/ca\/wp-json\/wp\/v2\/pages\/955\/revisions\/1841"}],"up":[{"embeddable":true,"href":"https:\/\/itabe.es\/ca\/wp-json\/wp\/v2\/pages\/964"}],"wp:attachment":[{"href":"https:\/\/itabe.es\/ca\/wp-json\/wp\/v2\/media?parent=955"}],"curies":[{"name":"wp","href":"https:\/\/api.w.org\/{rel}","templated":true}]}}