{"id":954,"date":"2020-02-21T10:57:33","date_gmt":"2020-02-21T09:57:33","guid":{"rendered":"https:\/\/itabe.es\/?page_id=954"},"modified":"2020-03-03T10:40:13","modified_gmt":"2020-03-03T09:40:13","slug":"consultoria-de-qualitat-a-barcelona","status":"publish","type":"page","link":"https:\/\/itabe.es\/ca\/serveis\/consultoria-de-qualitat-a-barcelona\/","title":{"rendered":"Consultoria de qualitat a Barcelona"},"content":{"rendered":"<div class=\"wpb-content-wrapper\">[vc_row fullwidth=&#8221;true&#8221; fullwidth_content=&#8221;false&#8221;][vc_column][mk_fancy_title tag_name=&#8221;h1&#8243; color=&#8221;#939393&#8243; size=&#8221;40&#8243; font_weight=&#8221;200&#8243; txt_transform=&#8221;uppercase&#8221; margin_bottom=&#8221;5&#8243; font_family=&#8221;none&#8221; align=&#8221;center&#8221;]Assessoria en Sistemes de Qualitat Certificables[\/mk_fancy_title][mk_divider style=&#8221;thin_solid&#8221; divider_width=&#8221;custom_width&#8221; custom_width=&#8221;86&#8243; thickness=&#8221;5&#8243; margin_top=&#8221;0&#8243;][vc_column_text css=&#8221;.vc_custom_1583223336327{margin-bottom: 0px !important;}&#8221;]Consultoria en la implementaci\u00f3 de Sistemes de Qualitat (ISO 9001: 2015), medi ambient (ISO 14001: 2015), gesti\u00f3 del control de plagues (UNE EN 16636: 2015) y Seguretat aliment\u00e0ria (UNE \u2013EN ISO 22000) basat en la prevenci\u00f3 del risc i la mijora dels procesos.[\/vc_column_text][\/vc_column][\/vc_row][vc_row fullwidth=&#8221;true&#8221; fullwidth_content=&#8221;false&#8221;][vc_column width=&#8221;1\/2&#8243;][vc_column_text css=&#8221;.vc_custom_1583223366208{margin-bottom: 0px !important;}&#8221;]\n<h2>Consultoria de Qualitat a Barcelona:<\/h2>\n[\/vc_column_text][vc_accordions container_bg_color=&#8221;#ffffff&#8221;][vc_accordion_tab icon=&#8221;mk-moon-certificate&#8221; title=&#8221;Gesti\u00f3 de Qualitat&#8221;][vc_column_text css=&#8221;.vc_custom_1583223393568{margin-bottom: 0px !important;}&#8221;]\n<h3>Assessoria de Qualitat a Barcelona<\/h3>\n<p>Oferim serveis d\u2019assessoria de qualitat, per a la implantaci\u00f3 de normes ISo 16636, 9001 i 14001, aix\u00ed com serveis per a garantitzar la qualitat de l\u2019aire interior i programes de prevenci\u00f3 de la Legionel\u00b7la a Barcelona.[\/vc_column_text][\/vc_accordion_tab][vc_accordion_tab icon=&#8221;mk-icon-certificate&#8221; title=&#8221;ISO 9001&#8243;][vc_column_text css=&#8221;.vc_custom_1583223417687{margin-bottom: 0px !important;}&#8221;]\n<h3>Norma ISO 9001<\/h3>\n<p>La norma ISO 9001, \u00e9s una norma internacional que permet planejar objectius, controlar riscos i millorar tots els processos, d&#8217;una organitzaci\u00f3.[\/vc_column_text][\/vc_accordion_tab][vc_accordion_tab icon=&#8221;mk-icon-certificate&#8221; title=&#8221;ISO 14001&#8243;][vc_column_text css=&#8221;.vc_custom_1583223429317{margin-bottom: 0px !important;}&#8221;]\n<h3>Norma ISO 14001<\/h3>\n<p>Aquesta norma internacional recopila el conjunt de requisits que les empreses de qualsevol sector han de garantitzar, per a gestionar de manera correcta tots els riscs que puguin afectar al medi ambient.[\/vc_column_text][\/vc_accordion_tab][vc_accordion_tab icon=&#8221;mk-icon-certificate&#8221; title=&#8221;UNE EN 16636&#8243;][vc_column_text css=&#8221;.vc_custom_1583223448306{margin-bottom: 0px !important;}&#8221;]\n<h3>Norma UNE EN 16636<\/h3>\n<p>Aquesta norma \u00e9s una gu\u00eda que permet a les empreses del sector de plagues, aplicar de manera correcta els protocols de bones practiques i el compliment de la normativa del sector. Aix\u00ed mateix, resulta fonamental per mijorar els procesos de l\u2019organitzaci\u00f3, donant un enfocament m\u00e9s professional als serveis.[\/vc_column_text][\/vc_accordion_tab][vc_accordion_tab icon=&#8221;mk-icon-certificate&#8221; title=&#8221;UNE EN ISO 22000&#8243;][vc_column_text css=&#8221;.vc_custom_1583223470946{margin-bottom: 0px !important;}&#8221;]\n<h3>Norma UNE EN ISO 22000<\/h3>\n<p>Aquesta norma internacional determina els requisits que una empresa del sector alimentari ha d\u2019aplicar per a garantitzar la innocu\u00eftat dels aliments que comercialitza i complir amb la normativa vigent en Seguretat aliment\u00e0ria.[\/vc_column_text][\/vc_accordion_tab][vc_accordion_tab icon=&#8221;mk-icon-pencil-square-o&#8221; title=&#8221;AUDITORIES INTERNES&#8221;][vc_column_text css=&#8221;.vc_custom_1583223520052{margin-bottom: 0px !important;}&#8221;]\n<h3>AUDITORIES INTERNES<\/h3>\n<p>Les auditories internes, a m\u00e9s de ser un requisit de les normes de qualitat certificables, resulten fonamentals per a la mijora del sistema.<\/p>\n<p>Els nostres assessors en quailtat realitzen auditories internes que aporten valor afegit mitjan\u00e7ant:<\/p>\n<ul>\n<li>Determinaci\u00f3 de l\u2019efectivitat del sistema de gesti\u00f3<\/li>\n<li>Verificaci\u00f3 del cumpliment dels requisits de la norma, legals i contractuals.<\/li>\n<li>Avaluaci\u00f3 dels objectius generals de l\u2019organitzaci\u00f3 i la seva compatibilitat amb els objectius del sistema i els seus indicadors<\/li>\n<\/ul>\n[\/vc_column_text][\/vc_accordion_tab][vc_accordion_tab icon=&#8221;mk-moon-medal-2&#8243; title=&#8221;IMPLANTACI\u00d3 SISTEMA DE QUALITAT&#8221;][vc_column_text css=&#8221;.vc_custom_1583223567681{margin-bottom: 0px !important;}&#8221;]\n<h3>IMPLANTACI\u00d3 SISTEMA DE QUALITAT<\/h3>\n<p>Els nostres assessors en qualitat li ajudaran en la implementaci\u00f3 de la norma mitjan\u00e7ant:<\/p>\n<ul>\n<li>Diagnosi de la situaci\u00f3n real de l\u2019empresa i cumplimetn de la legislaci\u00f3 vigent<\/li>\n<li>Capacitaci\u00f3 del personal involucrat en la implementaci\u00f3<\/li>\n<li>Elaboraci\u00f3 de manuals i procediments<\/li>\n<li>Establiment d\u2019objectius i indicadors<\/li>\n<li>Assessoria en l\u2019establimetn d\u2019accions de mijora<\/li>\n<li>Integraci\u00f3 de la norma, a altres sistemes de qualitat implantats en l\u2019empresa<\/li>\n<\/ul>\n[\/vc_column_text][\/vc_accordion_tab][\/vc_accordions][\/vc_column][vc_column width=&#8221;1\/2&#8243;][vc_single_image image=&#8221;798&#8243; img_size=&#8221;full&#8221;][\/vc_column][\/vc_row][vc_row fullwidth=&#8221;true&#8221; fullwidth_content=&#8221;false&#8221;][vc_column][vc_empty_space][vc_separator border_width=&#8221;2&#8243;][\/vc_column][\/vc_row][vc_row][vc_column][vc_column_text]\n[\/vc_column_text][\/vc_column][\/vc_row][vc_row fullwidth=&#8221;true&#8221; fullwidth_content=&#8221;false&#8221; css=&#8221;.vc_custom_1561981108392{background-color: #990100 !important;}&#8221;][vc_column][mk_padding_divider size=&#8221;30&#8243;][vc_row_inner][vc_column_inner width=&#8221;2\/3&#8243;][mk_padding_divider size=&#8221;10&#8243;][mk_fancy_title tag_name=&#8221;h5&#8243; color=&#8221;#ffffff&#8221; size=&#8221;26&#8243; font_weight=&#8221;400&#8243; txt_transform=&#8221;none&#8221; font_family=&#8221;Open+Sans&#8221; font_type=&#8221;google&#8221; align=&#8221;center&#8221;]Necessites assessorament? Contacta amb nosaltres[\/mk_fancy_title][\/vc_column_inner][vc_column_inner width=&#8221;1\/3&#8243;][mk_button dimension=&#8221;flat&#8221; size=&#8221;large&#8221; url=&#8221;\/ca\/contacte\/&#8221; margin_right=&#8221;0&#8243; bg_color=&#8221;#ffffff&#8221; btn_hover_bg=&#8221;#ffffff&#8221; text_color=&#8221;dark&#8221; btn_hover_txt_color=&#8221;#0a0a0a&#8221;]CONTACTE[\/mk_button][\/vc_column_inner][\/vc_row_inner][\/vc_column][\/vc_row]\n<\/div>","protected":false},"excerpt":{"rendered":"<p>[vc_row fullwidth=&#8221;true&#8221; fullwidth_content=&#8221;false&#8221;][vc_column][mk_fancy_title tag_name=&#8221;h1&#8243; color=&#8221;#939393&#8243; size=&#8221;40&#8243; font_weight=&#8221;200&#8243; txt_transform=&#8221;uppercase&#8221; margin_bottom=&#8221;5&#8243; font_family=&#8221;none&#8221; align=&#8221;center&#8221;]Assessoria en Sistemes de Qualitat Certificables[\/mk_fancy_title][mk_divider style=&#8221;thin_solid&#8221; divider_width=&#8221;custom_width&#8221; custom_width=&#8221;86&#8243; thickness=&#8221;5&#8243; margin_top=&#8221;0&#8243;][vc_column_text css=&#8221;.vc_custom_1583223336327{margin-bottom: 0px !important;}&#8221;]Consultoria en la implementaci\u00f3 de Sistemes de Qualitat (ISO 9001: 2015), medi ambient (ISO 14001: 2015), gesti\u00f3 del control de plagues (UNE EN 16636: 2015) y Seguretat aliment\u00e0ria (UNE \u2013EN ISO 22000) [&hellip;]<\/p>\n","protected":false},"author":1,"featured_media":0,"parent":964,"menu_order":0,"comment_status":"closed","ping_status":"closed","template":"","meta":{"footnotes":""},"class_list":["post-954","page","type-page","status-publish","hentry"],"yoast_head":"<!-- This site is optimized with the Yoast SEO plugin v27.4 - https:\/\/yoast.com\/product\/yoast-seo-wordpress\/ -->\n<title>Consultoria de qualitat a Barcelona - Itabe Laboratorio<\/title>\n<meta name=\"description\" content=\"Consultoria de Qualitat a Barcelona: ISO 9001, ISO 9001, UNE EN 16636, UNE EN 16636.Auditories Internes i implementaci\u00f3 de sistemes de qualitat\" \/>\n<meta name=\"robots\" content=\"index, follow, max-snippet:-1, max-image-preview:large, max-video-preview:-1\" \/>\n<link rel=\"canonical\" href=\"https:\/\/itabe.es\/ca\/serveis\/consultoria-de-qualitat-a-barcelona\/\" \/>\n<meta property=\"og:locale\" content=\"ca_ES\" \/>\n<meta property=\"og:type\" content=\"article\" \/>\n<meta property=\"og:title\" content=\"Consultoria de qualitat a Barcelona - Itabe Laboratorio\" \/>\n<meta property=\"og:description\" content=\"Consultoria de Qualitat a Barcelona: ISO 9001, ISO 9001, UNE EN 16636, UNE EN 16636.Auditories Internes i implementaci\u00f3 de sistemes de qualitat\" \/>\n<meta property=\"og:url\" content=\"https:\/\/itabe.es\/ca\/serveis\/consultoria-de-qualitat-a-barcelona\/\" \/>\n<meta property=\"og:site_name\" content=\"Itabe Laboratorio\" \/>\n<meta property=\"article:modified_time\" content=\"2020-03-03T09:40:13+00:00\" \/>\n<meta name=\"twitter:card\" content=\"summary_large_image\" \/>\n<meta name=\"twitter:label1\" content=\"Temps estimat de lectura\" \/>\n\t<meta name=\"twitter:data1\" content=\"4 minuts\" \/>\n<script type=\"application\/ld+json\" class=\"yoast-schema-graph\">{\"@context\":\"https:\\\/\\\/schema.org\",\"@graph\":[{\"@type\":\"WebPage\",\"@id\":\"https:\\\/\\\/itabe.es\\\/ca\\\/serveis\\\/consultoria-de-qualitat-a-barcelona\\\/\",\"url\":\"https:\\\/\\\/itabe.es\\\/ca\\\/serveis\\\/consultoria-de-qualitat-a-barcelona\\\/\",\"name\":\"Consultoria de qualitat a Barcelona - Itabe Laboratorio\",\"isPartOf\":{\"@id\":\"https:\\\/\\\/itabe.es\\\/#website\"},\"datePublished\":\"2020-02-21T09:57:33+00:00\",\"dateModified\":\"2020-03-03T09:40:13+00:00\",\"description\":\"Consultoria de Qualitat a Barcelona: ISO 9001, ISO 9001, UNE EN 16636, UNE EN 16636.Auditories Internes i implementaci\u00f3 de sistemes de qualitat\",\"breadcrumb\":{\"@id\":\"https:\\\/\\\/itabe.es\\\/ca\\\/serveis\\\/consultoria-de-qualitat-a-barcelona\\\/#breadcrumb\"},\"inLanguage\":\"ca\",\"potentialAction\":[{\"@type\":\"ReadAction\",\"target\":[\"https:\\\/\\\/itabe.es\\\/ca\\\/serveis\\\/consultoria-de-qualitat-a-barcelona\\\/\"]}]},{\"@type\":\"BreadcrumbList\",\"@id\":\"https:\\\/\\\/itabe.es\\\/ca\\\/serveis\\\/consultoria-de-qualitat-a-barcelona\\\/#breadcrumb\",\"itemListElement\":[{\"@type\":\"ListItem\",\"position\":1,\"name\":\"Portada\",\"item\":\"https:\\\/\\\/itabe.es\\\/ca\\\/\"},{\"@type\":\"ListItem\",\"position\":2,\"name\":\"Serveis\",\"item\":\"https:\\\/\\\/itabe.es\\\/ca\\\/serveis\\\/\"},{\"@type\":\"ListItem\",\"position\":3,\"name\":\"Consultoria de qualitat a Barcelona\"}]},{\"@type\":\"WebSite\",\"@id\":\"https:\\\/\\\/itabe.es\\\/#website\",\"url\":\"https:\\\/\\\/itabe.es\\\/\",\"name\":\"Itabe Laboratorio\",\"description\":\"Laboratorio ambiental, seguridad alimentaria\",\"potentialAction\":[{\"@type\":\"SearchAction\",\"target\":{\"@type\":\"EntryPoint\",\"urlTemplate\":\"https:\\\/\\\/itabe.es\\\/?s={search_term_string}\"},\"query-input\":{\"@type\":\"PropertyValueSpecification\",\"valueRequired\":true,\"valueName\":\"search_term_string\"}}],\"inLanguage\":\"ca\"}]}<\/script>\n<!-- \/ Yoast SEO plugin. -->","yoast_head_json":{"title":"Consultoria de qualitat a Barcelona - Itabe Laboratorio","description":"Consultoria de Qualitat a Barcelona: ISO 9001, ISO 9001, UNE EN 16636, UNE EN 16636.Auditories Internes i implementaci\u00f3 de sistemes de qualitat","robots":{"index":"index","follow":"follow","max-snippet":"max-snippet:-1","max-image-preview":"max-image-preview:large","max-video-preview":"max-video-preview:-1"},"canonical":"https:\/\/itabe.es\/ca\/serveis\/consultoria-de-qualitat-a-barcelona\/","og_locale":"ca_ES","og_type":"article","og_title":"Consultoria de qualitat a Barcelona - Itabe Laboratorio","og_description":"Consultoria de Qualitat a Barcelona: ISO 9001, ISO 9001, UNE EN 16636, UNE EN 16636.Auditories Internes i implementaci\u00f3 de sistemes de qualitat","og_url":"https:\/\/itabe.es\/ca\/serveis\/consultoria-de-qualitat-a-barcelona\/","og_site_name":"Itabe Laboratorio","article_modified_time":"2020-03-03T09:40:13+00:00","twitter_card":"summary_large_image","twitter_misc":{"Temps estimat de lectura":"4 minuts"},"schema":{"@context":"https:\/\/schema.org","@graph":[{"@type":"WebPage","@id":"https:\/\/itabe.es\/ca\/serveis\/consultoria-de-qualitat-a-barcelona\/","url":"https:\/\/itabe.es\/ca\/serveis\/consultoria-de-qualitat-a-barcelona\/","name":"Consultoria de qualitat a Barcelona - Itabe Laboratorio","isPartOf":{"@id":"https:\/\/itabe.es\/#website"},"datePublished":"2020-02-21T09:57:33+00:00","dateModified":"2020-03-03T09:40:13+00:00","description":"Consultoria de Qualitat a Barcelona: ISO 9001, ISO 9001, UNE EN 16636, UNE EN 16636.Auditories Internes i implementaci\u00f3 de sistemes de qualitat","breadcrumb":{"@id":"https:\/\/itabe.es\/ca\/serveis\/consultoria-de-qualitat-a-barcelona\/#breadcrumb"},"inLanguage":"ca","potentialAction":[{"@type":"ReadAction","target":["https:\/\/itabe.es\/ca\/serveis\/consultoria-de-qualitat-a-barcelona\/"]}]},{"@type":"BreadcrumbList","@id":"https:\/\/itabe.es\/ca\/serveis\/consultoria-de-qualitat-a-barcelona\/#breadcrumb","itemListElement":[{"@type":"ListItem","position":1,"name":"Portada","item":"https:\/\/itabe.es\/ca\/"},{"@type":"ListItem","position":2,"name":"Serveis","item":"https:\/\/itabe.es\/ca\/serveis\/"},{"@type":"ListItem","position":3,"name":"Consultoria de qualitat a Barcelona"}]},{"@type":"WebSite","@id":"https:\/\/itabe.es\/#website","url":"https:\/\/itabe.es\/","name":"Itabe Laboratorio","description":"Laboratorio ambiental, seguridad alimentaria","potentialAction":[{"@type":"SearchAction","target":{"@type":"EntryPoint","urlTemplate":"https:\/\/itabe.es\/?s={search_term_string}"},"query-input":{"@type":"PropertyValueSpecification","valueRequired":true,"valueName":"search_term_string"}}],"inLanguage":"ca"}]}},"_links":{"self":[{"href":"https:\/\/itabe.es\/ca\/wp-json\/wp\/v2\/pages\/954","targetHints":{"allow":["GET"]}}],"collection":[{"href":"https:\/\/itabe.es\/ca\/wp-json\/wp\/v2\/pages"}],"about":[{"href":"https:\/\/itabe.es\/ca\/wp-json\/wp\/v2\/types\/page"}],"author":[{"embeddable":true,"href":"https:\/\/itabe.es\/ca\/wp-json\/wp\/v2\/users\/1"}],"replies":[{"embeddable":true,"href":"https:\/\/itabe.es\/ca\/wp-json\/wp\/v2\/comments?post=954"}],"version-history":[{"count":6,"href":"https:\/\/itabe.es\/ca\/wp-json\/wp\/v2\/pages\/954\/revisions"}],"predecessor-version":[{"id":1092,"href":"https:\/\/itabe.es\/ca\/wp-json\/wp\/v2\/pages\/954\/revisions\/1092"}],"up":[{"embeddable":true,"href":"https:\/\/itabe.es\/ca\/wp-json\/wp\/v2\/pages\/964"}],"wp:attachment":[{"href":"https:\/\/itabe.es\/ca\/wp-json\/wp\/v2\/media?parent=954"}],"curies":[{"name":"wp","href":"https:\/\/api.w.org\/{rel}","templated":true}]}}