{"id":951,"date":"2020-02-21T10:55:26","date_gmt":"2020-02-21T09:55:26","guid":{"rendered":"https:\/\/itabe.es\/?page_id=951"},"modified":"2025-09-02T12:51:54","modified_gmt":"2025-09-02T10:51:54","slug":"empresa","status":"publish","type":"page","link":"https:\/\/itabe.es\/ca\/empresa\/","title":{"rendered":"Empresa"},"content":{"rendered":"<div class=\"wpb-content-wrapper\">[vc_row][vc_column][mk_fancy_title strip_tags=&#8221;true&#8221; size=&#8221;40&#8243; force_font_size=&#8221;true&#8221; size_smallscreen=&#8221;40&#8243; size_tablet=&#8221;40&#8243; size_phone=&#8221;20&#8243; margin_bottom=&#8221;0&#8243; font_family=&#8221;none&#8221; align=&#8221;center&#8221;]Laboratori de salut Ambiental i Aliment\u00e0ria. Consultoria de Patologies de la Fusta a Barcelona[\/mk_fancy_title][mk_divider style=&#8221;thin_solid&#8221; divider_width=&#8221;custom_width&#8221; custom_width=&#8221;86&#8243; thickness=&#8221;5&#8243; margin_bottom=&#8221;40&#8243;][vc_row_inner css=&#8221;.vc_custom_1562054237244{margin-left: 0px !important;border-left-width: 0px !important;padding-left: 0px !important;}&#8221;][vc_column_inner width=&#8221;1\/2&#8243;][vc_column_text css=&#8221;.vc_custom_1756371910655{margin-bottom: 0px !important;margin-left: 0px !important;border-left-width: 0px !important;padding-left: 0px !important;}&#8221;]Institut T\u00e8cnic d\u2019An\u00e0lisi Biolo\u00f2gic i Estructural, S.L. (ITABE) es constitueix a l\u2019any 2000 com a empresa de serveis a l\u2019\u00e0mbit de la <strong>consultoria ambiental.<\/strong> Molt particularment, a <strong>l\u2019an\u00e0lisi i diagn\u00f2stic de patologies a estructures de fusta.<\/strong><\/p>\n<p>En aquests primers anys, els estudis exclusius d\u2019invasions de t\u00e8rmits i altres plagues de la fusta li concedeixen el m\u00fascul necesari per a la seva difusi\u00f3.<\/p>\n<p>De perfil rigur\u00f3s i t\u00e8cnic, s\u2019implica amb humiltat en la professionalitzaci\u00f3 del sector de <strong>control de plagues a Barcelona<\/strong>, a partir de la seva visi\u00f3 ordenada i acad\u00e8mica dels procesos i procediments del treball.<\/p>\n<h2>Laboratori de salut ambiental<\/h2>\n<p>L\u2019any 2002 s\u2019inaugura el <strong>laboratori de salut ambiental<\/strong>, aix\u00ed com el <strong>laboratori de salut aliment\u00e0ria<\/strong> com a complement a la seva constant tasca consultora, amb un impuls clar dirigit a tot all\u00f2 relacionat amb la prevenci\u00f3 de la <strong>Legionel\u00b7la<\/strong> a Barcelona i tot tipus d\u2019<strong>an\u00e0lisis d\u2019aig\u00fces a Barcelona<\/strong>.[\/vc_column_text][\/vc_column_inner][vc_column_inner width=&#8221;1\/2&#8243;][mk_image_slideshow images=&#8221;443,448&#8243; image_width=&#8221;550&#8243; image_height=&#8221;400&#8243; slideshow_speed=&#8221;3000&#8243;][\/vc_column_inner][\/vc_row_inner][\/vc_column][\/vc_row][vc_row css=&#8221;.vc_custom_1562054320087{margin-left: 0px !important;}&#8221;][vc_column][vc_column_text css=&#8221;.vc_custom_1756371978854{margin-bottom: 0px !important;}&#8221;]La incorporaci\u00f3 de nous bi\u00f2legs, tecn\u00f2legs i veterinaris li serveix per ampliar el cat\u00e0leg de serveis amb la<strong> Consultoria i Laboratori de seguretat aliment\u00e0ria a Barcelona<\/strong>, aix\u00ed com el control higi\u00e8nic de par\u00e0sits en sorrals d\u2019\u00e0rees de joc.<\/p>\n<p>El departament de Formaci\u00f3 amplia el ventall de serveis d\u2019indole aliment\u00e0ria i ambiental que s\u2019anaven desenvolupant, conferint un embolcall compacte al concepte de consultoria que ja s\u2019albirava als or\u00edgens de l\u2019empresa.<\/p>\n<p>L\u2019any 2008 ITABE rep la <strong>certificaci\u00f3 ISO 9001<\/strong> de part de la prestigiosa entitat T\u00dcV Rheinland com a fruit d\u2019una traject\u00f2ria tranquil\u00b7la per\u00f2 mesurada, responsable i professionalment honesta.[\/vc_column_text][vc_row_inner css=&#8221;.vc_custom_1584525636693{padding-bottom: 30px !important;}&#8221;][vc_column_inner width=&#8221;1\/2&#8243;][mk_button dimension=&#8221;flat&#8221; size=&#8221;medium&#8221; url=&#8221;\/wp-content\/uploads\/2020\/11\/certificado-iso-catalan.pdf&#8221; target=&#8221;_blank&#8221; align=&#8221;center&#8221; margin_bottom=&#8221;0&#8243; btn_hover_bg=&#8221;#0b090a&#8221;]ISO 9001-2015[\/mk_button][\/vc_column_inner][vc_column_inner width=&#8221;1\/2&#8243;][mk_button dimension=&#8221;flat&#8221; size=&#8221;medium&#8221; url=&#8221;\/wp-content\/uploads\/2020\/03\/certificado-registre-laboratoris-salut-ambiental-i-alimentaria.pdf&#8221; target=&#8221;_blank&#8221; align=&#8221;center&#8221; margin_bottom=&#8221;0&#8243; btn_hover_bg=&#8221;#0b090a&#8221;]Certificat de Registre del Laboratori[\/mk_button][\/vc_column_inner][\/vc_row_inner][vc_column_text css=&#8221;.vc_custom_1756372023695{margin-bottom: 0px !important;}&#8221;]Posteriorment, s\u2019hi van afegir els serveis d\u2019<strong>avaluaci\u00f3 de la Qualitat de l\u2019aire interior a Barcelona<\/strong> basats en les normes UNE i RITE, atenent tant particulars com clients professionals.<\/p>\n<p>L\u2019any 2025, i en resposta als recents canvis normatius, ITABE va acreditar compet\u00e8ncia t\u00e8cnica davant l\u2019ENAC per a la seva an\u00e0lisi m\u00e9s demandada: el <strong>recompte i la identificaci\u00f3 de Legionel\u00b7la a Barcelona<\/strong>.<\/p>\n<p>Mirant cap al futur, amb una fulla de ruta que busca preservar la coher\u00e8ncia i la serenitat professional fundacionals, la Direcci\u00f3 i l\u2019equip hum\u00e0 renoven di\u00e0riament el seu comprom\u00eds amb els valors, la il\u00b7lusi\u00f3 i les conviccions de serietat, qualitat i responsabilitat envers clients i col\u00b7laboradors.[\/vc_column_text][mk_button dimension=&#8221;flat&#8221; size=&#8221;medium&#8221; url=&#8221;\/wp-content\/uploads\/2025\/09\/politica-de-calidad-2025.pdf&#8221; target=&#8221;_blank&#8221; align=&#8221;center&#8221; margin_bottom=&#8221;30&#8243; btn_hover_bg=&#8221;#0b090a&#8221;]Pol\u00edtica de qualitat[\/mk_button][\/vc_column][\/vc_row][vc_row fullwidth=&#8221;true&#8221; fullwidth_content=&#8221;false&#8221; css=&#8221;.vc_custom_1561981108392{background-color: #990100 !important;}&#8221;][vc_column][mk_padding_divider size=&#8221;30&#8243;][vc_row_inner][vc_column_inner width=&#8221;2\/3&#8243;][mk_padding_divider size=&#8221;10&#8243;][mk_fancy_title tag_name=&#8221;h3&#8243; color=&#8221;#ffffff&#8221; size=&#8221;26&#8243; font_weight=&#8221;400&#8243; txt_transform=&#8221;none&#8221; font_family=&#8221;Open+Sans&#8221; font_type=&#8221;google&#8221; align=&#8221;center&#8221;]Necessites assessorament? Contacta amb nosaltres[\/mk_fancy_title][\/vc_column_inner][vc_column_inner width=&#8221;1\/3&#8243;][mk_button dimension=&#8221;flat&#8221; size=&#8221;large&#8221; url=&#8221;\/ca\/contacte\/&#8221; margin_right=&#8221;0&#8243; bg_color=&#8221;#ffffff&#8221; btn_hover_bg=&#8221;#ffffff&#8221; text_color=&#8221;dark&#8221; btn_hover_txt_color=&#8221;#0a0a0a&#8221;]CONTACTE[\/mk_button][\/vc_column_inner][\/vc_row_inner][\/vc_column][\/vc_row]\n<\/div>","protected":false},"excerpt":{"rendered":"<p>[vc_row][vc_column][mk_fancy_title strip_tags=&#8221;true&#8221; size=&#8221;40&#8243; force_font_size=&#8221;true&#8221; size_smallscreen=&#8221;40&#8243; size_tablet=&#8221;40&#8243; size_phone=&#8221;20&#8243; margin_bottom=&#8221;0&#8243; font_family=&#8221;none&#8221; align=&#8221;center&#8221;]Laboratori de salut Ambiental i Aliment\u00e0ria. Consultoria de Patologies de la Fusta a Barcelona[\/mk_fancy_title][mk_divider style=&#8221;thin_solid&#8221; divider_width=&#8221;custom_width&#8221; custom_width=&#8221;86&#8243; thickness=&#8221;5&#8243; margin_bottom=&#8221;40&#8243;][vc_row_inner css=&#8221;.vc_custom_1562054237244{margin-left: 0px !important;border-left-width: 0px !important;padding-left: 0px !important;}&#8221;][vc_column_inner width=&#8221;1\/2&#8243;][vc_column_text css=&#8221;.vc_custom_1756371910655{margin-bottom: 0px !important;margin-left: 0px !important;border-left-width: 0px !important;padding-left: 0px !important;}&#8221;]Institut T\u00e8cnic d\u2019An\u00e0lisi Biolo\u00f2gic i Estructural, S.L. (ITABE) es constitueix a [&hellip;]<\/p>\n","protected":false},"author":1,"featured_media":0,"parent":0,"menu_order":0,"comment_status":"closed","ping_status":"closed","template":"","meta":{"footnotes":""},"class_list":["post-951","page","type-page","status-publish","hentry"],"yoast_head":"<!-- This site is optimized with the Yoast SEO plugin v27.4 - https:\/\/yoast.com\/product\/yoast-seo-wordpress\/ -->\n<title>Laboratori de salut Ambiental y Aliment\u00e0ria Barcelona<\/title>\n<meta name=\"description\" content=\"Laboratori de Salut Ambiental i Aliment\u00e0ria a Barcelona: consultoria ambiental, an\u00e0lisi i diagn\u00f2stic de patologies a estructures de fusta.\" \/>\n<meta name=\"robots\" content=\"index, follow, max-snippet:-1, max-image-preview:large, max-video-preview:-1\" \/>\n<link rel=\"canonical\" href=\"https:\/\/itabe.es\/ca\/empresa\/\" \/>\n<meta property=\"og:locale\" content=\"ca_ES\" \/>\n<meta property=\"og:type\" content=\"article\" \/>\n<meta property=\"og:title\" content=\"Laboratori de salut Ambiental y Aliment\u00e0ria Barcelona\" \/>\n<meta property=\"og:description\" content=\"Laboratori de Salut Ambiental i Aliment\u00e0ria a Barcelona: consultoria ambiental, an\u00e0lisi i diagn\u00f2stic de patologies a estructures de fusta.\" \/>\n<meta property=\"og:url\" content=\"https:\/\/itabe.es\/ca\/empresa\/\" \/>\n<meta property=\"og:site_name\" content=\"Itabe Laboratorio\" \/>\n<meta property=\"article:modified_time\" content=\"2025-09-02T10:51:54+00:00\" \/>\n<meta name=\"twitter:card\" content=\"summary_large_image\" \/>\n<meta name=\"twitter:label1\" content=\"Temps estimat de lectura\" \/>\n\t<meta name=\"twitter:data1\" content=\"3 minuts\" \/>\n<script type=\"application\/ld+json\" class=\"yoast-schema-graph\">{\"@context\":\"https:\\\/\\\/schema.org\",\"@graph\":[{\"@type\":\"WebPage\",\"@id\":\"https:\\\/\\\/itabe.es\\\/ca\\\/empresa\\\/\",\"url\":\"https:\\\/\\\/itabe.es\\\/ca\\\/empresa\\\/\",\"name\":\"Laboratori de salut Ambiental y Aliment\u00e0ria Barcelona\",\"isPartOf\":{\"@id\":\"https:\\\/\\\/itabe.es\\\/#website\"},\"datePublished\":\"2020-02-21T09:55:26+00:00\",\"dateModified\":\"2025-09-02T10:51:54+00:00\",\"description\":\"Laboratori de Salut Ambiental i Aliment\u00e0ria a Barcelona: consultoria ambiental, an\u00e0lisi i diagn\u00f2stic de patologies a estructures de fusta.\",\"breadcrumb\":{\"@id\":\"https:\\\/\\\/itabe.es\\\/ca\\\/empresa\\\/#breadcrumb\"},\"inLanguage\":\"ca\",\"potentialAction\":[{\"@type\":\"ReadAction\",\"target\":[\"https:\\\/\\\/itabe.es\\\/ca\\\/empresa\\\/\"]}]},{\"@type\":\"BreadcrumbList\",\"@id\":\"https:\\\/\\\/itabe.es\\\/ca\\\/empresa\\\/#breadcrumb\",\"itemListElement\":[{\"@type\":\"ListItem\",\"position\":1,\"name\":\"Portada\",\"item\":\"https:\\\/\\\/itabe.es\\\/ca\\\/\"},{\"@type\":\"ListItem\",\"position\":2,\"name\":\"Empresa\"}]},{\"@type\":\"WebSite\",\"@id\":\"https:\\\/\\\/itabe.es\\\/#website\",\"url\":\"https:\\\/\\\/itabe.es\\\/\",\"name\":\"Itabe Laboratorio\",\"description\":\"Laboratorio ambiental, seguridad alimentaria\",\"potentialAction\":[{\"@type\":\"SearchAction\",\"target\":{\"@type\":\"EntryPoint\",\"urlTemplate\":\"https:\\\/\\\/itabe.es\\\/?s={search_term_string}\"},\"query-input\":{\"@type\":\"PropertyValueSpecification\",\"valueRequired\":true,\"valueName\":\"search_term_string\"}}],\"inLanguage\":\"ca\"}]}<\/script>\n<!-- \/ Yoast SEO plugin. -->","yoast_head_json":{"title":"Laboratori de salut Ambiental y Aliment\u00e0ria Barcelona","description":"Laboratori de Salut Ambiental i Aliment\u00e0ria a Barcelona: consultoria ambiental, an\u00e0lisi i diagn\u00f2stic de patologies a estructures de fusta.","robots":{"index":"index","follow":"follow","max-snippet":"max-snippet:-1","max-image-preview":"max-image-preview:large","max-video-preview":"max-video-preview:-1"},"canonical":"https:\/\/itabe.es\/ca\/empresa\/","og_locale":"ca_ES","og_type":"article","og_title":"Laboratori de salut Ambiental y Aliment\u00e0ria Barcelona","og_description":"Laboratori de Salut Ambiental i Aliment\u00e0ria a Barcelona: consultoria ambiental, an\u00e0lisi i diagn\u00f2stic de patologies a estructures de fusta.","og_url":"https:\/\/itabe.es\/ca\/empresa\/","og_site_name":"Itabe Laboratorio","article_modified_time":"2025-09-02T10:51:54+00:00","twitter_card":"summary_large_image","twitter_misc":{"Temps estimat de lectura":"3 minuts"},"schema":{"@context":"https:\/\/schema.org","@graph":[{"@type":"WebPage","@id":"https:\/\/itabe.es\/ca\/empresa\/","url":"https:\/\/itabe.es\/ca\/empresa\/","name":"Laboratori de salut Ambiental y Aliment\u00e0ria Barcelona","isPartOf":{"@id":"https:\/\/itabe.es\/#website"},"datePublished":"2020-02-21T09:55:26+00:00","dateModified":"2025-09-02T10:51:54+00:00","description":"Laboratori de Salut Ambiental i Aliment\u00e0ria a Barcelona: consultoria ambiental, an\u00e0lisi i diagn\u00f2stic de patologies a estructures de fusta.","breadcrumb":{"@id":"https:\/\/itabe.es\/ca\/empresa\/#breadcrumb"},"inLanguage":"ca","potentialAction":[{"@type":"ReadAction","target":["https:\/\/itabe.es\/ca\/empresa\/"]}]},{"@type":"BreadcrumbList","@id":"https:\/\/itabe.es\/ca\/empresa\/#breadcrumb","itemListElement":[{"@type":"ListItem","position":1,"name":"Portada","item":"https:\/\/itabe.es\/ca\/"},{"@type":"ListItem","position":2,"name":"Empresa"}]},{"@type":"WebSite","@id":"https:\/\/itabe.es\/#website","url":"https:\/\/itabe.es\/","name":"Itabe Laboratorio","description":"Laboratorio ambiental, seguridad alimentaria","potentialAction":[{"@type":"SearchAction","target":{"@type":"EntryPoint","urlTemplate":"https:\/\/itabe.es\/?s={search_term_string}"},"query-input":{"@type":"PropertyValueSpecification","valueRequired":true,"valueName":"search_term_string"}}],"inLanguage":"ca"}]}},"_links":{"self":[{"href":"https:\/\/itabe.es\/ca\/wp-json\/wp\/v2\/pages\/951","targetHints":{"allow":["GET"]}}],"collection":[{"href":"https:\/\/itabe.es\/ca\/wp-json\/wp\/v2\/pages"}],"about":[{"href":"https:\/\/itabe.es\/ca\/wp-json\/wp\/v2\/types\/page"}],"author":[{"embeddable":true,"href":"https:\/\/itabe.es\/ca\/wp-json\/wp\/v2\/users\/1"}],"replies":[{"embeddable":true,"href":"https:\/\/itabe.es\/ca\/wp-json\/wp\/v2\/comments?post=951"}],"version-history":[{"count":18,"href":"https:\/\/itabe.es\/ca\/wp-json\/wp\/v2\/pages\/951\/revisions"}],"predecessor-version":[{"id":1832,"href":"https:\/\/itabe.es\/ca\/wp-json\/wp\/v2\/pages\/951\/revisions\/1832"}],"wp:attachment":[{"href":"https:\/\/itabe.es\/ca\/wp-json\/wp\/v2\/media?parent=951"}],"curies":[{"name":"wp","href":"https:\/\/api.w.org\/{rel}","templated":true}]}}