{"id":947,"date":"2020-02-21T10:53:45","date_gmt":"2020-02-21T09:53:45","guid":{"rendered":"https:\/\/itabe.es\/?page_id=947"},"modified":"2025-08-28T10:52:12","modified_gmt":"2025-08-28T08:52:12","slug":"inici","status":"publish","type":"page","link":"https:\/\/itabe.es\/ca\/","title":{"rendered":"Inici"},"content":{"rendered":"<div class=\"wpb-content-wrapper\">[vc_row][vc_column css=&#8221;.vc_custom_1448457042673{padding-right: 0px !important;padding-left: 0px !important;}&#8221;][rev_slider_vc alias=&#8221;catalan&#8221;][\/vc_column][\/vc_row][vc_row][vc_column][mk_padding_divider size=&#8221;25&#8243;][\/vc_column][\/vc_row][vc_row css=&#8221;.vc_custom_1448461225155{padding-right: 0px !important;padding-left: 0px !important;}&#8221;][vc_column width=&#8221;1\/3&#8243;][mk_custom_box padding_vertical=&#8221;23&#8243; padding_horizental=&#8221;23&#8243; margin_bottom=&#8221;0&#8243; bg_color=&#8221;#f6f5f6&#8243;][mk_fancy_title tag_name=&#8221;h1&#8243; color=&#8221;#0b090a&#8221; size=&#8221;31&#8243; font_weight=&#8221;300&#8243; letter_spacing=&#8221;1&#8243; margin_bottom=&#8221;0&#8243; font_family=&#8221;none&#8221; align=&#8221;right&#8221;]LABORATORI I CONSULTORIA AMBIENTAL I ALIMENT\u00c0RIA A BARCELONA[\/mk_fancy_title][mk_divider style=&#8221;thin_solid&#8221; divider_width=&#8221;custom_width&#8221; custom_width=&#8221;34&#8243; align=&#8221;right&#8221; thin_single_color=&#8221;#fda600&#8243; thickness=&#8221;4&#8243; margin_top=&#8221;0&#8243;][vc_column_text css=&#8221;.vc_custom_1756369258447{margin-bottom: 0px !important;}&#8221;]Laboratori d\u2019an\u00e0lisi de Legionel\u00b7la i aig\u00fces a Barcelona. Laboratori d\u2019an\u00e0lisi d\u2019aliments i altres mostres ambientals. Registre sanitari i APPCC a Barcelona. Realitzem an\u00e0lisis i assessorament a restaurants i hotels, cuines col\u00b7lectives i ind\u00fastria en Seguretat Aliment\u00e0ria.<\/p>\n<p>Consultoria en Patologies de la Fusta a Barcelona. Avaluem la qualitat de la fusta estructural, les invasions de t\u00e8rmits i realitzem assaigs i estudis t\u00e8cnics de la fusta.<\/p>\n<p>Avaluaci\u00f3 de la qualitat de l\u2019aire interior, estudis i assaigs fisicoqu\u00edmics i microbiol\u00f2gics.[\/vc_column_text][mk_button dimension=&#8221;flat&#8221; size=&#8221;medium&#8221; url=&#8221;\/ca\/contacte\/&#8221; align=&#8221;right&#8221; margin_top=&#8221;10&#8243; margin_bottom=&#8221;0&#8243; btn_hover_bg=&#8221;#0b090a&#8221; btn_hover_txt_color=&#8221;#ffffff&#8221;]CONS\u00daLTA\u2019NS SENSE COMPROM\u00cdS[\/mk_button][\/mk_custom_box][\/vc_column][vc_column width=&#8221;1\/3&#8243;][mk_padding_divider size=&#8221;60&#8243; visibility=&#8221;visible-sm&#8221;][mk_image src=&#8221;https:\/\/itabe.es\/wp-content\/uploads\/2019\/12\/consultoria-alimentaria-barcelona.jpg&#8221; image_size=&#8221;full&#8221; link=&#8221;https:\/\/itabe.es\/ca\/serveis\/seguretat-alimentaria\/&#8221; align=&#8221;center&#8221; crop=&#8221;false&#8221;][mk_fancy_title color=&#8221;#0b090a&#8221; size=&#8221;21&#8243; font_weight=&#8221;bold&#8221; margin_top=&#8221;13&#8243; margin_bottom=&#8221;0&#8243; font_family=&#8221;none&#8221;]Seguretat Aliment\u00e0ria. APPCC a Barcelona.[\/mk_fancy_title][vc_column_text css=&#8221;.vc_custom_1756369290363{margin-bottom: 0px !important;}&#8221;]Consultoria especialitzada en l\u2019aplicaci\u00f3 del sistema APPCC a Barcelona. Desenvolupament de la documentaci\u00f3 que garanteixi la seva correcta implementaci\u00f3 i control higi\u00e8nic a les cuines.<\/p>\n<p>Assessoria i auditories de seguiment per garantir la seguretat aliment\u00e0ria. Verificaci\u00f3 a trav\u00e9s d\u2019an\u00e0lisis d\u2019aliments i superf\u00edcies, en laboratori propi.[\/vc_column_text][mk_button dimension=&#8221;flat&#8221; size=&#8221;medium&#8221; url=&#8221;https:\/\/itabe.es\/ca\/serveis\/seguretat-alimentaria\/&#8221; align=&#8221;center&#8221; margin_bottom=&#8221;0&#8243; btn_hover_bg=&#8221;#0b090a&#8221; btn_hover_txt_color=&#8221;#ffffff&#8221;]SEGURETAT ALIMENT\u00c0RIA[\/mk_button][\/vc_column][vc_column width=&#8221;1\/3&#8243;][mk_padding_divider size=&#8221;60&#8243; visibility=&#8221;visible-sm&#8221;][mk_image src=&#8221;https:\/\/itabe.es\/wp-content\/uploads\/2019\/06\/laboratorio-barcelona.jpg&#8221; image_size=&#8221;full&#8221; link=&#8221;https:\/\/itabe.es\/ca\/serveis\/laboratori-ambiental-y-alimentari\/&#8221; align=&#8221;center&#8221; crop=&#8221;false&#8221;][mk_fancy_title color=&#8221;#0b090a&#8221; size=&#8221;21&#8243; font_weight=&#8221;bold&#8221; margin_top=&#8221;13&#8243; margin_bottom=&#8221;0&#8243; font_family=&#8221;none&#8221;]Laboratori a Barcelona: Aigua, ambient i aliments[\/mk_fancy_title][vc_column_text css=&#8221;.vc_custom_1756369322411{margin-bottom: 0px !important;}&#8221;]Laboratori d\u2019an\u00e0lisi d\u2019aig\u00fces a Barcelona: aig\u00fces de consum, recreatives i Legionel\u00b7la.<\/p>\n<p>Laboratori d\u2019an\u00e0lisi d\u2019aliments i higiene en les pr\u00e0ctiques de manipuladors.<\/p>\n<p>An\u00e0lisi de par\u00e0sits en parcs i sorrals infantils.[\/vc_column_text][mk_button dimension=&#8221;flat&#8221; size=&#8221;medium&#8221; url=&#8221;https:\/\/itabe.es\/ca\/serveis\/laboratori-ambiental-y-alimentari\/&#8221; align=&#8221;center&#8221; margin_bottom=&#8221;0&#8243; btn_hover_bg=&#8221;#0b090a&#8221; btn_hover_txt_color=&#8221;#ffffff&#8221;]LABORATORI[\/mk_button][\/vc_column][\/vc_row][vc_row css=&#8221;.vc_custom_1564656639973{padding-top: 30px !important;padding-right: 0px !important;padding-left: 0px !important;}&#8221;][vc_column width=&#8221;1\/3&#8243;][mk_image src=&#8221;https:\/\/itabe.es\/wp-content\/uploads\/2019\/06\/laboratorio-barcelona.png&#8221; image_size=&#8221;full&#8221; link=&#8221;#&#8221; align=&#8221;center&#8221; crop=&#8221;false&#8221;][\/vc_column][vc_column width=&#8221;1\/3&#8243;][mk_padding_divider size=&#8221;60&#8243; visibility=&#8221;visible-sm&#8221;][mk_image src=&#8221;https:\/\/itabe.es\/wp-content\/uploads\/2019\/06\/tratamientos-madera-termitas-barcelona.jpg&#8221; image_size=&#8221;full&#8221; link=&#8221;https:\/\/itabe.es\/ca\/serveis\/patologies-de-la-fusta\/&#8221; align=&#8221;center&#8221; crop=&#8221;false&#8221;][mk_fancy_title color=&#8221;#0b090a&#8221; size=&#8221;21&#8243; font_weight=&#8221;bold&#8221; margin_top=&#8221;13&#8243; margin_bottom=&#8221;0&#8243; font_family=&#8221;none&#8221;]Evaluaci\u00f3 de Patologies de la Fusta a Barcelona[\/mk_fancy_title][vc_column_text css=&#8221;.vc_custom_1756369345567{margin-bottom: 0px !important;}&#8221;]Consultoria especialitzada a identificar i avaluar la magnitud dels danys provocats per insectes i altres agents destructors de la fusta. An\u00e0lisis i estudis t\u00e8cnics amb els quals determinar p\u00e8rdues de secci\u00f3 cr\u00edtiques, recomanacions de refor\u00e7, abast de la invasi\u00f3 de t\u00e8rmits i propostes de tractament.[\/vc_column_text][mk_button dimension=&#8221;flat&#8221; size=&#8221;medium&#8221; url=&#8221;https:\/\/itabe.es\/ca\/serveis\/patologies-de-la-fusta\/&#8221; align=&#8221;center&#8221; margin_bottom=&#8221;0&#8243; btn_hover_bg=&#8221;#0b090a&#8221; btn_hover_txt_color=&#8221;#ffffff&#8221;]PATOLOGIES DE LA FUSTA[\/mk_button][\/vc_column][vc_column width=&#8221;1\/3&#8243;][mk_padding_divider size=&#8221;60&#8243; visibility=&#8221;visible-sm&#8221;][mk_image src=&#8221;https:\/\/itabe.es\/wp-content\/uploads\/2025\/08\/extraccion-humos.jpg&#8221; image_size=&#8221;full&#8221; link=&#8221;https:\/\/itabe.es\/ca\/serveis\/consultoria-de-qualitat-a-barcelona\/&#8221; align=&#8221;center&#8221; crop=&#8221;false&#8221;][mk_fancy_title color=&#8221;#0b090a&#8221; size=&#8221;21&#8243; font_weight=&#8221;bold&#8221; margin_top=&#8221;13&#8243; margin_bottom=&#8221;0&#8243; font_family=&#8221;none&#8221;]Estudis de Qualitat de l\u2019aire interior[\/mk_fancy_title][vc_column_text css=&#8221;.vc_custom_1756369392059{margin-bottom: 0px !important;}&#8221;]Servei d\u2019avaluaci\u00f3 i an\u00e0lisi de la qualitat de l\u2019aire interior en espais tancats. Monitoritzaci\u00f3 de par\u00e0metres ambientals i contaminaci\u00f3 microbiol\u00f2gica per garantir ambients saludables. Inspecci\u00f3 i control higi\u00e8nic de sistemes de climatitzaci\u00f3 i ventilaci\u00f3, amb la finalitat de prevenir riscos per a la salut derivats de la contaminaci\u00f3 de l\u2019aire interior.[\/vc_column_text][mk_button dimension=&#8221;flat&#8221; size=&#8221;medium&#8221; url=&#8221;#&#8221; align=&#8221;center&#8221; margin_bottom=&#8221;0&#8243; btn_hover_bg=&#8221;#0b090a&#8221; btn_hover_txt_color=&#8221;#ffffff&#8221;]QUALITAT DE L&#8217;AIRE[\/mk_button][\/vc_column][\/vc_row][vc_row][vc_column][vc_separator css=&#8221;.vc_custom_1562677244996{padding-top: 30px !important;padding-bottom: 30px !important;}&#8221;][vc_column_text css=&#8221;.vc_custom_1755084806544{margin-bottom: 0px !important;}&#8221;]\n<h3>Laboratori a Barcelona<\/h3>\n[\/vc_column_text][\/vc_column][\/vc_row][vc_row][vc_column width=&#8221;1\/2&#8243;][vc_column_text css=&#8221;.vc_custom_1756369982814{margin-bottom: 0px !important;}&#8221;]Duem a terme an\u00e0lisis fisicoqu\u00edmiques i microbiol\u00f2giques d\u2019aig\u00fces de diferent proced\u00e8ncia: potables, fonts naturals, pous, piscines, jacuzzis, circuits d\u2019aigua sanit\u00e0ria, etc.<\/p>\n<p>Destacem el nostre servei d\u2019anal\u00edtiques de Legionel\u00b7la, tant en aigua sanit\u00e0ria com en circuits de reg i fonts ornamentals, jacuzzis, vehicles de neteja, etc., on anticipem en poc temps els seus resultats.<\/p>\n<p>Pel que fa als serveis d\u2019anal\u00edtiques relacionats amb el sector de l\u2019alimentaci\u00f3, avaluem la qualitat microbiol\u00f2gica d\u2019aliments elaborats i mat\u00e8ries primeres, la higiene de superf\u00edcies, estris i equips, aix\u00ed com la pres\u00e8ncia de pat\u00f2gens en personal manipulador.<\/p>\n<p>Oferim tota una s\u00e8rie d\u2019an\u00e0lisis relacionats amb l\u2019\u00e0mbit ambiental, destacant el control higi\u00e8nic de sorrals infantils mitjan\u00e7ant el recompte de microorganismes indicadors de contaminaci\u00f3 fecal i l\u2019observaci\u00f3 de par\u00e0sits d\u2019origen animal.<\/p>\n<p>En els estudis de qualitat de l\u2019aire interior determinem tant la c\u00e0rrega de microorganismes com aquells contaminants qu\u00edmics que superin el seu valor l\u00edmit admissible.[\/vc_column_text][mk_button dimension=&#8221;flat&#8221; size=&#8221;medium&#8221; url=&#8221;https:\/\/itabe.es\/ca\/serveis\/laboratori-ambiental-y-alimentari\/&#8221; align=&#8221;center&#8221; margin_bottom=&#8221;0&#8243; btn_hover_bg=&#8221;#0b090a&#8221; btn_hover_txt_color=&#8221;#ffffff&#8221;]LABORATORI D\u2019AIGUA[\/mk_button][\/vc_column][vc_column width=&#8221;1\/2&#8243;][vc_single_image image=&#8221;823&#8243; img_size=&#8221;full&#8221; onclick=&#8221;custom_link&#8221; link=&#8221;https:\/\/itabe.es\/ca\/serveis\/laboratori-ambiental-y-alimentari\/&#8221;][\/vc_column][\/vc_row][vc_row][vc_column][vc_separator css=&#8221;.vc_custom_1562677244996{padding-top: 30px !important;padding-bottom: 30px !important;}&#8221;][vc_column_text align=&#8221;right&#8221; css=&#8221;.vc_custom_1755084850162{margin-bottom: 0px !important;}&#8221;]\n<h3>APPCC a Barcelona<\/h3>\n[\/vc_column_text][\/vc_column][\/vc_row][vc_row][vc_column width=&#8221;1\/2&#8243;][vc_single_image image=&#8221;787&#8243; img_size=&#8221;full&#8221; onclick=&#8221;custom_link&#8221; link=&#8221;https:\/\/itabe.es\/ca\/serveis\/seguretat-alimentaria\/consultoria-alimentaria-a-barcelona\/&#8221;][\/vc_column][vc_column width=&#8221;1\/2&#8243;][vc_column_text css=&#8221;.vc_custom_1756370026287{margin-bottom: 0px !important;}&#8221;]Controlem cada baula de la cadena aliment\u00e0ria assessorant i avaluant els riscos de cada proc\u00e9s per assegurar-nos que no hi hagi productes que continguin amenaces per al consumidor.<\/p>\n<p>A m\u00e9s, i gr\u00e0cies a la nostra \u00e0mplia experi\u00e8ncia en el sector de la seguretat aliment\u00e0ria, oferim el curs de Manipulador d\u2019Aliments, tant presencial com a dist\u00e0ncia.<\/p>\n<p>Duem a terme serveis dirigits a l\u2019obtenci\u00f3 del RSIPAC i auditories d\u2019implantaci\u00f3, verificaci\u00f3 i seguiment de l\u2019APPCC tant en la ind\u00fastria aliment\u00e0ria com en col\u00b7lectivitats i restauraci\u00f3.[\/vc_column_text][mk_button dimension=&#8221;flat&#8221; size=&#8221;medium&#8221; url=&#8221;https:\/\/itabe.es\/ca\/serveis\/seguretat-alimentaria\/consultoria-alimentaria-a-barcelona\/&#8221; align=&#8221;center&#8221; margin_bottom=&#8221;0&#8243; btn_hover_bg=&#8221;#0b090a&#8221; btn_hover_txt_color=&#8221;#ffffff&#8221;]APPCC BARCELONA[\/mk_button][\/vc_column][\/vc_row][vc_row][vc_column][vc_separator css=&#8221;.vc_custom_1562677244996{padding-top: 30px !important;padding-bottom: 30px !important;}&#8221;][vc_column_text css=&#8221;.vc_custom_1755084860056{margin-bottom: 0px !important;}&#8221;]\n<h3>Patologies de la Fusta a Barcelona<\/h3>\n[\/vc_column_text][\/vc_column][\/vc_row][vc_row][vc_column width=&#8221;1\/2&#8243;][vc_column_text css=&#8221;.vc_custom_1756370059308{margin-bottom: 0px !important;}&#8221;]Consultors especialitzats en l\u2019avaluaci\u00f3 de la qualitat i la conservaci\u00f3 de les bigues i elements de fusta d\u2019habitatges i edificis.<\/p>\n<p>Treballem en col\u00b7laboraci\u00f3 amb arquitectes, empreses constructores, administradors de finques, particulars i empreses, per dictaminar els danys causats i les invasions provocades per agents destructors de la fusta: fongs de podridura, corcs, cer\u00e0mbicids i amb especial menci\u00f3 a les diferents esp\u00e8cies de t\u00e8rmits.<\/p>\n<p>Aquesta plaga accedeix als elements de fusta a trav\u00e9s de forjats i parets arribant a provocar veritables problemes estructurals.<\/p>\n<p>La nostra equipaci\u00f3 espec\u00edfica permet la seva detecci\u00f3 preco\u00e7, base per a un correcte programa de control.<\/p>\n<p>Els dict\u00e0mens es concreten en informes complets amb el detall d\u2019incid\u00e8ncies, l\u2019origen causal, les p\u00e8rdues de secci\u00f3 m\u00e9s notables, les hip\u00f2tesis de colonitzaci\u00f3 i les propostes correctives m\u00e9s adients segons el nivell d\u2019infestaci\u00f3, el grau d\u2019activitat i la naturalesa de la patologia.[\/vc_column_text][mk_button dimension=&#8221;flat&#8221; size=&#8221;medium&#8221; url=&#8221;https:\/\/itabe.es\/ca\/serveis\/patologies-de-la-fusta\/&#8221; align=&#8221;center&#8221; margin_bottom=&#8221;0&#8243; btn_hover_bg=&#8221;#0b090a&#8221; btn_hover_txt_color=&#8221;#ffffff&#8221;]PATOLOGIES FUSTA BARCELONA[\/mk_button][\/vc_column][vc_column width=&#8221;1\/2&#8243;][vc_single_image image=&#8221;524&#8243; img_size=&#8221;full&#8221; onclick=&#8221;custom_link&#8221; link=&#8221;https:\/\/itabe.es\/ca\/serveis\/patologies-de-la-fusta\/&#8221;][\/vc_column][\/vc_row][vc_row][vc_column][vc_separator css=&#8221;.vc_custom_1562677244996{padding-top: 30px !important;padding-bottom: 30px !important;}&#8221;][vc_column_text css=&#8221;.vc_custom_1756370162679{margin-bottom: 0px !important;}&#8221;]\n<h3>Qualitat de l\u2019aire interior a Barcelona<\/h3>\n[\/vc_column_text][\/vc_column][\/vc_row][vc_row][vc_column width=&#8221;1\/2&#8243;][vc_single_image image=&#8221;1808&#8243; img_size=&#8221;full&#8221; onclick=&#8221;custom_link&#8221; css=&#8221;&#8221; link=&#8221;https:\/\/itabe.es\/ca\/serveis\/seguretat-alimentaria\/consultoria-alimentaria-a-barcelona\/&#8221;][\/vc_column][vc_column width=&#8221;1\/2&#8243;][vc_column_text css=&#8221;.vc_custom_1756370173662{margin-bottom: 0px !important;}&#8221;]Consultoria i laboratori especialitzat en l\u2019avaluaci\u00f3 i control de la qualitat de l\u2019aire interior, seguint la norma UNE 171330 i el RITE. Realitzem inspeccions i an\u00e0lisis fisicoqu\u00edmics i microbiol\u00f2gics per a la detecci\u00f3 de contaminants com part\u00edcules, gasos nocius, bacteris i fongs, que poden afectar la salut i el benestar dels usuaris.<\/p>\n<p>El nostre servei abasta la mesura de par\u00e0metres clau obligatoris, incloent-hi temperatura, humitat relativa, di\u00f2xid de carboni, mon\u00f2xid de carboni, part\u00edcules en suspensi\u00f3, compostos org\u00e0nics vol\u00e0tils i c\u00e0rrega microbiol\u00f2gica en aire. Addicionalment, avaluem contaminants complementaris segons les necessitats espec\u00edfiques i el risc identificat.<\/p>\n<p>S\u2019inspeccionen i analitzen sistemes de climatitzaci\u00f3, ventilaci\u00f3 i renovaci\u00f3 de l\u2019aire per garantir-ne l\u2019efici\u00e8ncia i la higiene, prevenint la pres\u00e8ncia de biofilm, floridures i altres fonts de contaminaci\u00f3. Proporcionem informes detallats amb recomanacions t\u00e8cniques per implementar accions correctives i plans de manteniment que assegurin ambients saludables i conformes amb la legislaci\u00f3 vigent.<\/p>\n<p>Els nostres estudis s\u2019apliquen a edificis residencials, oficines, centres educatius, sanitaris, industrials i espais p\u00fablics, contribuint a la prevenci\u00f3 de malalties respirat\u00f2ries i a la millora del confort ambiental, en compliment de la legislaci\u00f3 ambiental i sanit\u00e0ria.[\/vc_column_text][mk_button dimension=&#8221;flat&#8221; size=&#8221;medium&#8221; align=&#8221;center&#8221; margin_bottom=&#8221;0&#8243; btn_hover_bg=&#8221;#0b090a&#8221; btn_hover_txt_color=&#8221;#ffffff&#8221;]QUALITAT DE L&#8217;AIRE[\/mk_button][\/vc_column][\/vc_row][vc_row disable_element=&#8221;yes&#8221; css=&#8221;.vc_custom_1576657739505{border-bottom-width: 0px !important;padding-bottom: 60px !important;}&#8221;][vc_column][mk_fancy_title color=&#8221;#433d60&#8243; size=&#8221;31&#8243; font_weight=&#8221;300&#8243; letter_spacing=&#8221;1&#8243; margin_bottom=&#8221;0&#8243; font_family=&#8221;none&#8221; align=&#8221;center&#8221;]NUESTROS CLIENTES[\/mk_fancy_title][mk_divider style=&#8221;thin_solid&#8221; divider_width=&#8221;custom_width&#8221; custom_width=&#8221;34&#8243; thin_single_color=&#8221;#fda600&#8243; thickness=&#8221;4&#8243; margin_top=&#8221;0&#8243;][mk_clients count=&#8221;8&#8243; height=&#8221;70&#8243;][\/vc_column][\/vc_row][vc_row][vc_column][mk_padding_divider size=&#8221;60&#8243;][\/vc_column][\/vc_row]\n<\/div>","protected":false},"excerpt":{"rendered":"<p>[vc_row][vc_column css=&#8221;.vc_custom_1448457042673{padding-right: 0px !important;padding-left: 0px !important;}&#8221;][rev_slider_vc alias=&#8221;catalan&#8221;][\/vc_column][\/vc_row][vc_row][vc_column][mk_padding_divider size=&#8221;25&#8243;][\/vc_column][\/vc_row][vc_row css=&#8221;.vc_custom_1448461225155{padding-right: 0px !important;padding-left: 0px !important;}&#8221;][vc_column width=&#8221;1\/3&#8243;][mk_custom_box padding_vertical=&#8221;23&#8243; padding_horizental=&#8221;23&#8243; margin_bottom=&#8221;0&#8243; bg_color=&#8221;#f6f5f6&#8243;][mk_fancy_title tag_name=&#8221;h1&#8243; color=&#8221;#0b090a&#8221; size=&#8221;31&#8243; font_weight=&#8221;300&#8243; letter_spacing=&#8221;1&#8243; margin_bottom=&#8221;0&#8243; font_family=&#8221;none&#8221; align=&#8221;right&#8221;]LABORATORI I CONSULTORIA AMBIENTAL I ALIMENT\u00c0RIA A BARCELONA[\/mk_fancy_title][mk_divider style=&#8221;thin_solid&#8221; divider_width=&#8221;custom_width&#8221; custom_width=&#8221;34&#8243; align=&#8221;right&#8221; thin_single_color=&#8221;#fda600&#8243; thickness=&#8221;4&#8243; margin_top=&#8221;0&#8243;][vc_column_text css=&#8221;.vc_custom_1756369258447{margin-bottom: 0px !important;}&#8221;]Laboratori d\u2019an\u00e0lisi de Legionel\u00b7la i aig\u00fces a Barcelona. Laboratori d\u2019an\u00e0lisi d\u2019aliments i altres [&hellip;]<\/p>\n","protected":false},"author":1,"featured_media":0,"parent":0,"menu_order":0,"comment_status":"closed","ping_status":"closed","template":"","meta":{"footnotes":""},"class_list":["post-947","page","type-page","status-publish","hentry"],"yoast_head":"<!-- This site is optimized with the Yoast SEO plugin v27.5 - https:\/\/yoast.com\/product\/yoast-seo-wordpress\/ -->\n<title>Laboratori a Barcelona: Alimentaci\u00f3 i Ambiental. ISO 9001<\/title>\n<meta name=\"description\" content=\"Laboratori a Barcelona. APPCC a Barcelona, An\u00e0lisis d\u2019aig\u00fces, Estudis T\u00e8cnics de la Fusta, i Implantaci\u00f3 de Normes de Qualitat (ISO 9001\u2026)\" \/>\n<meta name=\"robots\" content=\"index, follow, max-snippet:-1, max-image-preview:large, max-video-preview:-1\" \/>\n<link rel=\"canonical\" href=\"https:\/\/itabe.es\/ca\/\" \/>\n<meta property=\"og:locale\" content=\"ca_ES\" \/>\n<meta property=\"og:type\" content=\"article\" \/>\n<meta property=\"og:title\" content=\"Laboratori a Barcelona: Alimentaci\u00f3 i Ambiental. ISO 9001\" \/>\n<meta property=\"og:description\" content=\"Laboratori a Barcelona. APPCC a Barcelona, An\u00e0lisis d\u2019aig\u00fces, Estudis T\u00e8cnics de la Fusta, i Implantaci\u00f3 de Normes de Qualitat (ISO 9001\u2026)\" \/>\n<meta property=\"og:url\" content=\"https:\/\/itabe.es\/ca\/\" \/>\n<meta property=\"og:site_name\" content=\"Itabe Laboratorio\" \/>\n<meta property=\"article:modified_time\" content=\"2025-08-28T08:52:12+00:00\" \/>\n<meta name=\"twitter:card\" content=\"summary_large_image\" \/>\n<meta name=\"twitter:label1\" content=\"Temps estimat de lectura\" \/>\n\t<meta name=\"twitter:data1\" content=\"5 minuts\" \/>\n<script type=\"application\/ld+json\" class=\"yoast-schema-graph\">{\"@context\":\"https:\\\/\\\/schema.org\",\"@graph\":[{\"@type\":\"WebPage\",\"@id\":\"https:\\\/\\\/itabe.es\\\/ca\\\/\",\"url\":\"https:\\\/\\\/itabe.es\\\/ca\\\/\",\"name\":\"Laboratori a Barcelona: Alimentaci\u00f3 i Ambiental. ISO 9001\",\"isPartOf\":{\"@id\":\"https:\\\/\\\/itabe.es\\\/#website\"},\"datePublished\":\"2020-02-21T09:53:45+00:00\",\"dateModified\":\"2025-08-28T08:52:12+00:00\",\"description\":\"Laboratori a Barcelona. APPCC a Barcelona, An\u00e0lisis d\u2019aig\u00fces, Estudis T\u00e8cnics de la Fusta, i Implantaci\u00f3 de Normes de Qualitat (ISO 9001\u2026)\",\"breadcrumb\":{\"@id\":\"https:\\\/\\\/itabe.es\\\/ca\\\/#breadcrumb\"},\"inLanguage\":\"ca\",\"potentialAction\":[{\"@type\":\"ReadAction\",\"target\":[\"https:\\\/\\\/itabe.es\\\/ca\\\/\"]}]},{\"@type\":\"BreadcrumbList\",\"@id\":\"https:\\\/\\\/itabe.es\\\/ca\\\/#breadcrumb\",\"itemListElement\":[{\"@type\":\"ListItem\",\"position\":1,\"name\":\"Portada\",\"item\":\"https:\\\/\\\/itabe.es\\\/ca\\\/\"},{\"@type\":\"ListItem\",\"position\":2,\"name\":\"Inici\"}]},{\"@type\":\"WebSite\",\"@id\":\"https:\\\/\\\/itabe.es\\\/#website\",\"url\":\"https:\\\/\\\/itabe.es\\\/\",\"name\":\"Itabe Laboratorio\",\"description\":\"Laboratorio ambiental, seguridad alimentaria\",\"potentialAction\":[{\"@type\":\"SearchAction\",\"target\":{\"@type\":\"EntryPoint\",\"urlTemplate\":\"https:\\\/\\\/itabe.es\\\/?s={search_term_string}\"},\"query-input\":{\"@type\":\"PropertyValueSpecification\",\"valueRequired\":true,\"valueName\":\"search_term_string\"}}],\"inLanguage\":\"ca\"}]}<\/script>\n<!-- \/ Yoast SEO plugin. -->","yoast_head_json":{"title":"Laboratori a Barcelona: Alimentaci\u00f3 i Ambiental. ISO 9001","description":"Laboratori a Barcelona. APPCC a Barcelona, An\u00e0lisis d\u2019aig\u00fces, Estudis T\u00e8cnics de la Fusta, i Implantaci\u00f3 de Normes de Qualitat (ISO 9001\u2026)","robots":{"index":"index","follow":"follow","max-snippet":"max-snippet:-1","max-image-preview":"max-image-preview:large","max-video-preview":"max-video-preview:-1"},"canonical":"https:\/\/itabe.es\/ca\/","og_locale":"ca_ES","og_type":"article","og_title":"Laboratori a Barcelona: Alimentaci\u00f3 i Ambiental. ISO 9001","og_description":"Laboratori a Barcelona. APPCC a Barcelona, An\u00e0lisis d\u2019aig\u00fces, Estudis T\u00e8cnics de la Fusta, i Implantaci\u00f3 de Normes de Qualitat (ISO 9001\u2026)","og_url":"https:\/\/itabe.es\/ca\/","og_site_name":"Itabe Laboratorio","article_modified_time":"2025-08-28T08:52:12+00:00","twitter_card":"summary_large_image","twitter_misc":{"Temps estimat de lectura":"5 minuts"},"schema":{"@context":"https:\/\/schema.org","@graph":[{"@type":"WebPage","@id":"https:\/\/itabe.es\/ca\/","url":"https:\/\/itabe.es\/ca\/","name":"Laboratori a Barcelona: Alimentaci\u00f3 i Ambiental. ISO 9001","isPartOf":{"@id":"https:\/\/itabe.es\/#website"},"datePublished":"2020-02-21T09:53:45+00:00","dateModified":"2025-08-28T08:52:12+00:00","description":"Laboratori a Barcelona. APPCC a Barcelona, An\u00e0lisis d\u2019aig\u00fces, Estudis T\u00e8cnics de la Fusta, i Implantaci\u00f3 de Normes de Qualitat (ISO 9001\u2026)","breadcrumb":{"@id":"https:\/\/itabe.es\/ca\/#breadcrumb"},"inLanguage":"ca","potentialAction":[{"@type":"ReadAction","target":["https:\/\/itabe.es\/ca\/"]}]},{"@type":"BreadcrumbList","@id":"https:\/\/itabe.es\/ca\/#breadcrumb","itemListElement":[{"@type":"ListItem","position":1,"name":"Portada","item":"https:\/\/itabe.es\/ca\/"},{"@type":"ListItem","position":2,"name":"Inici"}]},{"@type":"WebSite","@id":"https:\/\/itabe.es\/#website","url":"https:\/\/itabe.es\/","name":"Itabe Laboratorio","description":"Laboratorio ambiental, seguridad alimentaria","potentialAction":[{"@type":"SearchAction","target":{"@type":"EntryPoint","urlTemplate":"https:\/\/itabe.es\/?s={search_term_string}"},"query-input":{"@type":"PropertyValueSpecification","valueRequired":true,"valueName":"search_term_string"}}],"inLanguage":"ca"}]}},"_links":{"self":[{"href":"https:\/\/itabe.es\/ca\/wp-json\/wp\/v2\/pages\/947","targetHints":{"allow":["GET"]}}],"collection":[{"href":"https:\/\/itabe.es\/ca\/wp-json\/wp\/v2\/pages"}],"about":[{"href":"https:\/\/itabe.es\/ca\/wp-json\/wp\/v2\/types\/page"}],"author":[{"embeddable":true,"href":"https:\/\/itabe.es\/ca\/wp-json\/wp\/v2\/users\/1"}],"replies":[{"embeddable":true,"href":"https:\/\/itabe.es\/ca\/wp-json\/wp\/v2\/comments?post=947"}],"version-history":[{"count":15,"href":"https:\/\/itabe.es\/ca\/wp-json\/wp\/v2\/pages\/947\/revisions"}],"predecessor-version":[{"id":1817,"href":"https:\/\/itabe.es\/ca\/wp-json\/wp\/v2\/pages\/947\/revisions\/1817"}],"wp:attachment":[{"href":"https:\/\/itabe.es\/ca\/wp-json\/wp\/v2\/media?parent=947"}],"curies":[{"name":"wp","href":"https:\/\/api.w.org\/{rel}","templated":true}]}}